{"id":2259,"date":"2024-05-10T09:39:00","date_gmt":"2024-05-10T14:39:00","guid":{"rendered":"https:\/\/eneaudio.edu.co\/?page_id=2259"},"modified":"2026-03-25T15:10:06","modified_gmt":"2026-03-25T20:10:06","slug":"estudiantes-activos-instituto-ene-audio","status":"publish","type":"page","link":"https:\/\/eneaudio.edu.co\/indexphp\/estudiantes-activos-instituto-ene-audio\/","title":{"rendered":"Estudiantes Activos"},"content":{"rendered":"<p>[et_pb_section fb_built=\u00bb1&#8243; _builder_version=\u00bb4.25.0&#8243; _module_preset=\u00bbdefault\u00bb min_height=\u00bb2922.1px\u00bb global_colors_info=\u00bb{}\u00bb][et_pb_row _builder_version=\u00bb4.25.0&#8243; _module_preset=\u00bbdefault\u00bb min_height=\u00bb2475.1px\u00bb global_colors_info=\u00bb{}\u00bb][et_pb_column type=\u00bb4_4&#8243; _builder_version=\u00bb4.25.0&#8243; _module_preset=\u00bbdefault\u00bb global_colors_info=\u00bb{}\u00bb][et_pb_text _builder_version=\u00bb4.27.2&#8243; _module_preset=\u00bbdefault\u00bb text_text_color=\u00bb#000000&#8243; header_text_color=\u00bb#C70000&#8243; global_colors_info=\u00bb{}\u00bb]<\/p>\n<h1>Estudiantes Activos<\/h1>\n<p><span>A continuaci\u00f3n se encuentra la lista oficial de estudiantes activos del Semestre &#8211; I de 2026 en ENE Audio. Esta informaci\u00f3n est\u00e1 destinada a la verificaci\u00f3n de la condici\u00f3n de estudiante activo. <\/span><\/p>\n<p>[\/et_pb_text][et_pb_code _builder_version=\u00bb4.27.2&#8243; _module_preset=\u00bbdefault\u00bb global_colors_info=\u00bb{}\u00bb]<!DOCTYPE html><!-- [et_pb_line_break_holder] --><html lang=\"es\"><!-- [et_pb_line_break_holder] --><head><!-- [et_pb_line_break_holder] -->    <meta charset=\"UTF-8\"><!-- [et_pb_line_break_holder] -->    <meta name=\"viewport\" content=\"width=device-width, initial-scale=1.0\"><!-- [et_pb_line_break_holder] -->    <title>Lista de Estudiantes<\/title><!-- [et_pb_line_break_holder] -->    <\/p>\n<style><!-- [et_pb_line_break_holder] -->        body {<!-- [et_pb_line_break_holder] -->            font-family: Arial, sans-serif;<!-- [et_pb_line_break_holder] -->        }<!-- [et_pb_line_break_holder] -->        #searchInput {<!-- [et_pb_line_break_holder] -->            width: 100%;<!-- [et_pb_line_break_holder] -->            padding: 10px;<!-- [et_pb_line_break_holder] -->            margin-bottom: 10px;<!-- [et_pb_line_break_holder] -->            border: 1px solid #ccc;<!-- [et_pb_line_break_holder] -->            border-radius: 5px;<!-- [et_pb_line_break_holder] -->            font-size: 16px;<!-- [et_pb_line_break_holder] -->        }<!-- [et_pb_line_break_holder] -->        table {<!-- [et_pb_line_break_holder] -->            width: 100%;<!-- [et_pb_line_break_holder] -->            border-collapse: collapse;<!-- [et_pb_line_break_holder] -->        }<!-- [et_pb_line_break_holder] -->        th, td {<!-- [et_pb_line_break_holder] -->            padding: 10px;<!-- [et_pb_line_break_holder] -->            border-bottom: 1px solid #ddd;<!-- [et_pb_line_break_holder] -->            text-align: left;<!-- [et_pb_line_break_holder] -->        }<!-- [et_pb_line_break_holder] -->        th {<!-- [et_pb_line_break_holder] -->            background-color: #f4f4f4;<!-- [et_pb_line_break_holder] -->        }<!-- [et_pb_line_break_holder] -->    <\/style>\n<p><!-- [et_pb_line_break_holder] --><\/head><!-- [et_pb_line_break_holder] --><body><!-- [et_pb_line_break_holder] --><!-- [et_pb_line_break_holder] -->    <input type=\"text\" id=\"searchInput\" placeholder=\"Buscar estudiante\"><!-- [et_pb_line_break_holder] --><!-- [et_pb_line_break_holder] -->    <\/p>\n<table><!-- [et_pb_line_break_holder] -->        <\/p>\n<thead><!-- [et_pb_line_break_holder] -->            <\/p>\n<tr><!-- [et_pb_line_break_holder] -->                <\/p>\n<th>Estudiante<\/th>\n<p><!-- [et_pb_line_break_holder] -->                <\/p>\n<th>Programa<\/th>\n<p><!-- [et_pb_line_break_holder] -->            <\/tr>\n<p><!-- [et_pb_line_break_holder] -->        <\/thead>\n<p><!-- [et_pb_line_break_holder] -->        <\/p>\n<tbody id=\"studentTable\"><!-- [et_pb_line_break_holder] -->    <\/p>\n<tr>\n<td>Acosta Trillo Luis Enrique<\/td>\n<td>Producci\u00f3n Musical<\/td>\n<\/tr>\n<p><!-- [et_pb_line_break_holder] -->    <\/p>\n<tr>\n<td>Acevedo Herrera Juan Esteban<\/td>\n<td>Postproducci\u00f3n<\/td>\n<\/tr>\n<p><!-- [et_pb_line_break_holder] -->    <\/p>\n<tr>\n<td>Arevalo Ramirez Manuel Esteban<\/td>\n<td>Producci\u00f3n Musical<\/td>\n<\/tr>\n<p><!-- [et_pb_line_break_holder] -->    <\/p>\n<tr>\n<td>Arboleda Bernal Laura Vanessa<\/td>\n<td>Producci\u00f3n Musical<\/td>\n<\/tr>\n<p><!-- [et_pb_line_break_holder] -->    <\/p>\n<tr>\n<td>Barrera Correa Mateo Sebastian<\/td>\n<td>Producci\u00f3n Musical<\/td>\n<\/tr>\n<p><!-- [et_pb_line_break_holder] -->    <\/p>\n<tr>\n<td>Becerra Leon Sinahyd Jose<\/td>\n<td>Producci\u00f3n Musical<\/td>\n<\/tr>\n<p><!-- [et_pb_line_break_holder] -->    <\/p>\n<tr>\n<td>Blanco Castro Johan Alejandro<\/td>\n<td>Producci\u00f3n Musical<\/td>\n<\/tr>\n<p><!-- [et_pb_line_break_holder] -->    <\/p>\n<tr>\n<td>Camargo Fonseca Daniel Felipe<\/td>\n<td>Producci\u00f3n Musical\/Sonido en Vivo <\/td>\n<\/tr>\n<p><!-- [et_pb_line_break_holder] --><!-- [et_pb_line_break_holder] -->    <\/p>\n<tr>\n<td>Castiblanco Cortes John Alexander<\/td>\n<td>Producci\u00f3n Musical<\/td>\n<\/tr>\n<p><!-- [et_pb_line_break_holder] -->    <\/p>\n<tr>\n<td>Catasi Rosas Albert Ailton<\/td>\n<td>Sonido en Vivo<\/td>\n<\/tr>\n<p><!-- [et_pb_line_break_holder] -->    <\/p>\n<tr>\n<td>Chavez Nicola Manuel<\/td>\n<td>Producci\u00f3n Musical<\/td>\n<\/tr>\n<p><!-- [et_pb_line_break_holder] -->    <\/p>\n<tr>\n<td>Cordoba Valoyes Arnold<\/td>\n<td>Sonido en Vivo<\/td>\n<\/tr>\n<p><!-- [et_pb_line_break_holder] -->    <\/p>\n<tr>\n<td>Coronado Guzm\u00e1n Laura Sofia<\/td>\n<td>Sonido en Vivo\/Postproducci\u00f3n<\/td>\n<\/tr>\n<p><!-- [et_pb_line_break_holder] -->    <\/p>\n<tr>\n<td>Cortes Cristian Camilo<\/td>\n<td>Sonido en Vivo<\/td>\n<\/tr>\n<p><!-- [et_pb_line_break_holder] -->    <\/p>\n<tr>\n<td>Coy Moreno Malory Marcela<\/td>\n<td>Postproducci\u00f3n<\/td>\n<\/tr>\n<p><!-- [et_pb_line_break_holder] -->    <\/p>\n<tr>\n<td>Cuellar Sanabria Milton Julian<\/td>\n<td>Producci\u00f3n Musical<\/td>\n<\/tr>\n<p><!-- [et_pb_line_break_holder] -->    <\/p>\n<tr>\n<td>Daza Betancourt Malcolm Andre<\/td>\n<td>Postproducci\u00f3n<\/td>\n<\/tr>\n<p><!-- [et_pb_line_break_holder] -->    <\/p>\n<tr>\n<td>De Avila Guerra Juan David<\/td>\n<td>Sonido en Vivo<\/td>\n<\/tr>\n<p><!-- [et_pb_line_break_holder] -->    <\/p>\n<tr>\n<td>Dimate Ochoa Dylan Santiago<\/td>\n<td>Sonido en Vivo<\/td>\n<\/tr>\n<p><!-- [et_pb_line_break_holder] -->    <\/p>\n<tr>\n<td>Esc\u00e1rraga Mart\u00ednez Juan Felipe<\/td>\n<td>Sonido en Vivo<\/td>\n<\/tr>\n<p><!-- [et_pb_line_break_holder] -->    <\/p>\n<tr>\n<td>Fern\u00e1ndez Torres Miguel Angel<\/td>\n<td>Producci\u00f3n Musical<\/td>\n<\/tr>\n<p><!-- [et_pb_line_break_holder] -->    <\/p>\n<tr>\n<td>Fl\u00f3rez N\u00fa\u00f1ez Juan Diego<\/td>\n<td>Sonido en Vivo<\/td>\n<\/tr>\n<p><!-- [et_pb_line_break_holder] -->    <\/p>\n<tr>\n<td>Forero Rodriguez Gadiel Enrique<\/td>\n<td>Producci\u00f3n Musical<\/td>\n<\/tr>\n<p><!-- [et_pb_line_break_holder] -->    <\/p>\n<tr>\n<td>Forero Rodriguez Juan Esteban<\/td>\n<td>Sonido en Vivo<\/td>\n<\/tr>\n<p><!-- [et_pb_line_break_holder] -->    <\/p>\n<tr>\n<td>Galindo Layton Joel Steven<\/td>\n<td>Postproducci\u00f3n<\/td>\n<\/tr>\n<p><!-- [et_pb_line_break_holder] -->    <\/p>\n<tr>\n<td>Gallego Pereira Daniela Jobin<\/td>\n<td>Producci\u00f3n Musical<\/td>\n<\/tr>\n<p><!-- [et_pb_line_break_holder] -->    <\/p>\n<tr>\n<td>Garcia Ospina Estefania<\/td>\n<td>Postproducci\u00f3n<\/td>\n<\/tr>\n<p><!-- [et_pb_line_break_holder] -->    <\/p>\n<tr>\n<td>Gomez Sandoval Cristian Camilo<\/td>\n<td>Sonido en Vivo<\/td>\n<\/tr>\n<p><!-- [et_pb_line_break_holder] -->    <\/p>\n<tr>\n<td>Gonzalez Vargas Mauro Alexander<\/td>\n<td>Producci\u00f3n Musical<\/td>\n<\/tr>\n<p><!-- [et_pb_line_break_holder] -->    <\/p>\n<tr>\n<td>Grimaldo Guerra Daniel Felipe<\/td>\n<td>Producci\u00f3n Musical<\/td>\n<\/tr>\n<p><!-- [et_pb_line_break_holder] -->    <\/p>\n<tr>\n<td>Guevara Marquez Isaac<\/td>\n<td>Sonido en Vivo<\/td>\n<\/tr>\n<p><!-- [et_pb_line_break_holder] -->    <\/p>\n<tr>\n<td>Hurtado Barrera Iv\u00e1n Leonardo<\/td>\n<td>Producci\u00f3n Musical<\/td>\n<\/tr>\n<p><!-- [et_pb_line_break_holder] -->    <\/p>\n<tr>\n<td>Huertas Sosa Luigy Dami\u00e1n<\/td>\n<td>Producci\u00f3n Musical<\/td>\n<\/tr>\n<p><!-- [et_pb_line_break_holder] -->    <\/p>\n<tr>\n<td>Landazuri Portilla Maria Paula<\/td>\n<td>Postproducci\u00f3n<\/td>\n<\/tr>\n<p><!-- [et_pb_line_break_holder] -->    <\/p>\n<tr>\n<td>Laverde Moreno Fabian Santiago<\/td>\n<td>Producci\u00f3n Musical<\/td>\n<\/tr>\n<p><!-- [et_pb_line_break_holder] -->    <\/p>\n<tr>\n<td>Leon Moreno Carlos Esteban<\/td>\n<td>Postproducci\u00f3n<\/td>\n<\/tr>\n<p><!-- [et_pb_line_break_holder] -->    <\/p>\n<tr>\n<td>Lerma Valencia Lucas<\/td>\n<td>Sonido en Vivo<\/td>\n<\/tr>\n<p><!-- [et_pb_line_break_holder] -->    <\/p>\n<tr>\n<td>L\u00f3pez Vasco Juan Esteban<\/td>\n<td>Producci\u00f3n Musical<\/td>\n<\/tr>\n<p><!-- [et_pb_line_break_holder] -->    <\/p>\n<tr>\n<td>L\u00f3pez Vasco Juan Esteban<\/td>\n<td>Sonido en Vivo<\/td>\n<\/tr>\n<p><!-- [et_pb_line_break_holder] -->    <\/p>\n<tr>\n<td>Luna Barrero Juan Jos\u00e9<\/td>\n<td>Producci\u00f3n Musical<\/td>\n<\/tr>\n<p><!-- [et_pb_line_break_holder] -->    <\/p>\n<tr>\n<td>Mahecha R\u00edos David Santiago<\/td>\n<td>Producci\u00f3n Musical<\/td>\n<\/tr>\n<p><!-- [et_pb_line_break_holder] -->    <\/p>\n<tr>\n<td>Medina Tovar Santiago<\/td>\n<td>Postproducci\u00f3n<\/td>\n<\/tr>\n<p><!-- [et_pb_line_break_holder] -->    <\/p>\n<tr>\n<td>Medina Vargas Julian Mateo<\/td>\n<td>Producci\u00f3n Musical<\/td>\n<\/tr>\n<p><!-- [et_pb_line_break_holder] -->    <\/p>\n<tr>\n<td>Moreno Cordoba Joseth Alexander<\/td>\n<td>Sonido en Vivo<\/td>\n<\/tr>\n<p><!-- [et_pb_line_break_holder] -->    <\/p>\n<tr>\n<td>Moreno Sastoque Juan Camilo<\/td>\n<td>Producci\u00f3n Musical<\/td>\n<\/tr>\n<p><!-- [et_pb_line_break_holder] -->    <\/p>\n<tr>\n<td>Mu\u00f1oz Mila Daril Joel<\/td>\n<td>Sonido en Vivo<\/td>\n<\/tr>\n<p><!-- [et_pb_line_break_holder] -->    <\/p>\n<tr>\n<td>Murcia Ruiz Sebastian Camilo<\/td>\n<td>Sonido en Vivo<\/td>\n<\/tr>\n<p><!-- [et_pb_line_break_holder] -->    <\/p>\n<tr>\n<td>Ochoa Hernandez Sergio Luis<\/td>\n<td>Sonido en Vivo<\/td>\n<\/tr>\n<p><!-- [et_pb_line_break_holder] -->    <\/p>\n<tr>\n<td>Ortega Toscano Santiago<\/td>\n<td>Producci\u00f3n Musical<\/td>\n<\/tr>\n<p><!-- [et_pb_line_break_holder] -->    <\/p>\n<tr>\n<td>Pab\u00f3n Rocha Juan Diego<\/td>\n<td>Producci\u00f3n Musical<\/td>\n<\/tr>\n<p><!-- [et_pb_line_break_holder] -->    <\/p>\n<tr>\n<td>Parra Rivera Juan Pablo<\/td>\n<td>Sonido en Vivo<\/td>\n<\/tr>\n<p><!-- [et_pb_line_break_holder] -->    <\/p>\n<tr>\n<td>Pinilla Cabiativa David Felipe<\/td>\n<td>Producci\u00f3n Musical<\/td>\n<\/tr>\n<p><!-- [et_pb_line_break_holder] -->    <\/p>\n<tr>\n<td>Ramirez Ramirez Abel Adolfo<\/td>\n<td>Sonido en Vivo<\/td>\n<\/tr>\n<p><!-- [et_pb_line_break_holder] -->    <\/p>\n<tr>\n<td>Restrepo Rinc\u00f3n Tom\u00e1s<\/td>\n<td>Postproducci\u00f3n<\/td>\n<\/tr>\n<p><!-- [et_pb_line_break_holder] -->    <\/p>\n<tr>\n<td>Rodriguez Forero Juan Esteban<\/td>\n<td>Sonido en Vivo<\/td>\n<\/tr>\n<p><!-- [et_pb_line_break_holder] -->    <\/p>\n<tr>\n<td>Romero Garc\u00eda El\u00edas Enrique<\/td>\n<td>Producci\u00f3n Musical<\/td>\n<\/tr>\n<p><!-- [et_pb_line_break_holder] -->    <\/p>\n<tr>\n<td>Rojas Galvis Harold Hernan<\/td>\n<td>Postproducci\u00f3n<\/td>\n<\/tr>\n<p><!-- [et_pb_line_break_holder] -->    <\/p>\n<tr>\n<td>Sanabria Cuellar Milton Julian<\/td>\n<td>Producci\u00f3n Musical<\/td>\n<\/tr>\n<p><!-- [et_pb_line_break_holder] -->    <\/p>\n<tr>\n<td>Sastoque Moreno Juan Camilo<\/td>\n<td>Producci\u00f3n Musical<\/td>\n<\/tr>\n<p><!-- [et_pb_line_break_holder] -->    <\/p>\n<tr>\n<td>Sosa Huertas Luigy Dami\u00e1n<\/td>\n<td>Producci\u00f3n Musical<\/td>\n<\/tr>\n<p><!-- [et_pb_line_break_holder] -->          <\/p>\n<tr>\n<td>Tacha Ochoa<!-- [et_pb_line_break_holder] -->Carlos Alfonso<\/td>\n<td>Producci\u00f3n Musical<\/td>\n<\/tr>\n<p><!-- [et_pb_line_break_holder] -->    <\/p>\n<tr>\n<td>Torres Mar\u00edn Pedro Jos\u00e9<\/td>\n<td>Sonido en Vivo<\/td>\n<\/tr>\n<p><!-- [et_pb_line_break_holder] -->    <\/p>\n<tr>\n<td>Torres Londo\u00f1o Jes\u00fas David<\/td>\n<td>Postproducci\u00f3n<\/td>\n<\/tr>\n<p>      <!-- [et_pb_line_break_holder] -->    <\/p>\n<tr>\n<td>Tovar Medina Santiago<\/td>\n<td>Postproducci\u00f3n<\/td>\n<\/tr>\n<p><!-- [et_pb_line_break_holder] -->    <\/p>\n<tr>\n<td>Valbuena Moreno Tom\u00e1s<\/td>\n<td>Producci\u00f3n Musical<\/td>\n<\/tr>\n<p><!-- [et_pb_line_break_holder] -->    <\/p>\n<tr>\n<td>Vargas Gonzalez Mauro Alexander<\/td>\n<td>Producci\u00f3n Musical<\/td>\n<\/tr>\n<p><!-- [et_pb_line_break_holder] -->    <\/p>\n<tr>\n<td>Vasco L\u00f3pez Juan Esteban<\/td>\n<td>Producci\u00f3n Musical<\/td>\n<\/tr>\n<p><!-- [et_pb_line_break_holder] --><\/tbody>\n<p><!-- [et_pb_line_break_holder] --><!-- [et_pb_line_break_holder] -->    <\/table>\n<p><!-- [et_pb_line_break_holder] --><!-- [et_pb_line_break_holder] -->    <script><!-- [et_pb_line_break_holder] -->        document.getElementById(\"searchInput\").addEventListener(\"keyup\", function() {<!-- [et_pb_line_break_holder] -->            let filter = this.value.toLowerCase();<!-- [et_pb_line_break_holder] -->            let rows = document.querySelectorAll(\"#studentTable tr\");<!-- [et_pb_line_break_holder] --><!-- [et_pb_line_break_holder] -->            rows.forEach(row => {<!-- [et_pb_line_break_holder] -->                let text = row.textContent.toLowerCase();<!-- [et_pb_line_break_holder] -->                row.style.display = text.includes(filter) ? \"\" : \"none\";<!-- [et_pb_line_break_holder] -->            });<!-- [et_pb_line_break_holder] -->        });<!-- [et_pb_line_break_holder] -->    <\/script><!-- [et_pb_line_break_holder] --><!-- [et_pb_line_break_holder] --><\/body><!-- [et_pb_line_break_holder] --><\/html><!-- [et_pb_line_break_holder] -->[\/et_pb_code][\/et_pb_column][\/et_pb_row][\/et_pb_section]<\/p>\n","protected":false},"excerpt":{"rendered":"<p>Estudiantes Activos A continuaci\u00f3n se encuentra la lista oficial de estudiantes activos del Semestre &#8211; I de 2026 en ENE Audio. Esta informaci\u00f3n est\u00e1 destinada a la verificaci\u00f3n de la condici\u00f3n de estudiante activo.<\/p>\n","protected":false},"author":1,"featured_media":0,"parent":0,"menu_order":0,"comment_status":"closed","ping_status":"closed","template":"","meta":{"_et_pb_use_builder":"on","_et_pb_old_content":"","_et_gb_content_width":"","sfsi_plus_gutenberg_text_before_share":"","sfsi_plus_gutenberg_show_text_before_share":"","sfsi_plus_gutenberg_icon_type":"","sfsi_plus_gutenberg_icon_alignemt":"","sfsi_plus_gutenburg_max_per_row":"","_monsterinsights_skip_tracking":false,"_monsterinsights_sitenote_active":false,"_monsterinsights_sitenote_note":"","_monsterinsights_sitenote_category":0,"_joinchat":[],"footnotes":""},"class_list":["post-2259","page","type-page","status-publish","hentry"],"yoast_head":"<!-- This site is optimized with the Yoast SEO plugin v26.9 - https:\/\/yoast.com\/product\/yoast-seo-wordpress\/ -->\n<title>Estudiantes Activos - Instituto ENE Audio<\/title>\n<meta name=\"robots\" content=\"index, follow, max-snippet:-1, max-image-preview:large, max-video-preview:-1\" \/>\n<link rel=\"canonical\" href=\"https:\/\/eneaudio.edu.co\/indexphp\/estudiantes-activos-instituto-ene-audio\/\" \/>\n<meta property=\"og:locale\" content=\"es_ES\" \/>\n<meta property=\"og:type\" content=\"article\" \/>\n<meta property=\"og:title\" content=\"Estudiantes Activos - Instituto ENE Audio\" \/>\n<meta property=\"og:description\" content=\"Estudiantes Activos A continuaci\u00f3n se encuentra la lista oficial de estudiantes activos del Semestre - I de 2026 en ENE Audio. Esta informaci\u00f3n est\u00e1 destinada a la verificaci\u00f3n de la condici\u00f3n de estudiante activo.\" \/>\n<meta property=\"og:url\" content=\"https:\/\/eneaudio.edu.co\/indexphp\/estudiantes-activos-instituto-ene-audio\/\" \/>\n<meta property=\"og:site_name\" content=\"Instituto ENE Audio\" \/>\n<meta property=\"article:publisher\" content=\"https:\/\/www.facebook.com\/institutoeneaudio\" \/>\n<meta property=\"article:modified_time\" content=\"2026-03-25T20:10:06+00:00\" \/>\n<meta property=\"og:image\" content=\"https:\/\/eneaudio.edu.co\/wp-content\/uploads\/2025\/07\/Imagen-ENE-Audio-Pag.-Web.jpg\" \/>\n\t<meta property=\"og:image:width\" content=\"1774\" \/>\n\t<meta property=\"og:image:height\" content=\"675\" \/>\n\t<meta property=\"og:image:type\" content=\"image\/jpeg\" \/>\n<meta name=\"twitter:card\" content=\"summary_large_image\" \/>\n<meta name=\"twitter:site\" content=\"@ENEaudio\" \/>\n<meta name=\"twitter:label1\" content=\"Tiempo de lectura\" \/>\n\t<meta name=\"twitter:data1\" content=\"3 minutos\" \/>\n<script type=\"application\/ld+json\" class=\"yoast-schema-graph\">{\"@context\":\"https:\/\/schema.org\",\"@graph\":[{\"@type\":\"WebPage\",\"@id\":\"https:\/\/eneaudio.edu.co\/indexphp\/estudiantes-activos-instituto-ene-audio\/\",\"url\":\"https:\/\/eneaudio.edu.co\/indexphp\/estudiantes-activos-instituto-ene-audio\/\",\"name\":\"Estudiantes Activos - Instituto ENE Audio\",\"isPartOf\":{\"@id\":\"https:\/\/eneaudio.edu.co\/#website\"},\"datePublished\":\"2024-05-10T14:39:00+00:00\",\"dateModified\":\"2026-03-25T20:10:06+00:00\",\"breadcrumb\":{\"@id\":\"https:\/\/eneaudio.edu.co\/indexphp\/estudiantes-activos-instituto-ene-audio\/#breadcrumb\"},\"inLanguage\":\"es\",\"potentialAction\":[{\"@type\":\"ReadAction\",\"target\":[\"https:\/\/eneaudio.edu.co\/indexphp\/estudiantes-activos-instituto-ene-audio\/\"]}]},{\"@type\":\"BreadcrumbList\",\"@id\":\"https:\/\/eneaudio.edu.co\/indexphp\/estudiantes-activos-instituto-ene-audio\/#breadcrumb\",\"itemListElement\":[{\"@type\":\"ListItem\",\"position\":1,\"name\":\"Portada\",\"item\":\"https:\/\/eneaudio.edu.co\/\"},{\"@type\":\"ListItem\",\"position\":2,\"name\":\"Estudiantes Activos\"}]},{\"@type\":\"WebSite\",\"@id\":\"https:\/\/eneaudio.edu.co\/#website\",\"url\":\"https:\/\/eneaudio.edu.co\/\",\"name\":\"Instituto ENE Audio\",\"description\":\"Educaci\u00f3n T\u00e9cnica en Audio y Sonido - Educaci\u00f3n Continua\",\"publisher\":{\"@id\":\"https:\/\/eneaudio.edu.co\/#organization\"},\"alternateName\":\"ENE Audio\",\"potentialAction\":[{\"@type\":\"SearchAction\",\"target\":{\"@type\":\"EntryPoint\",\"urlTemplate\":\"https:\/\/eneaudio.edu.co\/?s={search_term_string}\"},\"query-input\":{\"@type\":\"PropertyValueSpecification\",\"valueRequired\":true,\"valueName\":\"search_term_string\"}}],\"inLanguage\":\"es\"},{\"@type\":\"Organization\",\"@id\":\"https:\/\/eneaudio.edu.co\/#organization\",\"name\":\"Instituto ENE Audio\",\"url\":\"https:\/\/eneaudio.edu.co\/\",\"logo\":{\"@type\":\"ImageObject\",\"inLanguage\":\"es\",\"@id\":\"https:\/\/eneaudio.edu.co\/#\/schema\/logo\/image\/\",\"url\":\"https:\/\/eneaudio.edu.co\/wp-content\/uploads\/2023\/08\/eneaudio-logo-inicio-05.png\",\"contentUrl\":\"https:\/\/eneaudio.edu.co\/wp-content\/uploads\/2023\/08\/eneaudio-logo-inicio-05.png\",\"width\":364,\"height\":60,\"caption\":\"Instituto ENE Audio\"},\"image\":{\"@id\":\"https:\/\/eneaudio.edu.co\/#\/schema\/logo\/image\/\"},\"sameAs\":[\"https:\/\/www.facebook.com\/institutoeneaudio\",\"https:\/\/x.com\/ENEaudio\",\"https:\/\/www.instagram.com\/eneaudio\/\",\"https:\/\/www.youtube.com\/account_advanced\",\"https:\/\/www.tiktok.com\/@eneaudio\"]}]}<\/script>\n<!-- \/ Yoast SEO plugin. -->","yoast_head_json":{"title":"Estudiantes Activos - Instituto ENE Audio","robots":{"index":"index","follow":"follow","max-snippet":"max-snippet:-1","max-image-preview":"max-image-preview:large","max-video-preview":"max-video-preview:-1"},"canonical":"https:\/\/eneaudio.edu.co\/indexphp\/estudiantes-activos-instituto-ene-audio\/","og_locale":"es_ES","og_type":"article","og_title":"Estudiantes Activos - Instituto ENE Audio","og_description":"Estudiantes Activos A continuaci\u00f3n se encuentra la lista oficial de estudiantes activos del Semestre - I de 2026 en ENE Audio. Esta informaci\u00f3n est\u00e1 destinada a la verificaci\u00f3n de la condici\u00f3n de estudiante activo.","og_url":"https:\/\/eneaudio.edu.co\/indexphp\/estudiantes-activos-instituto-ene-audio\/","og_site_name":"Instituto ENE Audio","article_publisher":"https:\/\/www.facebook.com\/institutoeneaudio","article_modified_time":"2026-03-25T20:10:06+00:00","og_image":[{"width":1774,"height":675,"url":"https:\/\/eneaudio.edu.co\/wp-content\/uploads\/2025\/07\/Imagen-ENE-Audio-Pag.-Web.jpg","type":"image\/jpeg"}],"twitter_card":"summary_large_image","twitter_site":"@ENEaudio","twitter_misc":{"Tiempo de lectura":"3 minutos"},"schema":{"@context":"https:\/\/schema.org","@graph":[{"@type":"WebPage","@id":"https:\/\/eneaudio.edu.co\/indexphp\/estudiantes-activos-instituto-ene-audio\/","url":"https:\/\/eneaudio.edu.co\/indexphp\/estudiantes-activos-instituto-ene-audio\/","name":"Estudiantes Activos - Instituto ENE Audio","isPartOf":{"@id":"https:\/\/eneaudio.edu.co\/#website"},"datePublished":"2024-05-10T14:39:00+00:00","dateModified":"2026-03-25T20:10:06+00:00","breadcrumb":{"@id":"https:\/\/eneaudio.edu.co\/indexphp\/estudiantes-activos-instituto-ene-audio\/#breadcrumb"},"inLanguage":"es","potentialAction":[{"@type":"ReadAction","target":["https:\/\/eneaudio.edu.co\/indexphp\/estudiantes-activos-instituto-ene-audio\/"]}]},{"@type":"BreadcrumbList","@id":"https:\/\/eneaudio.edu.co\/indexphp\/estudiantes-activos-instituto-ene-audio\/#breadcrumb","itemListElement":[{"@type":"ListItem","position":1,"name":"Portada","item":"https:\/\/eneaudio.edu.co\/"},{"@type":"ListItem","position":2,"name":"Estudiantes Activos"}]},{"@type":"WebSite","@id":"https:\/\/eneaudio.edu.co\/#website","url":"https:\/\/eneaudio.edu.co\/","name":"Instituto ENE Audio","description":"Educaci\u00f3n T\u00e9cnica en Audio y Sonido - Educaci\u00f3n Continua","publisher":{"@id":"https:\/\/eneaudio.edu.co\/#organization"},"alternateName":"ENE Audio","potentialAction":[{"@type":"SearchAction","target":{"@type":"EntryPoint","urlTemplate":"https:\/\/eneaudio.edu.co\/?s={search_term_string}"},"query-input":{"@type":"PropertyValueSpecification","valueRequired":true,"valueName":"search_term_string"}}],"inLanguage":"es"},{"@type":"Organization","@id":"https:\/\/eneaudio.edu.co\/#organization","name":"Instituto ENE Audio","url":"https:\/\/eneaudio.edu.co\/","logo":{"@type":"ImageObject","inLanguage":"es","@id":"https:\/\/eneaudio.edu.co\/#\/schema\/logo\/image\/","url":"https:\/\/eneaudio.edu.co\/wp-content\/uploads\/2023\/08\/eneaudio-logo-inicio-05.png","contentUrl":"https:\/\/eneaudio.edu.co\/wp-content\/uploads\/2023\/08\/eneaudio-logo-inicio-05.png","width":364,"height":60,"caption":"Instituto ENE Audio"},"image":{"@id":"https:\/\/eneaudio.edu.co\/#\/schema\/logo\/image\/"},"sameAs":["https:\/\/www.facebook.com\/institutoeneaudio","https:\/\/x.com\/ENEaudio","https:\/\/www.instagram.com\/eneaudio\/","https:\/\/www.youtube.com\/account_advanced","https:\/\/www.tiktok.com\/@eneaudio"]}]}},"jetpack_sharing_enabled":true,"jetpack-related-posts":[{"id":3605,"url":"https:\/\/eneaudio.edu.co\/indexphp\/post-produccion\/","url_meta":{"origin":2259,"position":0},"title":"Cursos y talleres pagina borrador","author":"admin","date":"5 de octubre de 2024","format":false,"excerpt":"","rel":"","context":"Entrada similar","block_context":{"text":"Entrada similar","link":""},"img":{"alt_text":"","src":"","width":0,"height":0},"classes":[]},{"id":5952,"url":"https:\/\/eneaudio.edu.co\/indexphp\/borrador-automatico\/","url_meta":{"origin":2259,"position":1},"title":"Borrador autom\u00e1tico","author":"admin","date":"17 de junio de 2025","format":false,"excerpt":"","rel":"","context":"Entrada similar","block_context":{"text":"Entrada similar","link":""},"img":{"alt_text":"","src":"","width":0,"height":0},"classes":[]},{"id":888,"url":"https:\/\/eneaudio.edu.co\/index.php\/somos\/docentes\/german-arevalo\/","url_meta":{"origin":2259,"position":2},"title":"Germ\u00e1n Ar\u00e9valo","author":"admin","date":"11 de marzo de 2024","format":false,"excerpt":"","rel":"","context":"Entrada similar","block_context":{"text":"Entrada similar","link":""},"img":{"alt_text":"","src":"https:\/\/i0.wp.com\/eneaudio.edu.co\/wp-content\/uploads\/2024\/05\/Banner-Produccion-Musical.jpg?resize=350%2C200&ssl=1","width":350,"height":200,"srcset":"https:\/\/i0.wp.com\/eneaudio.edu.co\/wp-content\/uploads\/2024\/05\/Banner-Produccion-Musical.jpg?resize=350%2C200&ssl=1 1x, https:\/\/i0.wp.com\/eneaudio.edu.co\/wp-content\/uploads\/2024\/05\/Banner-Produccion-Musical.jpg?resize=525%2C300&ssl=1 1.5x, https:\/\/i0.wp.com\/eneaudio.edu.co\/wp-content\/uploads\/2024\/05\/Banner-Produccion-Musical.jpg?resize=700%2C400&ssl=1 2x"},"classes":[]},{"id":316,"url":"https:\/\/eneaudio.edu.co\/indexphp\/certificaciones-media-composer\/","url_meta":{"origin":2259,"position":3},"title":"Certificaciones Avid Media Composer","author":"admin","date":"20 de diciembre de 2023","format":false,"excerpt":"","rel":"","context":"Entrada similar","block_context":{"text":"Entrada similar","link":""},"img":{"alt_text":"","src":"https:\/\/i0.wp.com\/eneaudio.edu.co\/wp-content\/uploads\/2024\/10\/banner-pm.png?resize=350%2C200&ssl=1","width":350,"height":200,"srcset":"https:\/\/i0.wp.com\/eneaudio.edu.co\/wp-content\/uploads\/2024\/10\/banner-pm.png?resize=350%2C200&ssl=1 1x, https:\/\/i0.wp.com\/eneaudio.edu.co\/wp-content\/uploads\/2024\/10\/banner-pm.png?resize=525%2C300&ssl=1 1.5x, https:\/\/i0.wp.com\/eneaudio.edu.co\/wp-content\/uploads\/2024\/10\/banner-pm.png?resize=700%2C400&ssl=1 2x"},"classes":[]},{"id":241,"url":"https:\/\/eneaudio.edu.co\/indexphp\/mision-y-vision\/","url_meta":{"origin":2259,"position":4},"title":"Misi\u00f3n y Visi\u00f3n","author":"admin","date":"6 de diciembre de 2023","format":false,"excerpt":"","rel":"","context":"Entrada similar","block_context":{"text":"Entrada similar","link":""},"img":{"alt_text":"","src":"","width":0,"height":0},"classes":[]},{"id":3611,"url":"https:\/\/eneaudio.edu.co\/index.php\/talleres-online\/","url_meta":{"origin":2259,"position":5},"title":"Talleres Online","author":"admin","date":"5 de octubre de 2024","format":false,"excerpt":"","rel":"","context":"Entrada similar","block_context":{"text":"Entrada similar","link":""},"img":{"alt_text":"","src":"","width":0,"height":0},"classes":[]}],"_links":{"self":[{"href":"https:\/\/eneaudio.edu.co\/index.php\/wp-json\/wp\/v2\/pages\/2259","targetHints":{"allow":["GET"]}}],"collection":[{"href":"https:\/\/eneaudio.edu.co\/index.php\/wp-json\/wp\/v2\/pages"}],"about":[{"href":"https:\/\/eneaudio.edu.co\/index.php\/wp-json\/wp\/v2\/types\/page"}],"author":[{"embeddable":true,"href":"https:\/\/eneaudio.edu.co\/index.php\/wp-json\/wp\/v2\/users\/1"}],"replies":[{"embeddable":true,"href":"https:\/\/eneaudio.edu.co\/index.php\/wp-json\/wp\/v2\/comments?post=2259"}],"version-history":[{"count":65,"href":"https:\/\/eneaudio.edu.co\/index.php\/wp-json\/wp\/v2\/pages\/2259\/revisions"}],"predecessor-version":[{"id":7646,"href":"https:\/\/eneaudio.edu.co\/index.php\/wp-json\/wp\/v2\/pages\/2259\/revisions\/7646"}],"wp:attachment":[{"href":"https:\/\/eneaudio.edu.co\/index.php\/wp-json\/wp\/v2\/media?parent=2259"}],"curies":[{"name":"wp","href":"https:\/\/api.w.org\/{rel}","templated":true}]}}