{"id":2402,"date":"2024-05-25T10:07:43","date_gmt":"2024-05-25T15:07:43","guid":{"rendered":"https:\/\/eneaudio.edu.co\/?page_id=2402"},"modified":"2024-09-20T11:15:37","modified_gmt":"2024-09-20T16:15:37","slug":"taller-potencia-tu-creatividad-musical-con-pro-tools-online","status":"publish","type":"page","link":"https:\/\/eneaudio.edu.co\/index.php\/cursos-y-talleres\/taller-potencia-tu-creatividad-musical-con-pro-tools-online\/","title":{"rendered":"Taller Potencia tu Creatividad Musical con Pro Tools &#8211; ONLINE"},"content":{"rendered":"<p>[et_pb_section fb_built=\u00bb1&#8243; custom_padding_last_edited=\u00bbon|desktop\u00bb _builder_version=\u00bb4.25.1&#8243; _module_preset=\u00bbdefault\u00bb background_color=\u00bb#000000&#8243; background_image=\u00bbhttps:\/\/eneaudio.edu.co\/wp-content\/uploads\/2024\/06\/15-07-Taller-Edicion-de-Audio-en-Pro-Tools-ONLINE.jpg\u00bb transform_scale_tablet=\u00bb\u00bb transform_scale_phone=\u00bb\u00bb transform_scale_last_edited=\u00bbon|tablet\u00bb transform_translate_tablet=\u00bb\u00bb transform_translate_phone=\u00bb\u00bb transform_translate_last_edited=\u00bbon|desktop\u00bb transform_rotate_tablet=\u00bb\u00bb transform_rotate_phone=\u00bb\u00bb transform_rotate_last_edited=\u00bbon|desktop\u00bb transform_skew_tablet=\u00bb\u00bb transform_skew_phone=\u00bb\u00bb transform_skew_last_edited=\u00bbon|desktop\u00bb transform_origin_tablet=\u00bb\u00bb transform_origin_phone=\u00bb\u00bb transform_origin_last_edited=\u00bbon|desktop\u00bb transform_styles_last_edited=\u00bbon|tablet\u00bb min_height=\u00bb260px\u00bb min_height_tablet=\u00bb180px\u00bb min_height_phone=\u00bb100px\u00bb min_height_last_edited=\u00bbon|phone\u00bb height=\u00bb200px\u00bb max_height=\u00bb257px\u00bb custom_margin=\u00bb0px||||false|false\u00bb custom_padding=\u00bb153px||43px|||\u00bb custom_padding_tablet=\u00bb90px||||false|false\u00bb custom_padding_phone=\u00bb77px||43px||false|false\u00bb transform_styles_tablet=\u00bb\u00bb transform_styles_phone=\u00bb\u00bb locked=\u00bboff\u00bb global_colors_info=\u00bb{}\u00bb hover_enabled=\u00bb0&#8243; sticky_enabled=\u00bb0&#8243; title_text=\u00bb15-07-Taller Edicio\u0301n de Audio en Pro Tools (ONLINE)\u00bb][et_pb_row _builder_version=\u00bb4.25.1&#8243; _module_preset=\u00bbdefault\u00bb module_alignment=\u00bbcenter\u00bb custom_margin=\u00bb||0px||false|false\u00bb custom_padding=\u00bb||0px||false|false\u00bb global_colors_info=\u00bb{}\u00bb][et_pb_column type=\u00bb4_4&#8243; _builder_version=\u00bb4.24.3&#8243; _module_preset=\u00bbdefault\u00bb global_colors_info=\u00bb{}\u00bb][et_pb_text _builder_version=\u00bb4.25.1&#8243; _module_preset=\u00bbdefault\u00bb header_text_color=\u00bb#FFFFFF\u00bb custom_margin=\u00bb||||false|false\u00bb custom_padding=\u00bb||||false|false\u00bb text_text_shadow_style=\u00bbpreset1&#8243; header_text_shadow_style=\u00bbpreset5&#8243; global_colors_info=\u00bb{}\u00bb]<\/p>\n<h1>Taller Potencia tu Creatividad Musical con Pro Tools &#8211; ONLINE<\/h1>\n<p>[\/et_pb_text][\/et_pb_column][\/et_pb_row][\/et_pb_section][et_pb_section fb_built=\u00bb1&#8243; _builder_version=\u00bb4.24.3&#8243; _module_preset=\u00bbdefault\u00bb locked=\u00bboff\u00bb global_colors_info=\u00bb{}\u00bb][et_pb_row column_structure=\u00bb1_2,1_2&#8243; _builder_version=\u00bb4.25.1&#8243; _module_preset=\u00bbdefault\u00bb custom_margin=\u00bb0px||||false|false\u00bb custom_padding=\u00bb0px||||false|false\u00bb global_colors_info=\u00bb{}\u00bb][et_pb_column type=\u00bb1_2&#8243; _builder_version=\u00bb4.24.3&#8243; _module_preset=\u00bbdefault\u00bb global_colors_info=\u00bb{}\u00bb][et_pb_text _builder_version=\u00bb4.25.1&#8243; _module_preset=\u00bbdefault\u00bb header_2_text_color=\u00bb#C70000&#8243; hover_enabled=\u00bb0&#8243; global_colors_info=\u00bb{}\u00bb sticky_enabled=\u00bb0&#8243; link_font=\u00bb||||||||\u00bb]<\/p>\n<h2><a href=\"https:\/\/eneaudio.edu.co\/index.php\/somos\/docentes\/hernando-cruz\/\">Dictado por Hernando Cruz<\/a><\/h2>\n<h4>M\u00fasico \/ Postproductor<span style=\"font-size: 14px; color: #666666; font-family: 'Open Sans', Helvetica, Arial, Lucida, sans-serif;\">\u00a0<\/span><\/h4>\n<p>Este taller est\u00e1 dirigido a estudiantes con conocimientos b\u00e1sicos de m\u00fasica que buscan profundizar en la producci\u00f3n musical y entender los est\u00e1ndares de la industria. A trav\u00e9s de este curso, los participantes dominar\u00e1n el software Pro Tools como herramienta de creaci\u00f3n musical, abarcando el uso de instrumentos virtuales, s\u00edntesis de audio y mezcla para lograr un sonido equilibrado.<\/p>\n<h2><span class=\"agsdi-icon\" data-icon=\"agsdi-check-circle\" style=\"color: #c70000!important; font-size: 30;\">check circle icon<\/span> Requisitos<\/h2>\n<ul>\n<li>Conocimientos b\u00e1sicos de m\u00fasica.<\/li>\n<li>Conexi\u00f3n a Internet estable.<\/li>\n<\/ul>\n<h2><span class=\"agsdi-icon\" data-icon=\"agsdi-notebook-2\" style=\"color: #c70000!important; font-size: 30;\">notebook 2 icon<\/span>\u00a0Metodolog\u00eda<\/h2>\n<p>Cada clase se iniciar\u00e1 con la explicaci\u00f3n del tema correspondiente, mostrando de una forma pr\u00e1ctica los mejores m\u00e9todos de trabajo.<br \/><strong>NO PERDERA\u0301S NINGUNA CLASE.<\/strong> Si no puedes asistir a la clase en directo, podr\u00e1s verla fuera de l\u00ednea y repetirla cuantas veces quieras durante un mes despu\u00e9s de finalizado el taller.<\/p>\n<h2><span class=\"agsdi-icon\" data-icon=\"agsdi-calendar-heart\" style=\"color: #c70000!important; font-size: 30;\">calendar heart icon<\/span>\u00a0Duraci\u00f3n<\/h2>\n<p><strong>Duraci\u00f3n:<\/strong>\u00a0El taller tiene una duraci\u00f3n de\u00a010 horas divididas en\u00a05 clases de 2 horas cada una.<\/p>\n<p><strong>Fechas: <\/strong>26, 27 y 29 de agosto, 02 y 03 de septiembre de 2024 de 6:00 p.m. a 8:00 p.m., hora de Colombia.<\/p>\n<p><a href=\"https:\/\/www.timeanddate.com\/worldclock\/fixedtime.html?msg=Taller+Potencia+tu+Creatividad+Musical+con+Pro+Tools+-+ONLINE+-+ENE+Audio&amp;iso=20240826T18&amp;p1=41\" target=\"_blank\" rel=\"noopener\"><strong>(CLIC AQU\u00cd para saber la hora en tu ciudad)<\/strong><\/a><\/p>\n<h2><span class=\"agsdi-icon\" data-icon=\"agsdi-dollar\" style=\"color: #c70000!important; font-size: 30;\">dollar icon<\/span>\u00a0Inversi\u00f3n<\/h2>\n<p>Pesos colombianos $580.000= (161 d\u00f3lares)<br \/><strong>** Pregunta por nuestro descuento especial por <a href=\"https:\/\/api.whatsapp.com\/send?phone=573188798097&amp;text=Hola%20Lucia,%20quiero%20m%C3%A1s%20informaci%C3%B3n%20sobre%20el%20descuento%20especial%20del%20Taller%20Potencia%20tu%20Creatividad%20Musical%20con%20Pro%20Tools%20-%20ONLINE\" target=\"_blank\" rel=\"noopener\">WhatsApp AQU\u00cd<\/a><\/strong><\/p>\n<p>&nbsp;<\/p>\n<p>[\/et_pb_text][\/et_pb_column][et_pb_column type=\u00bb1_2&#8243; _builder_version=\u00bb4.24.3&#8243; _module_preset=\u00bbdefault\u00bb global_colors_info=\u00bb{}\u00bb][et_pb_code _builder_version=\u00bb4.25.1&#8243; _module_preset=\u00bbdefault\u00bb border_radii=\u00bbon|10px|10px|10px|10px\u00bb box_shadow_style=\u00bbpreset6&#8243; global_colors_info=\u00bb{}\u00bb]<iframe loading=\"lazy\" src=\"https:\/\/docs.google.com\/forms\/d\/e\/1FAIpQLSca-sJArkB-Uc4lqfAc1MkQPaW7toSPfaLd-6s_tKDDREbTAg\/viewform?usp=sf_link\" width=\"640\" height=\"1137\" frameborder=\"0\" marginheight=\"0\" marginwidth=\"0\">Cargando\u2026<\/iframe>[\/et_pb_code][\/et_pb_column][\/et_pb_row][\/et_pb_section]<\/p>\n","protected":false},"excerpt":{"rendered":"<p>Taller Potencia tu Creatividad Musical con Pro Tools &#8211; ONLINEDictado por Hernando Cruz M\u00fasico \/ Postproductor\u00a0 Este taller est\u00e1 dirigido a estudiantes con conocimientos b\u00e1sicos de m\u00fasica que buscan profundizar en la producci\u00f3n musical y entender los est\u00e1ndares de la industria. A trav\u00e9s de este curso, los participantes dominar\u00e1n el software Pro Tools como herramienta [&hellip;]<\/p>\n","protected":false},"author":1,"featured_media":0,"parent":936,"menu_order":0,"comment_status":"closed","ping_status":"closed","template":"","meta":{"_et_pb_use_builder":"on","_et_pb_old_content":"","_et_gb_content_width":"","sfsi_plus_gutenberg_text_before_share":"","sfsi_plus_gutenberg_show_text_before_share":"","sfsi_plus_gutenberg_icon_type":"","sfsi_plus_gutenberg_icon_alignemt":"","sfsi_plus_gutenburg_max_per_row":"","_monsterinsights_skip_tracking":false,"_monsterinsights_sitenote_active":false,"_monsterinsights_sitenote_note":"","_monsterinsights_sitenote_category":0,"_joinchat":[],"footnotes":""},"class_list":["post-2402","page","type-page","status-publish","hentry"],"yoast_head":"<!-- This site is optimized with the Yoast SEO plugin v26.9 - https:\/\/yoast.com\/product\/yoast-seo-wordpress\/ -->\n<title>Taller Potencia tu Creatividad Musical con Pro Tools - ONLINE - Instituto ENE Audio<\/title>\n<meta name=\"robots\" content=\"index, follow, max-snippet:-1, max-image-preview:large, max-video-preview:-1\" \/>\n<link rel=\"canonical\" href=\"https:\/\/eneaudio.edu.co\/index.php\/cursos-y-talleres\/taller-potencia-tu-creatividad-musical-con-pro-tools-online\/\" \/>\n<meta property=\"og:locale\" content=\"es_ES\" \/>\n<meta property=\"og:type\" content=\"article\" \/>\n<meta property=\"og:title\" content=\"Taller Potencia tu Creatividad Musical con Pro Tools - ONLINE - Instituto ENE Audio\" \/>\n<meta property=\"og:description\" content=\"Taller Potencia tu Creatividad Musical con Pro Tools - ONLINEDictado por Hernando Cruz M\u00fasico \/ Postproductor\u00a0 Este taller est\u00e1 dirigido a estudiantes con conocimientos b\u00e1sicos de m\u00fasica que buscan profundizar en la producci\u00f3n musical y entender los est\u00e1ndares de la industria. A trav\u00e9s de este curso, los participantes dominar\u00e1n el software Pro Tools como herramienta [&hellip;]\" \/>\n<meta property=\"og:url\" content=\"https:\/\/eneaudio.edu.co\/index.php\/cursos-y-talleres\/taller-potencia-tu-creatividad-musical-con-pro-tools-online\/\" \/>\n<meta property=\"og:site_name\" content=\"Instituto ENE Audio\" \/>\n<meta property=\"article:publisher\" content=\"https:\/\/www.facebook.com\/institutoeneaudio\" \/>\n<meta property=\"article:modified_time\" content=\"2024-09-20T16:15:37+00:00\" \/>\n<meta property=\"og:image\" content=\"https:\/\/eneaudio.edu.co\/wp-content\/uploads\/2025\/07\/Imagen-ENE-Audio-Pag.-Web.jpg\" \/>\n\t<meta property=\"og:image:width\" content=\"1774\" \/>\n\t<meta property=\"og:image:height\" content=\"675\" \/>\n\t<meta property=\"og:image:type\" content=\"image\/jpeg\" \/>\n<meta name=\"twitter:card\" content=\"summary_large_image\" \/>\n<meta name=\"twitter:site\" content=\"@ENEaudio\" \/>\n<meta name=\"twitter:label1\" content=\"Tiempo de lectura\" \/>\n\t<meta name=\"twitter:data1\" content=\"3 minutos\" \/>\n<script type=\"application\/ld+json\" class=\"yoast-schema-graph\">{\"@context\":\"https:\/\/schema.org\",\"@graph\":[{\"@type\":\"WebPage\",\"@id\":\"https:\/\/eneaudio.edu.co\/index.php\/cursos-y-talleres\/taller-potencia-tu-creatividad-musical-con-pro-tools-online\/\",\"url\":\"https:\/\/eneaudio.edu.co\/index.php\/cursos-y-talleres\/taller-potencia-tu-creatividad-musical-con-pro-tools-online\/\",\"name\":\"Taller Potencia tu Creatividad Musical con Pro Tools - ONLINE - Instituto ENE Audio\",\"isPartOf\":{\"@id\":\"https:\/\/eneaudio.edu.co\/#website\"},\"datePublished\":\"2024-05-25T15:07:43+00:00\",\"dateModified\":\"2024-09-20T16:15:37+00:00\",\"breadcrumb\":{\"@id\":\"https:\/\/eneaudio.edu.co\/index.php\/cursos-y-talleres\/taller-potencia-tu-creatividad-musical-con-pro-tools-online\/#breadcrumb\"},\"inLanguage\":\"es\",\"potentialAction\":[{\"@type\":\"ReadAction\",\"target\":[\"https:\/\/eneaudio.edu.co\/index.php\/cursos-y-talleres\/taller-potencia-tu-creatividad-musical-con-pro-tools-online\/\"]}]},{\"@type\":\"BreadcrumbList\",\"@id\":\"https:\/\/eneaudio.edu.co\/index.php\/cursos-y-talleres\/taller-potencia-tu-creatividad-musical-con-pro-tools-online\/#breadcrumb\",\"itemListElement\":[{\"@type\":\"ListItem\",\"position\":1,\"name\":\"Portada\",\"item\":\"https:\/\/eneaudio.edu.co\/\"},{\"@type\":\"ListItem\",\"position\":2,\"name\":\"Cursos y talleres\",\"item\":\"https:\/\/eneaudio.edu.co\/index.php\/cursos-y-talleres\/\"},{\"@type\":\"ListItem\",\"position\":3,\"name\":\"Taller Potencia tu Creatividad Musical con Pro Tools &#8211; ONLINE\"}]},{\"@type\":\"WebSite\",\"@id\":\"https:\/\/eneaudio.edu.co\/#website\",\"url\":\"https:\/\/eneaudio.edu.co\/\",\"name\":\"Instituto ENE Audio\",\"description\":\"Educaci\u00f3n T\u00e9cnica en Audio y Sonido - Educaci\u00f3n Continua\",\"publisher\":{\"@id\":\"https:\/\/eneaudio.edu.co\/#organization\"},\"alternateName\":\"ENE Audio\",\"potentialAction\":[{\"@type\":\"SearchAction\",\"target\":{\"@type\":\"EntryPoint\",\"urlTemplate\":\"https:\/\/eneaudio.edu.co\/?s={search_term_string}\"},\"query-input\":{\"@type\":\"PropertyValueSpecification\",\"valueRequired\":true,\"valueName\":\"search_term_string\"}}],\"inLanguage\":\"es\"},{\"@type\":\"Organization\",\"@id\":\"https:\/\/eneaudio.edu.co\/#organization\",\"name\":\"Instituto ENE Audio\",\"url\":\"https:\/\/eneaudio.edu.co\/\",\"logo\":{\"@type\":\"ImageObject\",\"inLanguage\":\"es\",\"@id\":\"https:\/\/eneaudio.edu.co\/#\/schema\/logo\/image\/\",\"url\":\"https:\/\/eneaudio.edu.co\/wp-content\/uploads\/2023\/08\/eneaudio-logo-inicio-05.png\",\"contentUrl\":\"https:\/\/eneaudio.edu.co\/wp-content\/uploads\/2023\/08\/eneaudio-logo-inicio-05.png\",\"width\":364,\"height\":60,\"caption\":\"Instituto ENE Audio\"},\"image\":{\"@id\":\"https:\/\/eneaudio.edu.co\/#\/schema\/logo\/image\/\"},\"sameAs\":[\"https:\/\/www.facebook.com\/institutoeneaudio\",\"https:\/\/x.com\/ENEaudio\",\"https:\/\/www.instagram.com\/eneaudio\/\",\"https:\/\/www.youtube.com\/account_advanced\",\"https:\/\/www.tiktok.com\/@eneaudio\"]}]}<\/script>\n<!-- \/ Yoast SEO plugin. -->","yoast_head_json":{"title":"Taller Potencia tu Creatividad Musical con Pro Tools - ONLINE - Instituto ENE Audio","robots":{"index":"index","follow":"follow","max-snippet":"max-snippet:-1","max-image-preview":"max-image-preview:large","max-video-preview":"max-video-preview:-1"},"canonical":"https:\/\/eneaudio.edu.co\/index.php\/cursos-y-talleres\/taller-potencia-tu-creatividad-musical-con-pro-tools-online\/","og_locale":"es_ES","og_type":"article","og_title":"Taller Potencia tu Creatividad Musical con Pro Tools - ONLINE - Instituto ENE Audio","og_description":"Taller Potencia tu Creatividad Musical con Pro Tools - ONLINEDictado por Hernando Cruz M\u00fasico \/ Postproductor\u00a0 Este taller est\u00e1 dirigido a estudiantes con conocimientos b\u00e1sicos de m\u00fasica que buscan profundizar en la producci\u00f3n musical y entender los est\u00e1ndares de la industria. A trav\u00e9s de este curso, los participantes dominar\u00e1n el software Pro Tools como herramienta [&hellip;]","og_url":"https:\/\/eneaudio.edu.co\/index.php\/cursos-y-talleres\/taller-potencia-tu-creatividad-musical-con-pro-tools-online\/","og_site_name":"Instituto ENE Audio","article_publisher":"https:\/\/www.facebook.com\/institutoeneaudio","article_modified_time":"2024-09-20T16:15:37+00:00","og_image":[{"width":1774,"height":675,"url":"https:\/\/eneaudio.edu.co\/wp-content\/uploads\/2025\/07\/Imagen-ENE-Audio-Pag.-Web.jpg","type":"image\/jpeg"}],"twitter_card":"summary_large_image","twitter_site":"@ENEaudio","twitter_misc":{"Tiempo de lectura":"3 minutos"},"schema":{"@context":"https:\/\/schema.org","@graph":[{"@type":"WebPage","@id":"https:\/\/eneaudio.edu.co\/index.php\/cursos-y-talleres\/taller-potencia-tu-creatividad-musical-con-pro-tools-online\/","url":"https:\/\/eneaudio.edu.co\/index.php\/cursos-y-talleres\/taller-potencia-tu-creatividad-musical-con-pro-tools-online\/","name":"Taller Potencia tu Creatividad Musical con Pro Tools - ONLINE - Instituto ENE Audio","isPartOf":{"@id":"https:\/\/eneaudio.edu.co\/#website"},"datePublished":"2024-05-25T15:07:43+00:00","dateModified":"2024-09-20T16:15:37+00:00","breadcrumb":{"@id":"https:\/\/eneaudio.edu.co\/index.php\/cursos-y-talleres\/taller-potencia-tu-creatividad-musical-con-pro-tools-online\/#breadcrumb"},"inLanguage":"es","potentialAction":[{"@type":"ReadAction","target":["https:\/\/eneaudio.edu.co\/index.php\/cursos-y-talleres\/taller-potencia-tu-creatividad-musical-con-pro-tools-online\/"]}]},{"@type":"BreadcrumbList","@id":"https:\/\/eneaudio.edu.co\/index.php\/cursos-y-talleres\/taller-potencia-tu-creatividad-musical-con-pro-tools-online\/#breadcrumb","itemListElement":[{"@type":"ListItem","position":1,"name":"Portada","item":"https:\/\/eneaudio.edu.co\/"},{"@type":"ListItem","position":2,"name":"Cursos y talleres","item":"https:\/\/eneaudio.edu.co\/index.php\/cursos-y-talleres\/"},{"@type":"ListItem","position":3,"name":"Taller Potencia tu Creatividad Musical con Pro Tools &#8211; ONLINE"}]},{"@type":"WebSite","@id":"https:\/\/eneaudio.edu.co\/#website","url":"https:\/\/eneaudio.edu.co\/","name":"Instituto ENE Audio","description":"Educaci\u00f3n T\u00e9cnica en Audio y Sonido - Educaci\u00f3n Continua","publisher":{"@id":"https:\/\/eneaudio.edu.co\/#organization"},"alternateName":"ENE Audio","potentialAction":[{"@type":"SearchAction","target":{"@type":"EntryPoint","urlTemplate":"https:\/\/eneaudio.edu.co\/?s={search_term_string}"},"query-input":{"@type":"PropertyValueSpecification","valueRequired":true,"valueName":"search_term_string"}}],"inLanguage":"es"},{"@type":"Organization","@id":"https:\/\/eneaudio.edu.co\/#organization","name":"Instituto ENE Audio","url":"https:\/\/eneaudio.edu.co\/","logo":{"@type":"ImageObject","inLanguage":"es","@id":"https:\/\/eneaudio.edu.co\/#\/schema\/logo\/image\/","url":"https:\/\/eneaudio.edu.co\/wp-content\/uploads\/2023\/08\/eneaudio-logo-inicio-05.png","contentUrl":"https:\/\/eneaudio.edu.co\/wp-content\/uploads\/2023\/08\/eneaudio-logo-inicio-05.png","width":364,"height":60,"caption":"Instituto ENE Audio"},"image":{"@id":"https:\/\/eneaudio.edu.co\/#\/schema\/logo\/image\/"},"sameAs":["https:\/\/www.facebook.com\/institutoeneaudio","https:\/\/x.com\/ENEaudio","https:\/\/www.instagram.com\/eneaudio\/","https:\/\/www.youtube.com\/account_advanced","https:\/\/www.tiktok.com\/@eneaudio"]}]}},"jetpack_sharing_enabled":true,"jetpack-related-posts":[{"id":6633,"url":"https:\/\/eneaudio.edu.co\/indexphp\/taller-de-mezcla-dolby-atmos-en-pro-tools-online\/","url_meta":{"origin":2402,"position":0},"title":"Taller de Mezcla Dolby Atmos en Pro Tools &#8211; ONLINE","author":"admin","date":"25 de agosto de 2025","format":false,"excerpt":"","rel":"","context":"Entrada similar","block_context":{"text":"Entrada similar","link":""},"img":{"alt_text":"","src":"","width":0,"height":0},"classes":[]},{"id":27,"url":"https:\/\/eneaudio.edu.co\/","url_meta":{"origin":2402,"position":1},"title":"INICIO","author":"admin","date":"12 de agosto de 2023","format":false,"excerpt":"","rel":"","context":"Entrada similar","block_context":{"text":"Entrada similar","link":""},"img":{"alt_text":"","src":"","width":0,"height":0},"classes":[]},{"id":291,"url":"https:\/\/eneaudio.edu.co\/indexphp\/certificaciones-pro-tools\/","url_meta":{"origin":2402,"position":2},"title":"Certificaciones Pro Tools","author":"admin","date":"20 de diciembre de 2023","format":false,"excerpt":"","rel":"","context":"Entrada similar","block_context":{"text":"Entrada similar","link":""},"img":{"alt_text":"Pantalla de DAW con sesi\u00f3n de mezcla abierta en estudio profesional de audio","src":"https:\/\/i0.wp.com\/eneaudio.edu.co\/wp-content\/uploads\/2024\/10\/Que-es-un-DAW.jpg?resize=350%2C200&ssl=1","width":350,"height":200,"srcset":"https:\/\/i0.wp.com\/eneaudio.edu.co\/wp-content\/uploads\/2024\/10\/Que-es-un-DAW.jpg?resize=350%2C200&ssl=1 1x, https:\/\/i0.wp.com\/eneaudio.edu.co\/wp-content\/uploads\/2024\/10\/Que-es-un-DAW.jpg?resize=525%2C300&ssl=1 1.5x, https:\/\/i0.wp.com\/eneaudio.edu.co\/wp-content\/uploads\/2024\/10\/Que-es-un-DAW.jpg?resize=700%2C400&ssl=1 2x, https:\/\/i0.wp.com\/eneaudio.edu.co\/wp-content\/uploads\/2024\/10\/Que-es-un-DAW.jpg?resize=1050%2C600&ssl=1 3x"},"classes":[]},{"id":7023,"url":"https:\/\/eneaudio.edu.co\/certificacion-pro-tools-dolby-atmos-presencial-cali\/","url_meta":{"origin":2402,"position":3},"title":"Certificaci\u00f3n Pro Tools Dolby Atmos &#8211; Presencial CALI","author":"admin","date":"29 de octubre de 2025","format":false,"excerpt":"","rel":"","context":"Entrada similar","block_context":{"text":"Entrada similar","link":""},"img":{"alt_text":"","src":"","width":0,"height":0},"classes":[]},{"id":331,"url":"https:\/\/eneaudio.edu.co\/indexphp\/certificacion-venue\/","url_meta":{"origin":2402,"position":4},"title":"Certificaci\u00f3n VENUE","author":"admin","date":"22 de diciembre de 2023","format":false,"excerpt":"","rel":"","context":"Entrada similar","block_context":{"text":"Entrada similar","link":""},"img":{"alt_text":"","src":"","width":0,"height":0},"classes":[]},{"id":2646,"url":"https:\/\/eneaudio.edu.co\/indexphp\/webinars\/","url_meta":{"origin":2402,"position":5},"title":"Webinars","author":"admin","date":"17 de junio de 2024","format":false,"excerpt":"","rel":"","context":"Entrada similar","block_context":{"text":"Entrada similar","link":""},"img":{"alt_text":"","src":"","width":0,"height":0},"classes":[]}],"_links":{"self":[{"href":"https:\/\/eneaudio.edu.co\/index.php\/wp-json\/wp\/v2\/pages\/2402","targetHints":{"allow":["GET"]}}],"collection":[{"href":"https:\/\/eneaudio.edu.co\/index.php\/wp-json\/wp\/v2\/pages"}],"about":[{"href":"https:\/\/eneaudio.edu.co\/index.php\/wp-json\/wp\/v2\/types\/page"}],"author":[{"embeddable":true,"href":"https:\/\/eneaudio.edu.co\/index.php\/wp-json\/wp\/v2\/users\/1"}],"replies":[{"embeddable":true,"href":"https:\/\/eneaudio.edu.co\/index.php\/wp-json\/wp\/v2\/comments?post=2402"}],"version-history":[{"count":22,"href":"https:\/\/eneaudio.edu.co\/index.php\/wp-json\/wp\/v2\/pages\/2402\/revisions"}],"predecessor-version":[{"id":3389,"href":"https:\/\/eneaudio.edu.co\/index.php\/wp-json\/wp\/v2\/pages\/2402\/revisions\/3389"}],"up":[{"embeddable":true,"href":"https:\/\/eneaudio.edu.co\/index.php\/wp-json\/wp\/v2\/pages\/936"}],"wp:attachment":[{"href":"https:\/\/eneaudio.edu.co\/index.php\/wp-json\/wp\/v2\/media?parent=2402"}],"curies":[{"name":"wp","href":"https:\/\/api.w.org\/{rel}","templated":true}]}}