{"id":3250,"date":"2024-08-30T13:54:57","date_gmt":"2024-08-30T18:54:57","guid":{"rendered":"https:\/\/eneaudio.edu.co\/?page_id=3250"},"modified":"2024-09-20T11:15:30","modified_gmt":"2024-09-20T16:15:30","slug":"taller-de-sonido-directo-para-audiovisuales-presencial","status":"publish","type":"page","link":"https:\/\/eneaudio.edu.co\/index.php\/cursos-y-talleres\/taller-de-sonido-directo-para-audiovisuales-presencial\/","title":{"rendered":"Taller de Sonido Directo para Audiovisuales &#8211; PRESENCIAL"},"content":{"rendered":"<p>[et_pb_section fb_built=\u00bb1&#8243; custom_padding_last_edited=\u00bbon|desktop\u00bb _builder_version=\u00bb4.25.1&#8243; _module_preset=\u00bbdefault\u00bb background_image=\u00bbhttps:\/\/eneaudio.edu.co\/wp-content\/uploads\/2024\/08\/Header-Taller-Sonido-Directo.jpg\u00bb transform_scale_tablet=\u00bb\u00bb transform_scale_phone=\u00bb\u00bb transform_scale_last_edited=\u00bbon|tablet\u00bb transform_translate_tablet=\u00bb\u00bb transform_translate_phone=\u00bb\u00bb transform_translate_last_edited=\u00bbon|desktop\u00bb transform_rotate_tablet=\u00bb\u00bb transform_rotate_phone=\u00bb\u00bb transform_rotate_last_edited=\u00bbon|desktop\u00bb transform_skew_tablet=\u00bb\u00bb transform_skew_phone=\u00bb\u00bb transform_skew_last_edited=\u00bbon|desktop\u00bb transform_origin_tablet=\u00bb\u00bb transform_origin_phone=\u00bb\u00bb transform_origin_last_edited=\u00bbon|desktop\u00bb transform_styles_last_edited=\u00bbon|tablet\u00bb min_height=\u00bb260px\u00bb min_height_tablet=\u00bb180px\u00bb min_height_phone=\u00bb100px\u00bb min_height_last_edited=\u00bbon|phone\u00bb height=\u00bb200px\u00bb max_height=\u00bb257px\u00bb custom_margin=\u00bb0px||||false|false\u00bb custom_padding=\u00bb153px||43px|||\u00bb custom_padding_tablet=\u00bb90px||||false|false\u00bb custom_padding_phone=\u00bb77px||43px||false|false\u00bb transform_styles_tablet=\u00bb\u00bb transform_styles_phone=\u00bb\u00bb locked=\u00bboff\u00bb global_colors_info=\u00bb{}\u00bb][et_pb_row _builder_version=\u00bb4.25.1&#8243; _module_preset=\u00bbdefault\u00bb module_alignment=\u00bbcenter\u00bb custom_margin=\u00bb||0px||false|false\u00bb custom_padding=\u00bb||0px||false|false\u00bb global_colors_info=\u00bb{}\u00bb][et_pb_column type=\u00bb4_4&#8243; _builder_version=\u00bb4.24.3&#8243; _module_preset=\u00bbdefault\u00bb global_colors_info=\u00bb{}\u00bb][et_pb_text _builder_version=\u00bb4.25.1&#8243; _module_preset=\u00bbdefault\u00bb header_text_color=\u00bb#FFFFFF\u00bb custom_margin=\u00bb||||false|false\u00bb custom_padding=\u00bb||||false|false\u00bb text_text_shadow_style=\u00bbpreset1&#8243; header_text_shadow_style=\u00bbpreset5&#8243; global_colors_info=\u00bb{}\u00bb]<\/p>\n<h1>Taller de Sonido Directo para Audiovisuales<\/h1>\n<p>[\/et_pb_text][\/et_pb_column][\/et_pb_row][\/et_pb_section][et_pb_section fb_built=\u00bb1&#8243; _builder_version=\u00bb4.24.3&#8243; _module_preset=\u00bbdefault\u00bb locked=\u00bboff\u00bb global_colors_info=\u00bb{}\u00bb][et_pb_row column_structure=\u00bb1_2,1_2&#8243; _builder_version=\u00bb4.25.1&#8243; _module_preset=\u00bbdefault\u00bb custom_margin=\u00bb0px||||false|false\u00bb custom_padding=\u00bb0px||||false|false\u00bb global_colors_info=\u00bb{}\u00bb][et_pb_column type=\u00bb1_2&#8243; _builder_version=\u00bb4.24.3&#8243; _module_preset=\u00bbdefault\u00bb global_colors_info=\u00bb{}\u00bb][et_pb_text _builder_version=\u00bb4.25.1&#8243; _module_preset=\u00bbdefault\u00bb link_font=\u00bb||||||||\u00bb header_2_text_color=\u00bb#C70000&#8243; custom_padding=\u00bb5px|||||\u00bb global_colors_info=\u00bb{}\u00bb]<\/p>\n<h2><a href=\"https:\/\/eneaudio.edu.co\/index.php\/somos\/docentes-ene-audio\/edgar-trujillo\/\">Dictado por \u00c9dgar Trujillo<\/a><\/h2>\n<h4>Sonidista Profesional<\/h4>\n<p>Este taller est\u00e1 dise\u00f1ado para que los participantes se especialicen en la captura de sonido directo para producciones audiovisuales. Durante el curso, los asistentes aprender\u00e1n a manejar eficientemente los equipos de sonido, perfeccionar\u00e1n t\u00e9cnicas de microfoneo, y comprender\u00e1n la importancia de una captura sonora de calidad. Adem\u00e1s, se familiarizar\u00e1n con los roles y responsabilidades de los distintos miembros del equipo en un set de grabaci\u00f3n.<\/p>\n<h2><span class=\"agsdi-icon i-agsdi-check-circle\" data-icon=\"agsdi-check-circle\" style=\"color: #c70000!important; font-size: 30;\">check circle icon<\/span> Requisitos<\/h2>\n<ul>\n<li><span style=\"font-weight: 400;\">Conocimiento de audio a un nivel medio o avanzado.<\/span><\/li>\n<\/ul>\n<h2><span class=\"agsdi-icon i-agsdi-notebook-2\" data-icon=\"agsdi-notebook-2\" style=\"color: #c70000!important; font-size: 30;\">notebook 2 icon<\/span>\u00a0Metodolog\u00eda<\/h2>\n<p>El taller se llevar\u00e1 a cabo de manera presencial en las instalaciones de ENE Audio, donde los participantes realizar\u00e1n pr\u00e1cticas con equipos especializados para perfeccionar sus habilidades en esta \u00e1rea.<\/p>\n<h2><span class=\"agsdi-icon i-agsdi-calendar-heart\" data-icon=\"agsdi-calendar-heart\" style=\"color: #c70000!important; font-size: 30;\">calendar heart icon<\/span>\u00a0Duraci\u00f3n<\/h2>\n<p><span style=\"font-weight: 400;\">La clase tiene una duraci\u00f3n de 7 horas y tendr\u00e1 lugar el s\u00e1bado 28 de septiembre de 2024 de 8:00 a.m. a 4:00 p.m., con una hora de almuerzo.<\/span><\/p>\n<h2><span class=\"agsdi-icon i-agsdi-dollar\" data-icon=\"agsdi-dollar\" style=\"color: #c70000!important; font-size: 30;\">dollar icon<\/span>\u00a0Inversi\u00f3n<\/h2>\n<p>Pesos colombianos <span style=\"font-weight: 400;\">\u00a0<\/span><b>$597.000<\/b><br \/><strong>** Pregunta por nuestro descuento especial por <a href=\"https:\/\/api.whatsapp.com\/send?phone=573188798097&amp;text=Hola%20Lucia.%20Deseo%20recibir%20informaci%C3%B3n%20sobre%20el%20descuento%20del%20Taller%20de%20Sonido%20Directo%20para%20Audiovisuales\" target=\"_blank\" rel=\"noopener\">WhatsApp AQU\u00cd<\/a><\/strong><\/p>\n<p>&nbsp;<\/p>\n<p>[\/et_pb_text][\/et_pb_column][et_pb_column type=\u00bb1_2&#8243; _builder_version=\u00bb4.24.3&#8243; _module_preset=\u00bbdefault\u00bb global_colors_info=\u00bb{}\u00bb][et_pb_code _builder_version=\u00bb4.25.1&#8243; _module_preset=\u00bbdefault\u00bb border_radii=\u00bbon|10px|10px|10px|10px\u00bb box_shadow_style=\u00bbpreset6&#8243; global_colors_info=\u00bb{}\u00bb]<iframe loading=\"lazy\" src=\"https:\/\/docs.google.com\/forms\/d\/e\/1FAIpQLSfKx2pnL0NXfO14kndGsGJr55bzvXfszer-ItB5ktPgZHMvfw\/viewform?usp=sf_link\" width=\"640\" height=\"1137\" frameborder=\"0\" marginheight=\"0\" marginwidth=\"0\">Cargando\u2026<\/iframe>[\/et_pb_code][\/et_pb_column][\/et_pb_row][\/et_pb_section]<\/p>\n","protected":false},"excerpt":{"rendered":"<p>Taller de Sonido Directo para AudiovisualesDictado por \u00c9dgar Trujillo Sonidista Profesional Este taller est\u00e1 dise\u00f1ado para que los participantes se especialicen en la captura de sonido directo para producciones audiovisuales. Durante el curso, los asistentes aprender\u00e1n a manejar eficientemente los equipos de sonido, perfeccionar\u00e1n t\u00e9cnicas de microfoneo, y comprender\u00e1n la importancia de una captura sonora [&hellip;]<\/p>\n","protected":false},"author":1,"featured_media":0,"parent":936,"menu_order":0,"comment_status":"closed","ping_status":"closed","template":"","meta":{"_et_pb_use_builder":"on","_et_pb_old_content":"","_et_gb_content_width":"","sfsi_plus_gutenberg_text_before_share":"","sfsi_plus_gutenberg_show_text_before_share":"","sfsi_plus_gutenberg_icon_type":"","sfsi_plus_gutenberg_icon_alignemt":"","sfsi_plus_gutenburg_max_per_row":"","_monsterinsights_skip_tracking":false,"_monsterinsights_sitenote_active":false,"_monsterinsights_sitenote_note":"","_monsterinsights_sitenote_category":0,"_joinchat":[],"footnotes":""},"class_list":["post-3250","page","type-page","status-publish","hentry"],"yoast_head":"<!-- This site is optimized with the Yoast SEO plugin v26.9 - https:\/\/yoast.com\/product\/yoast-seo-wordpress\/ -->\n<title>Taller de Sonido Directo para Audiovisuales - PRESENCIAL - Instituto ENE Audio<\/title>\n<meta name=\"robots\" content=\"index, follow, max-snippet:-1, max-image-preview:large, max-video-preview:-1\" \/>\n<link rel=\"canonical\" href=\"https:\/\/eneaudio.edu.co\/index.php\/cursos-y-talleres\/taller-de-sonido-directo-para-audiovisuales-presencial\/\" \/>\n<meta property=\"og:locale\" content=\"es_ES\" \/>\n<meta property=\"og:type\" content=\"article\" \/>\n<meta property=\"og:title\" content=\"Taller de Sonido Directo para Audiovisuales - PRESENCIAL - Instituto ENE Audio\" \/>\n<meta property=\"og:description\" content=\"Taller de Sonido Directo para AudiovisualesDictado por \u00c9dgar Trujillo Sonidista Profesional Este taller est\u00e1 dise\u00f1ado para que los participantes se especialicen en la captura de sonido directo para producciones audiovisuales. Durante el curso, los asistentes aprender\u00e1n a manejar eficientemente los equipos de sonido, perfeccionar\u00e1n t\u00e9cnicas de microfoneo, y comprender\u00e1n la importancia de una captura sonora [&hellip;]\" \/>\n<meta property=\"og:url\" content=\"https:\/\/eneaudio.edu.co\/index.php\/cursos-y-talleres\/taller-de-sonido-directo-para-audiovisuales-presencial\/\" \/>\n<meta property=\"og:site_name\" content=\"Instituto ENE Audio\" \/>\n<meta property=\"article:publisher\" content=\"https:\/\/www.facebook.com\/institutoeneaudio\" \/>\n<meta property=\"article:modified_time\" content=\"2024-09-20T16:15:30+00:00\" \/>\n<meta property=\"og:image\" content=\"https:\/\/eneaudio.edu.co\/wp-content\/uploads\/2025\/07\/Imagen-ENE-Audio-Pag.-Web.jpg\" \/>\n\t<meta property=\"og:image:width\" content=\"1774\" \/>\n\t<meta property=\"og:image:height\" content=\"675\" \/>\n\t<meta property=\"og:image:type\" content=\"image\/jpeg\" \/>\n<meta name=\"twitter:card\" content=\"summary_large_image\" \/>\n<meta name=\"twitter:site\" content=\"@ENEaudio\" \/>\n<script type=\"application\/ld+json\" class=\"yoast-schema-graph\">{\"@context\":\"https:\/\/schema.org\",\"@graph\":[{\"@type\":\"WebPage\",\"@id\":\"https:\/\/eneaudio.edu.co\/index.php\/cursos-y-talleres\/taller-de-sonido-directo-para-audiovisuales-presencial\/\",\"url\":\"https:\/\/eneaudio.edu.co\/index.php\/cursos-y-talleres\/taller-de-sonido-directo-para-audiovisuales-presencial\/\",\"name\":\"Taller de Sonido Directo para Audiovisuales - PRESENCIAL - Instituto ENE Audio\",\"isPartOf\":{\"@id\":\"https:\/\/eneaudio.edu.co\/#website\"},\"datePublished\":\"2024-08-30T18:54:57+00:00\",\"dateModified\":\"2024-09-20T16:15:30+00:00\",\"breadcrumb\":{\"@id\":\"https:\/\/eneaudio.edu.co\/index.php\/cursos-y-talleres\/taller-de-sonido-directo-para-audiovisuales-presencial\/#breadcrumb\"},\"inLanguage\":\"es\",\"potentialAction\":[{\"@type\":\"ReadAction\",\"target\":[\"https:\/\/eneaudio.edu.co\/index.php\/cursos-y-talleres\/taller-de-sonido-directo-para-audiovisuales-presencial\/\"]}]},{\"@type\":\"BreadcrumbList\",\"@id\":\"https:\/\/eneaudio.edu.co\/index.php\/cursos-y-talleres\/taller-de-sonido-directo-para-audiovisuales-presencial\/#breadcrumb\",\"itemListElement\":[{\"@type\":\"ListItem\",\"position\":1,\"name\":\"Portada\",\"item\":\"https:\/\/eneaudio.edu.co\/\"},{\"@type\":\"ListItem\",\"position\":2,\"name\":\"Cursos y talleres\",\"item\":\"https:\/\/eneaudio.edu.co\/index.php\/cursos-y-talleres\/\"},{\"@type\":\"ListItem\",\"position\":3,\"name\":\"Taller de Sonido Directo para Audiovisuales &#8211; PRESENCIAL\"}]},{\"@type\":\"WebSite\",\"@id\":\"https:\/\/eneaudio.edu.co\/#website\",\"url\":\"https:\/\/eneaudio.edu.co\/\",\"name\":\"Instituto ENE Audio\",\"description\":\"Educaci\u00f3n T\u00e9cnica en Audio y Sonido - Educaci\u00f3n Continua\",\"publisher\":{\"@id\":\"https:\/\/eneaudio.edu.co\/#organization\"},\"alternateName\":\"ENE Audio\",\"potentialAction\":[{\"@type\":\"SearchAction\",\"target\":{\"@type\":\"EntryPoint\",\"urlTemplate\":\"https:\/\/eneaudio.edu.co\/?s={search_term_string}\"},\"query-input\":{\"@type\":\"PropertyValueSpecification\",\"valueRequired\":true,\"valueName\":\"search_term_string\"}}],\"inLanguage\":\"es\"},{\"@type\":\"Organization\",\"@id\":\"https:\/\/eneaudio.edu.co\/#organization\",\"name\":\"Instituto ENE Audio\",\"url\":\"https:\/\/eneaudio.edu.co\/\",\"logo\":{\"@type\":\"ImageObject\",\"inLanguage\":\"es\",\"@id\":\"https:\/\/eneaudio.edu.co\/#\/schema\/logo\/image\/\",\"url\":\"https:\/\/eneaudio.edu.co\/wp-content\/uploads\/2023\/08\/eneaudio-logo-inicio-05.png\",\"contentUrl\":\"https:\/\/eneaudio.edu.co\/wp-content\/uploads\/2023\/08\/eneaudio-logo-inicio-05.png\",\"width\":364,\"height\":60,\"caption\":\"Instituto ENE Audio\"},\"image\":{\"@id\":\"https:\/\/eneaudio.edu.co\/#\/schema\/logo\/image\/\"},\"sameAs\":[\"https:\/\/www.facebook.com\/institutoeneaudio\",\"https:\/\/x.com\/ENEaudio\",\"https:\/\/www.instagram.com\/eneaudio\/\",\"https:\/\/www.youtube.com\/account_advanced\",\"https:\/\/www.tiktok.com\/@eneaudio\"]}]}<\/script>\n<!-- \/ Yoast SEO plugin. -->","yoast_head_json":{"title":"Taller de Sonido Directo para Audiovisuales - PRESENCIAL - Instituto ENE Audio","robots":{"index":"index","follow":"follow","max-snippet":"max-snippet:-1","max-image-preview":"max-image-preview:large","max-video-preview":"max-video-preview:-1"},"canonical":"https:\/\/eneaudio.edu.co\/index.php\/cursos-y-talleres\/taller-de-sonido-directo-para-audiovisuales-presencial\/","og_locale":"es_ES","og_type":"article","og_title":"Taller de Sonido Directo para Audiovisuales - PRESENCIAL - Instituto ENE Audio","og_description":"Taller de Sonido Directo para AudiovisualesDictado por \u00c9dgar Trujillo Sonidista Profesional Este taller est\u00e1 dise\u00f1ado para que los participantes se especialicen en la captura de sonido directo para producciones audiovisuales. Durante el curso, los asistentes aprender\u00e1n a manejar eficientemente los equipos de sonido, perfeccionar\u00e1n t\u00e9cnicas de microfoneo, y comprender\u00e1n la importancia de una captura sonora [&hellip;]","og_url":"https:\/\/eneaudio.edu.co\/index.php\/cursos-y-talleres\/taller-de-sonido-directo-para-audiovisuales-presencial\/","og_site_name":"Instituto ENE Audio","article_publisher":"https:\/\/www.facebook.com\/institutoeneaudio","article_modified_time":"2024-09-20T16:15:30+00:00","og_image":[{"width":1774,"height":675,"url":"https:\/\/eneaudio.edu.co\/wp-content\/uploads\/2025\/07\/Imagen-ENE-Audio-Pag.-Web.jpg","type":"image\/jpeg"}],"twitter_card":"summary_large_image","twitter_site":"@ENEaudio","schema":{"@context":"https:\/\/schema.org","@graph":[{"@type":"WebPage","@id":"https:\/\/eneaudio.edu.co\/index.php\/cursos-y-talleres\/taller-de-sonido-directo-para-audiovisuales-presencial\/","url":"https:\/\/eneaudio.edu.co\/index.php\/cursos-y-talleres\/taller-de-sonido-directo-para-audiovisuales-presencial\/","name":"Taller de Sonido Directo para Audiovisuales - PRESENCIAL - Instituto ENE Audio","isPartOf":{"@id":"https:\/\/eneaudio.edu.co\/#website"},"datePublished":"2024-08-30T18:54:57+00:00","dateModified":"2024-09-20T16:15:30+00:00","breadcrumb":{"@id":"https:\/\/eneaudio.edu.co\/index.php\/cursos-y-talleres\/taller-de-sonido-directo-para-audiovisuales-presencial\/#breadcrumb"},"inLanguage":"es","potentialAction":[{"@type":"ReadAction","target":["https:\/\/eneaudio.edu.co\/index.php\/cursos-y-talleres\/taller-de-sonido-directo-para-audiovisuales-presencial\/"]}]},{"@type":"BreadcrumbList","@id":"https:\/\/eneaudio.edu.co\/index.php\/cursos-y-talleres\/taller-de-sonido-directo-para-audiovisuales-presencial\/#breadcrumb","itemListElement":[{"@type":"ListItem","position":1,"name":"Portada","item":"https:\/\/eneaudio.edu.co\/"},{"@type":"ListItem","position":2,"name":"Cursos y talleres","item":"https:\/\/eneaudio.edu.co\/index.php\/cursos-y-talleres\/"},{"@type":"ListItem","position":3,"name":"Taller de Sonido Directo para Audiovisuales &#8211; PRESENCIAL"}]},{"@type":"WebSite","@id":"https:\/\/eneaudio.edu.co\/#website","url":"https:\/\/eneaudio.edu.co\/","name":"Instituto ENE Audio","description":"Educaci\u00f3n T\u00e9cnica en Audio y Sonido - Educaci\u00f3n Continua","publisher":{"@id":"https:\/\/eneaudio.edu.co\/#organization"},"alternateName":"ENE Audio","potentialAction":[{"@type":"SearchAction","target":{"@type":"EntryPoint","urlTemplate":"https:\/\/eneaudio.edu.co\/?s={search_term_string}"},"query-input":{"@type":"PropertyValueSpecification","valueRequired":true,"valueName":"search_term_string"}}],"inLanguage":"es"},{"@type":"Organization","@id":"https:\/\/eneaudio.edu.co\/#organization","name":"Instituto ENE Audio","url":"https:\/\/eneaudio.edu.co\/","logo":{"@type":"ImageObject","inLanguage":"es","@id":"https:\/\/eneaudio.edu.co\/#\/schema\/logo\/image\/","url":"https:\/\/eneaudio.edu.co\/wp-content\/uploads\/2023\/08\/eneaudio-logo-inicio-05.png","contentUrl":"https:\/\/eneaudio.edu.co\/wp-content\/uploads\/2023\/08\/eneaudio-logo-inicio-05.png","width":364,"height":60,"caption":"Instituto ENE Audio"},"image":{"@id":"https:\/\/eneaudio.edu.co\/#\/schema\/logo\/image\/"},"sameAs":["https:\/\/www.facebook.com\/institutoeneaudio","https:\/\/x.com\/ENEaudio","https:\/\/www.instagram.com\/eneaudio\/","https:\/\/www.youtube.com\/account_advanced","https:\/\/www.tiktok.com\/@eneaudio"]}]}},"jetpack_sharing_enabled":true,"jetpack-related-posts":[{"id":3286,"url":"https:\/\/eneaudio.edu.co\/indexphp\/cursos-y-talleres\/taller-medicion-de-loudness-para-audiovisuales-online\/","url_meta":{"origin":3250,"position":0},"title":"Taller de Medici\u00f3n de Loudness para Audiovisuales &#8211; ONLINE","author":"admin","date":"5 de septiembre de 2024","format":false,"excerpt":"","rel":"","context":"Entrada similar","block_context":{"text":"Entrada similar","link":""},"img":{"alt_text":"","src":"","width":0,"height":0},"classes":[]},{"id":3368,"url":"https:\/\/eneaudio.edu.co\/indexphp\/cursos-y-talleres\/taller-de-limpieza-de-audio-en-izotope-rx-online\/","url_meta":{"origin":3250,"position":1},"title":"Taller de Limpieza de Audio en iZotope RX &#8211; ONLINE","author":"admin","date":"10 de septiembre de 2024","format":false,"excerpt":"","rel":"","context":"Entrada similar","block_context":{"text":"Entrada similar","link":""},"img":{"alt_text":"","src":"","width":0,"height":0},"classes":[]},{"id":7787,"url":"https:\/\/eneaudio.edu.co\/taller-mastering-de-audio-profesional-flujo-de-trabajo-digital-e-hibrido-presencial\/","url_meta":{"origin":3250,"position":2},"title":"Taller Mastering de Audio Profesional Flujo de Trabajo Digital e H\u00edbrido &#8211; PRESENCIAL","author":"admin","date":"22 de abril de 2026","format":false,"excerpt":"","rel":"","context":"Entrada similar","block_context":{"text":"Entrada similar","link":""},"img":{"alt_text":"","src":"","width":0,"height":0},"classes":[]},{"id":7900,"url":"https:\/\/eneaudio.edu.co\/taller-creatividad-en-ableton-live-online\/","url_meta":{"origin":3250,"position":3},"title":"Taller Creatividad en Ableton Live &#8211; ONLINE","author":"admin","date":"30 de abril de 2026","format":false,"excerpt":"","rel":"","context":"Entrada similar","block_context":{"text":"Entrada similar","link":""},"img":{"alt_text":"","src":"","width":0,"height":0},"classes":[]},{"id":3601,"url":"https:\/\/eneaudio.edu.co\/index.php\/talleres-de-sonido-en-vivo\/","url_meta":{"origin":3250,"position":4},"title":"Talleres de Sonido en Vivo","author":"admin","date":"5 de octubre de 2024","format":false,"excerpt":"","rel":"","context":"Entrada similar","block_context":{"text":"Entrada similar","link":""},"img":{"alt_text":"","src":"","width":0,"height":0},"classes":[]},{"id":795,"url":"https:\/\/eneaudio.edu.co\/index.php\/somos\/docentes\/mario-romero-romero\/","url_meta":{"origin":3250,"position":5},"title":"Mario Romero Romero","author":"admin","date":"11 de marzo de 2024","format":false,"excerpt":"","rel":"","context":"Entrada similar","block_context":{"text":"Entrada similar","link":""},"img":{"alt_text":"","src":"https:\/\/i0.wp.com\/eneaudio.edu.co\/wp-content\/uploads\/2024\/05\/Banner-Produccion-Musical.jpg?resize=350%2C200&ssl=1","width":350,"height":200,"srcset":"https:\/\/i0.wp.com\/eneaudio.edu.co\/wp-content\/uploads\/2024\/05\/Banner-Produccion-Musical.jpg?resize=350%2C200&ssl=1 1x, https:\/\/i0.wp.com\/eneaudio.edu.co\/wp-content\/uploads\/2024\/05\/Banner-Produccion-Musical.jpg?resize=525%2C300&ssl=1 1.5x, https:\/\/i0.wp.com\/eneaudio.edu.co\/wp-content\/uploads\/2024\/05\/Banner-Produccion-Musical.jpg?resize=700%2C400&ssl=1 2x"},"classes":[]}],"_links":{"self":[{"href":"https:\/\/eneaudio.edu.co\/index.php\/wp-json\/wp\/v2\/pages\/3250","targetHints":{"allow":["GET"]}}],"collection":[{"href":"https:\/\/eneaudio.edu.co\/index.php\/wp-json\/wp\/v2\/pages"}],"about":[{"href":"https:\/\/eneaudio.edu.co\/index.php\/wp-json\/wp\/v2\/types\/page"}],"author":[{"embeddable":true,"href":"https:\/\/eneaudio.edu.co\/index.php\/wp-json\/wp\/v2\/users\/1"}],"replies":[{"embeddable":true,"href":"https:\/\/eneaudio.edu.co\/index.php\/wp-json\/wp\/v2\/comments?post=3250"}],"version-history":[{"count":11,"href":"https:\/\/eneaudio.edu.co\/index.php\/wp-json\/wp\/v2\/pages\/3250\/revisions"}],"predecessor-version":[{"id":3388,"href":"https:\/\/eneaudio.edu.co\/index.php\/wp-json\/wp\/v2\/pages\/3250\/revisions\/3388"}],"up":[{"embeddable":true,"href":"https:\/\/eneaudio.edu.co\/index.php\/wp-json\/wp\/v2\/pages\/936"}],"wp:attachment":[{"href":"https:\/\/eneaudio.edu.co\/index.php\/wp-json\/wp\/v2\/media?parent=3250"}],"curies":[{"name":"wp","href":"https:\/\/api.w.org\/{rel}","templated":true}]}}