{"id":3380,"date":"2024-09-10T11:25:32","date_gmt":"2024-09-10T16:25:32","guid":{"rendered":"https:\/\/eneaudio.edu.co\/?page_id=3380"},"modified":"2024-09-20T11:41:05","modified_gmt":"2024-09-20T16:41:05","slug":"taller-de-grabacion-y-edicion-de-doblaje-y-foley-para-medios-audiovisuales-presencial","status":"publish","type":"page","link":"https:\/\/eneaudio.edu.co\/index.php\/cursos-y-talleres\/taller-de-grabacion-y-edicion-de-doblaje-y-foley-para-medios-audiovisuales-presencial\/","title":{"rendered":"Taller de Grabaci\u00f3n y Edici\u00f3n de Doblaje y Foley para Medios Audiovisuales"},"content":{"rendered":"<p>[et_pb_section fb_built=\u00bb1&#8243; custom_padding_last_edited=\u00bbon|desktop\u00bb _builder_version=\u00bb4.27.0&#8243; _module_preset=\u00bbdefault\u00bb background_image=\u00bbhttps:\/\/eneaudio.edu.co\/wp-content\/uploads\/2024\/09\/Header-Taller-Grabacion-y-Edicion-de-Foley-y-Doblaje.jpg\u00bb transform_scale_tablet=\u00bb\u00bb transform_scale_phone=\u00bb\u00bb transform_scale_last_edited=\u00bbon|tablet\u00bb transform_translate_tablet=\u00bb\u00bb transform_translate_phone=\u00bb\u00bb transform_translate_last_edited=\u00bbon|desktop\u00bb transform_rotate_tablet=\u00bb\u00bb transform_rotate_phone=\u00bb\u00bb transform_rotate_last_edited=\u00bbon|desktop\u00bb transform_skew_tablet=\u00bb\u00bb transform_skew_phone=\u00bb\u00bb transform_skew_last_edited=\u00bbon|desktop\u00bb transform_origin_tablet=\u00bb\u00bb transform_origin_phone=\u00bb\u00bb transform_origin_last_edited=\u00bbon|desktop\u00bb transform_styles_last_edited=\u00bbon|tablet\u00bb min_height_tablet=\u00bb180px\u00bb min_height_phone=\u00bb100px\u00bb min_height_last_edited=\u00bbon|desktop\u00bb height=\u00bb205px\u00bb max_height=\u00bb257px\u00bb custom_margin=\u00bb0px||||false|false\u00bb custom_padding=\u00bb153px||43px|||\u00bb custom_padding_tablet=\u00bb90px||||false|false\u00bb custom_padding_phone=\u00bb77px||43px||false|false\u00bb hover_enabled=\u00bb0&#8243; transform_styles_tablet=\u00bb\u00bb transform_styles_phone=\u00bb\u00bb locked=\u00bboff\u00bb global_colors_info=\u00bb{}\u00bb title_text=\u00bbHeader Taller Grabacio\u0301n y Edicio\u0301n de Foley y Doblaje\u00bb sticky_enabled=\u00bb0&#8243;][et_pb_row _builder_version=\u00bb4.27.0&#8243; _module_preset=\u00bbdefault\u00bb module_alignment=\u00bbcenter\u00bb custom_margin=\u00bb0px||0px||false|false\u00bb custom_padding=\u00bb0px||0px||false|false\u00bb global_colors_info=\u00bb{}\u00bb][et_pb_column type=\u00bb4_4&#8243; _builder_version=\u00bb4.24.3&#8243; _module_preset=\u00bbdefault\u00bb global_colors_info=\u00bb{}\u00bb][et_pb_text _builder_version=\u00bb4.27.0&#8243; _module_preset=\u00bbdefault\u00bb header_text_color=\u00bb#FFFFFF\u00bb custom_margin=\u00bb||||false|false\u00bb custom_padding=\u00bb||||false|false\u00bb text_text_shadow_style=\u00bbpreset1&#8243; header_text_shadow_style=\u00bbpreset5&#8243; global_colors_info=\u00bb{}\u00bb]<\/p>\n<h1>Taller de Grabaci\u00f3n y Edici\u00f3n de Doblaje y Foley para Audiovisuales &#8211; PRESENCIAL<\/h1>\n<p>[\/et_pb_text][\/et_pb_column][\/et_pb_row][\/et_pb_section][et_pb_section fb_built=\u00bb1&#8243; _builder_version=\u00bb4.24.3&#8243; _module_preset=\u00bbdefault\u00bb locked=\u00bboff\u00bb global_colors_info=\u00bb{}\u00bb][et_pb_row column_structure=\u00bb1_2,1_2&#8243; _builder_version=\u00bb4.25.1&#8243; _module_preset=\u00bbdefault\u00bb custom_margin=\u00bb0px||||false|false\u00bb custom_padding=\u00bb0px||||false|false\u00bb global_colors_info=\u00bb{}\u00bb][et_pb_column type=\u00bb1_2&#8243; _builder_version=\u00bb4.24.3&#8243; _module_preset=\u00bbdefault\u00bb global_colors_info=\u00bb{}\u00bb][et_pb_text _builder_version=\u00bb4.27.0&#8243; _module_preset=\u00bbdefault\u00bb link_font=\u00bb||||||||\u00bb header_2_text_color=\u00bb#C70000&#8243; custom_padding=\u00bb5px|||||\u00bb global_colors_info=\u00bb{}\u00bb]<\/p>\n<h2>Dictado por Nicol\u00e1s Guar\u00edn<\/h2>\n<h4>Productor Musical \/ Postproductor \/ M\u00fasico<\/h4>\n<p>Dirigido a t\u00e9cnicos de sonido, estudiantes de producci\u00f3n de audio, ingenieros y profesionales del \u00e1rea interesados en la t\u00e9cnica del doblaje y el foley. Es ideal para quienes buscan profundizar en el manejo de Pro Tools y adquirir un entendimiento avanzado del flujo de trabajo y de la se\u00f1al en el estudio, as\u00ed como de las t\u00e9cnicas de edici\u00f3n y procesamiento aplicadas en estos campos.<\/p>\n<h2><span class=\"agsdi-icon\" data-icon=\"agsdi-check-circle\" style=\"color: #c70000!important; font-size: 30;\">check circle icon<\/span> Requisitos<\/h2>\n<ul>\n<li><span style=\"font-size: 14px; color: #666666; font-family: 'Open Sans', Helvetica, Arial, Lucida, sans-serif;\">Conocimientos ba\u0301sicos\/medios sobre audio y grabacio\u0301n.<\/span><\/li>\n<li>Familiaridad con el software Pro Tools.<\/li>\n<\/ul>\n<h2><span class=\"agsdi-icon\" data-icon=\"agsdi-notebook-2\" style=\"color: #c70000!important; font-size: 30;\">notebook 2 icon<\/span>\u00a0Metodolog\u00eda<\/h2>\n<p>El taller se llevar\u00e1 a cabo de manera presencial en las instalaciones de ENE Audio, donde los participantes realizar\u00e1n pr\u00e1cticas con equipos especializados para perfeccionar sus habilidades en esta \u00e1rea.<\/p>\n<h2><span class=\"agsdi-icon\" data-icon=\"agsdi-calendar-heart\" style=\"color: #c70000!important; font-size: 30;\">calendar heart icon<\/span>\u00a0Duraci\u00f3n<\/h2>\n<div class=\"page\" title=\"Page 2\">\n<div class=\"section\">\n<div class=\"layoutArea\">\n<div class=\"column\">\n<p><span>Las clases tienen una duracio\u0301n total de 14 horas, divididas en dos sesiones de 7 horas cada una, y se realizara\u0301n el sa\u0301bado 05 de octubre y el sa\u0301bado 19 de octubre de 2024, de 8:00 a.m. a 4:00 p.m., con una hora de almuerzo. <\/span><\/p>\n<p><span><\/span><\/p>\n<\/div>\n<\/div>\n<\/div>\n<\/div>\n<h2><span class=\"agsdi-icon\" data-icon=\"agsdi-dollar\" style=\"color: #c70000!important; font-size: 30;\">dollar icon<\/span>\u00a0Inversi\u00f3n<\/h2>\n<p>Pesos colombianos <span style=\"font-weight: 400;\">\u00a0<\/span><b>$812.000<\/b><br \/>\n<strong>** Pregunta por nuestro descuento especial por <a href=\"https:\/\/api.whatsapp.com\/send?phone=573188798097&amp;text=Hola%20Lucia,%20quiero%20m%C3%A1s%20informaci%C3%B3n%20sobre%20el%20descuento%20especial%20del%20Taller%20de%20Grabacio%CC%81n%20y%20Edicio%CC%81n%20de%20Doblaje%20y%20Foley%20para%20Medios%20Audiovisuales\" target=\"_blank\" rel=\"noopener\">WhatsApp AQU\u00cd<\/a><\/strong><\/p>\n<p>&nbsp;[\/et_pb_text][\/et_pb_column][et_pb_column type=\u00bb1_2&#8243; _builder_version=\u00bb4.24.3&#8243; _module_preset=\u00bbdefault\u00bb global_colors_info=\u00bb{}\u00bb][et_pb_code _builder_version=\u00bb4.27.0&#8243; _module_preset=\u00bbdefault\u00bb border_radii=\u00bbon|10px|10px|10px|10px\u00bb box_shadow_style=\u00bbpreset6&#8243; global_colors_info=\u00bb{}\u00bb]<iframe loading=\"lazy\" src=\"https:\/\/docs.google.com\/forms\/d\/e\/1FAIpQLScCdrF3CTSsE41-PLIvsaOs8OsSfmxiMNAWUphctj52Op7XlQ\/viewform?usp=sf_link\" width=\"640\" height=\"1137\" frameborder=\"0\" marginheight=\"0\" marginwidth=\"0\">Cargando\u2026<\/iframe>[\/et_pb_code][\/et_pb_column][\/et_pb_row][\/et_pb_section]<\/p>\n","protected":false},"excerpt":{"rendered":"<p>Taller de Grabaci\u00f3n y Edici\u00f3n de Doblaje y Foley para Audiovisuales &#8211; PRESENCIALDictado por Nicol\u00e1s Guar\u00edn Productor Musical \/ Postproductor \/ M\u00fasico Dirigido a t\u00e9cnicos de sonido, estudiantes de producci\u00f3n de audio, ingenieros y profesionales del \u00e1rea interesados en la t\u00e9cnica del doblaje y el foley. Es ideal para quienes buscan profundizar en el manejo [&hellip;]<\/p>\n","protected":false},"author":1,"featured_media":0,"parent":936,"menu_order":0,"comment_status":"closed","ping_status":"closed","template":"","meta":{"_et_pb_use_builder":"on","_et_pb_old_content":"","_et_gb_content_width":"","sfsi_plus_gutenberg_text_before_share":"","sfsi_plus_gutenberg_show_text_before_share":"","sfsi_plus_gutenberg_icon_type":"","sfsi_plus_gutenberg_icon_alignemt":"","sfsi_plus_gutenburg_max_per_row":"","_monsterinsights_skip_tracking":false,"_monsterinsights_sitenote_active":false,"_monsterinsights_sitenote_note":"","_monsterinsights_sitenote_category":0,"_joinchat":[],"footnotes":""},"class_list":["post-3380","page","type-page","status-publish","hentry"],"yoast_head":"<!-- This site is optimized with the Yoast SEO plugin v26.9 - https:\/\/yoast.com\/product\/yoast-seo-wordpress\/ -->\n<title>Taller de Grabaci\u00f3n y Edici\u00f3n de Doblaje y Foley para Medios Audiovisuales - Instituto ENE Audio<\/title>\n<meta name=\"robots\" content=\"index, follow, max-snippet:-1, max-image-preview:large, max-video-preview:-1\" \/>\n<link rel=\"canonical\" href=\"https:\/\/eneaudio.edu.co\/index.php\/cursos-y-talleres\/taller-de-grabacion-y-edicion-de-doblaje-y-foley-para-medios-audiovisuales-presencial\/\" \/>\n<meta property=\"og:locale\" content=\"es_ES\" \/>\n<meta property=\"og:type\" content=\"article\" \/>\n<meta property=\"og:title\" content=\"Taller de Grabaci\u00f3n y Edici\u00f3n de Doblaje y Foley para Medios Audiovisuales - Instituto ENE Audio\" \/>\n<meta property=\"og:description\" content=\"Taller de Grabaci\u00f3n y Edici\u00f3n de Doblaje y Foley para Audiovisuales - PRESENCIALDictado por Nicol\u00e1s Guar\u00edn Productor Musical \/ Postproductor \/ M\u00fasico Dirigido a t\u00e9cnicos de sonido, estudiantes de producci\u00f3n de audio, ingenieros y profesionales del \u00e1rea interesados en la t\u00e9cnica del doblaje y el foley. Es ideal para quienes buscan profundizar en el manejo [&hellip;]\" \/>\n<meta property=\"og:url\" content=\"https:\/\/eneaudio.edu.co\/index.php\/cursos-y-talleres\/taller-de-grabacion-y-edicion-de-doblaje-y-foley-para-medios-audiovisuales-presencial\/\" \/>\n<meta property=\"og:site_name\" content=\"Instituto ENE Audio\" \/>\n<meta property=\"article:publisher\" content=\"https:\/\/www.facebook.com\/institutoeneaudio\" \/>\n<meta property=\"article:modified_time\" content=\"2024-09-20T16:41:05+00:00\" \/>\n<meta property=\"og:image\" content=\"https:\/\/eneaudio.edu.co\/wp-content\/uploads\/2025\/07\/Imagen-ENE-Audio-Pag.-Web.jpg\" \/>\n\t<meta property=\"og:image:width\" content=\"1774\" \/>\n\t<meta property=\"og:image:height\" content=\"675\" \/>\n\t<meta property=\"og:image:type\" content=\"image\/jpeg\" \/>\n<meta name=\"twitter:card\" content=\"summary_large_image\" \/>\n<meta name=\"twitter:site\" content=\"@ENEaudio\" \/>\n<script type=\"application\/ld+json\" class=\"yoast-schema-graph\">{\"@context\":\"https:\/\/schema.org\",\"@graph\":[{\"@type\":\"WebPage\",\"@id\":\"https:\/\/eneaudio.edu.co\/index.php\/cursos-y-talleres\/taller-de-grabacion-y-edicion-de-doblaje-y-foley-para-medios-audiovisuales-presencial\/\",\"url\":\"https:\/\/eneaudio.edu.co\/index.php\/cursos-y-talleres\/taller-de-grabacion-y-edicion-de-doblaje-y-foley-para-medios-audiovisuales-presencial\/\",\"name\":\"Taller de Grabaci\u00f3n y Edici\u00f3n de Doblaje y Foley para Medios Audiovisuales - Instituto ENE Audio\",\"isPartOf\":{\"@id\":\"https:\/\/eneaudio.edu.co\/#website\"},\"datePublished\":\"2024-09-10T16:25:32+00:00\",\"dateModified\":\"2024-09-20T16:41:05+00:00\",\"breadcrumb\":{\"@id\":\"https:\/\/eneaudio.edu.co\/index.php\/cursos-y-talleres\/taller-de-grabacion-y-edicion-de-doblaje-y-foley-para-medios-audiovisuales-presencial\/#breadcrumb\"},\"inLanguage\":\"es\",\"potentialAction\":[{\"@type\":\"ReadAction\",\"target\":[\"https:\/\/eneaudio.edu.co\/index.php\/cursos-y-talleres\/taller-de-grabacion-y-edicion-de-doblaje-y-foley-para-medios-audiovisuales-presencial\/\"]}]},{\"@type\":\"BreadcrumbList\",\"@id\":\"https:\/\/eneaudio.edu.co\/index.php\/cursos-y-talleres\/taller-de-grabacion-y-edicion-de-doblaje-y-foley-para-medios-audiovisuales-presencial\/#breadcrumb\",\"itemListElement\":[{\"@type\":\"ListItem\",\"position\":1,\"name\":\"Portada\",\"item\":\"https:\/\/eneaudio.edu.co\/\"},{\"@type\":\"ListItem\",\"position\":2,\"name\":\"Cursos y talleres\",\"item\":\"https:\/\/eneaudio.edu.co\/index.php\/cursos-y-talleres\/\"},{\"@type\":\"ListItem\",\"position\":3,\"name\":\"Taller de Grabaci\u00f3n y Edici\u00f3n de Doblaje y Foley para Medios Audiovisuales\"}]},{\"@type\":\"WebSite\",\"@id\":\"https:\/\/eneaudio.edu.co\/#website\",\"url\":\"https:\/\/eneaudio.edu.co\/\",\"name\":\"Instituto ENE Audio\",\"description\":\"Educaci\u00f3n T\u00e9cnica en Audio y Sonido - Educaci\u00f3n Continua\",\"publisher\":{\"@id\":\"https:\/\/eneaudio.edu.co\/#organization\"},\"alternateName\":\"ENE Audio\",\"potentialAction\":[{\"@type\":\"SearchAction\",\"target\":{\"@type\":\"EntryPoint\",\"urlTemplate\":\"https:\/\/eneaudio.edu.co\/?s={search_term_string}\"},\"query-input\":{\"@type\":\"PropertyValueSpecification\",\"valueRequired\":true,\"valueName\":\"search_term_string\"}}],\"inLanguage\":\"es\"},{\"@type\":\"Organization\",\"@id\":\"https:\/\/eneaudio.edu.co\/#organization\",\"name\":\"Instituto ENE Audio\",\"url\":\"https:\/\/eneaudio.edu.co\/\",\"logo\":{\"@type\":\"ImageObject\",\"inLanguage\":\"es\",\"@id\":\"https:\/\/eneaudio.edu.co\/#\/schema\/logo\/image\/\",\"url\":\"https:\/\/eneaudio.edu.co\/wp-content\/uploads\/2023\/08\/eneaudio-logo-inicio-05.png\",\"contentUrl\":\"https:\/\/eneaudio.edu.co\/wp-content\/uploads\/2023\/08\/eneaudio-logo-inicio-05.png\",\"width\":364,\"height\":60,\"caption\":\"Instituto ENE Audio\"},\"image\":{\"@id\":\"https:\/\/eneaudio.edu.co\/#\/schema\/logo\/image\/\"},\"sameAs\":[\"https:\/\/www.facebook.com\/institutoeneaudio\",\"https:\/\/x.com\/ENEaudio\",\"https:\/\/www.instagram.com\/eneaudio\/\",\"https:\/\/www.youtube.com\/account_advanced\",\"https:\/\/www.tiktok.com\/@eneaudio\"]}]}<\/script>\n<!-- \/ Yoast SEO plugin. -->","yoast_head_json":{"title":"Taller de Grabaci\u00f3n y Edici\u00f3n de Doblaje y Foley para Medios Audiovisuales - Instituto ENE Audio","robots":{"index":"index","follow":"follow","max-snippet":"max-snippet:-1","max-image-preview":"max-image-preview:large","max-video-preview":"max-video-preview:-1"},"canonical":"https:\/\/eneaudio.edu.co\/index.php\/cursos-y-talleres\/taller-de-grabacion-y-edicion-de-doblaje-y-foley-para-medios-audiovisuales-presencial\/","og_locale":"es_ES","og_type":"article","og_title":"Taller de Grabaci\u00f3n y Edici\u00f3n de Doblaje y Foley para Medios Audiovisuales - Instituto ENE Audio","og_description":"Taller de Grabaci\u00f3n y Edici\u00f3n de Doblaje y Foley para Audiovisuales - PRESENCIALDictado por Nicol\u00e1s Guar\u00edn Productor Musical \/ Postproductor \/ M\u00fasico Dirigido a t\u00e9cnicos de sonido, estudiantes de producci\u00f3n de audio, ingenieros y profesionales del \u00e1rea interesados en la t\u00e9cnica del doblaje y el foley. Es ideal para quienes buscan profundizar en el manejo [&hellip;]","og_url":"https:\/\/eneaudio.edu.co\/index.php\/cursos-y-talleres\/taller-de-grabacion-y-edicion-de-doblaje-y-foley-para-medios-audiovisuales-presencial\/","og_site_name":"Instituto ENE Audio","article_publisher":"https:\/\/www.facebook.com\/institutoeneaudio","article_modified_time":"2024-09-20T16:41:05+00:00","og_image":[{"width":1774,"height":675,"url":"https:\/\/eneaudio.edu.co\/wp-content\/uploads\/2025\/07\/Imagen-ENE-Audio-Pag.-Web.jpg","type":"image\/jpeg"}],"twitter_card":"summary_large_image","twitter_site":"@ENEaudio","schema":{"@context":"https:\/\/schema.org","@graph":[{"@type":"WebPage","@id":"https:\/\/eneaudio.edu.co\/index.php\/cursos-y-talleres\/taller-de-grabacion-y-edicion-de-doblaje-y-foley-para-medios-audiovisuales-presencial\/","url":"https:\/\/eneaudio.edu.co\/index.php\/cursos-y-talleres\/taller-de-grabacion-y-edicion-de-doblaje-y-foley-para-medios-audiovisuales-presencial\/","name":"Taller de Grabaci\u00f3n y Edici\u00f3n de Doblaje y Foley para Medios Audiovisuales - Instituto ENE Audio","isPartOf":{"@id":"https:\/\/eneaudio.edu.co\/#website"},"datePublished":"2024-09-10T16:25:32+00:00","dateModified":"2024-09-20T16:41:05+00:00","breadcrumb":{"@id":"https:\/\/eneaudio.edu.co\/index.php\/cursos-y-talleres\/taller-de-grabacion-y-edicion-de-doblaje-y-foley-para-medios-audiovisuales-presencial\/#breadcrumb"},"inLanguage":"es","potentialAction":[{"@type":"ReadAction","target":["https:\/\/eneaudio.edu.co\/index.php\/cursos-y-talleres\/taller-de-grabacion-y-edicion-de-doblaje-y-foley-para-medios-audiovisuales-presencial\/"]}]},{"@type":"BreadcrumbList","@id":"https:\/\/eneaudio.edu.co\/index.php\/cursos-y-talleres\/taller-de-grabacion-y-edicion-de-doblaje-y-foley-para-medios-audiovisuales-presencial\/#breadcrumb","itemListElement":[{"@type":"ListItem","position":1,"name":"Portada","item":"https:\/\/eneaudio.edu.co\/"},{"@type":"ListItem","position":2,"name":"Cursos y talleres","item":"https:\/\/eneaudio.edu.co\/index.php\/cursos-y-talleres\/"},{"@type":"ListItem","position":3,"name":"Taller de Grabaci\u00f3n y Edici\u00f3n de Doblaje y Foley para Medios Audiovisuales"}]},{"@type":"WebSite","@id":"https:\/\/eneaudio.edu.co\/#website","url":"https:\/\/eneaudio.edu.co\/","name":"Instituto ENE Audio","description":"Educaci\u00f3n T\u00e9cnica en Audio y Sonido - Educaci\u00f3n Continua","publisher":{"@id":"https:\/\/eneaudio.edu.co\/#organization"},"alternateName":"ENE Audio","potentialAction":[{"@type":"SearchAction","target":{"@type":"EntryPoint","urlTemplate":"https:\/\/eneaudio.edu.co\/?s={search_term_string}"},"query-input":{"@type":"PropertyValueSpecification","valueRequired":true,"valueName":"search_term_string"}}],"inLanguage":"es"},{"@type":"Organization","@id":"https:\/\/eneaudio.edu.co\/#organization","name":"Instituto ENE Audio","url":"https:\/\/eneaudio.edu.co\/","logo":{"@type":"ImageObject","inLanguage":"es","@id":"https:\/\/eneaudio.edu.co\/#\/schema\/logo\/image\/","url":"https:\/\/eneaudio.edu.co\/wp-content\/uploads\/2023\/08\/eneaudio-logo-inicio-05.png","contentUrl":"https:\/\/eneaudio.edu.co\/wp-content\/uploads\/2023\/08\/eneaudio-logo-inicio-05.png","width":364,"height":60,"caption":"Instituto ENE Audio"},"image":{"@id":"https:\/\/eneaudio.edu.co\/#\/schema\/logo\/image\/"},"sameAs":["https:\/\/www.facebook.com\/institutoeneaudio","https:\/\/x.com\/ENEaudio","https:\/\/www.instagram.com\/eneaudio\/","https:\/\/www.youtube.com\/account_advanced","https:\/\/www.tiktok.com\/@eneaudio"]}]}},"jetpack_sharing_enabled":true,"jetpack-related-posts":[{"id":683,"url":"https:\/\/eneaudio.edu.co\/indexphp\/somos\/docentes\/diego-amaya\/","url_meta":{"origin":3380,"position":0},"title":"Diego Amaya","author":"admin","date":"11 de marzo de 2024","format":false,"excerpt":"","rel":"","context":"Entrada similar","block_context":{"text":"Entrada similar","link":""},"img":{"alt_text":"","src":"https:\/\/i0.wp.com\/eneaudio.edu.co\/wp-content\/uploads\/2024\/10\/banner-pm.png?resize=350%2C200&ssl=1","width":350,"height":200,"srcset":"https:\/\/i0.wp.com\/eneaudio.edu.co\/wp-content\/uploads\/2024\/10\/banner-pm.png?resize=350%2C200&ssl=1 1x, https:\/\/i0.wp.com\/eneaudio.edu.co\/wp-content\/uploads\/2024\/10\/banner-pm.png?resize=525%2C300&ssl=1 1.5x, https:\/\/i0.wp.com\/eneaudio.edu.co\/wp-content\/uploads\/2024\/10\/banner-pm.png?resize=700%2C400&ssl=1 2x"},"classes":[]},{"id":7300,"url":"https:\/\/eneaudio.edu.co\/indexphp\/servicios-borrador-1\/","url_meta":{"origin":3380,"position":1},"title":"Servicios","author":"admin","date":"14 de enero de 2026","format":false,"excerpt":"","rel":"","context":"Entrada similar","block_context":{"text":"Entrada similar","link":""},"img":{"alt_text":"","src":"","width":0,"height":0},"classes":[]},{"id":795,"url":"https:\/\/eneaudio.edu.co\/index.php\/somos\/docentes\/mario-romero-romero\/","url_meta":{"origin":3380,"position":2},"title":"Mario Romero Romero","author":"admin","date":"11 de marzo de 2024","format":false,"excerpt":"","rel":"","context":"Entrada similar","block_context":{"text":"Entrada similar","link":""},"img":{"alt_text":"","src":"https:\/\/i0.wp.com\/eneaudio.edu.co\/wp-content\/uploads\/2024\/05\/Banner-Produccion-Musical.jpg?resize=350%2C200&ssl=1","width":350,"height":200,"srcset":"https:\/\/i0.wp.com\/eneaudio.edu.co\/wp-content\/uploads\/2024\/05\/Banner-Produccion-Musical.jpg?resize=350%2C200&ssl=1 1x, https:\/\/i0.wp.com\/eneaudio.edu.co\/wp-content\/uploads\/2024\/05\/Banner-Produccion-Musical.jpg?resize=525%2C300&ssl=1 1.5x, https:\/\/i0.wp.com\/eneaudio.edu.co\/wp-content\/uploads\/2024\/05\/Banner-Produccion-Musical.jpg?resize=700%2C400&ssl=1 2x"},"classes":[]},{"id":754,"url":"https:\/\/eneaudio.edu.co\/indexphp\/somos\/docentes\/gabriel-delgado\/","url_meta":{"origin":3380,"position":3},"title":"Gabriel Delgado","author":"admin","date":"11 de marzo de 2024","format":false,"excerpt":"","rel":"","context":"Entrada similar","block_context":{"text":"Entrada similar","link":""},"img":{"alt_text":"","src":"https:\/\/i0.wp.com\/eneaudio.edu.co\/wp-content\/uploads\/2025\/01\/gabriel-delgado-ortega.png?resize=350%2C200&ssl=1","width":350,"height":200},"classes":[]},{"id":871,"url":"https:\/\/eneaudio.edu.co\/index.php\/somos\/docentes\/jaime-sainz\/","url_meta":{"origin":3380,"position":4},"title":"Jaime Sainz","author":"admin","date":"11 de marzo de 2024","format":false,"excerpt":"","rel":"","context":"Entrada similar","block_context":{"text":"Entrada similar","link":""},"img":{"alt_text":"","src":"https:\/\/i0.wp.com\/eneaudio.edu.co\/wp-content\/uploads\/2024\/05\/Banner-Produccion-Musical.jpg?resize=350%2C200&ssl=1","width":350,"height":200,"srcset":"https:\/\/i0.wp.com\/eneaudio.edu.co\/wp-content\/uploads\/2024\/05\/Banner-Produccion-Musical.jpg?resize=350%2C200&ssl=1 1x, https:\/\/i0.wp.com\/eneaudio.edu.co\/wp-content\/uploads\/2024\/05\/Banner-Produccion-Musical.jpg?resize=525%2C300&ssl=1 1.5x, https:\/\/i0.wp.com\/eneaudio.edu.co\/wp-content\/uploads\/2024\/05\/Banner-Produccion-Musical.jpg?resize=700%2C400&ssl=1 2x"},"classes":[]},{"id":705,"url":"https:\/\/eneaudio.edu.co\/indexphp\/somos\/docentes\/alejandro-pinzon\/","url_meta":{"origin":3380,"position":5},"title":"Alejandro Pinz\u00f3n","author":"admin","date":"11 de marzo de 2024","format":false,"excerpt":"","rel":"","context":"Entrada similar","block_context":{"text":"Entrada similar","link":""},"img":{"alt_text":"","src":"https:\/\/i0.wp.com\/eneaudio.edu.co\/wp-content\/uploads\/2025\/01\/john-alejandro-pinzon-baldion-.png?resize=350%2C200&ssl=1","width":350,"height":200},"classes":[]}],"_links":{"self":[{"href":"https:\/\/eneaudio.edu.co\/index.php\/wp-json\/wp\/v2\/pages\/3380","targetHints":{"allow":["GET"]}}],"collection":[{"href":"https:\/\/eneaudio.edu.co\/index.php\/wp-json\/wp\/v2\/pages"}],"about":[{"href":"https:\/\/eneaudio.edu.co\/index.php\/wp-json\/wp\/v2\/types\/page"}],"author":[{"embeddable":true,"href":"https:\/\/eneaudio.edu.co\/index.php\/wp-json\/wp\/v2\/users\/1"}],"replies":[{"embeddable":true,"href":"https:\/\/eneaudio.edu.co\/index.php\/wp-json\/wp\/v2\/comments?post=3380"}],"version-history":[{"count":13,"href":"https:\/\/eneaudio.edu.co\/index.php\/wp-json\/wp\/v2\/pages\/3380\/revisions"}],"predecessor-version":[{"id":3512,"href":"https:\/\/eneaudio.edu.co\/index.php\/wp-json\/wp\/v2\/pages\/3380\/revisions\/3512"}],"up":[{"embeddable":true,"href":"https:\/\/eneaudio.edu.co\/index.php\/wp-json\/wp\/v2\/pages\/936"}],"wp:attachment":[{"href":"https:\/\/eneaudio.edu.co\/index.php\/wp-json\/wp\/v2\/media?parent=3380"}],"curies":[{"name":"wp","href":"https:\/\/api.w.org\/{rel}","templated":true}]}}