{"id":3425,"date":"2024-09-11T11:00:57","date_gmt":"2024-09-11T16:00:57","guid":{"rendered":"https:\/\/eneaudio.edu.co\/?page_id=3425"},"modified":"2025-04-23T10:27:41","modified_gmt":"2025-04-23T15:27:41","slug":"juan-manuel-guiza","status":"publish","type":"page","link":"https:\/\/eneaudio.edu.co\/indexphp\/somos\/docentes\/juan-manuel-guiza\/","title":{"rendered":"Juan Manuel G\u00fciza"},"content":{"rendered":"<p>[et_pb_section fb_built=\u00bb1&#8243; _builder_version=\u00bb4.27.0&#8243; _module_preset=\u00bbdefault\u00bb global_colors_info=\u00bb{}\u00bb][et_pb_row column_structure=\u00bb2_3,1_3&#8243; _builder_version=\u00bb4.27.0&#8243; _module_preset=\u00bbdefault\u00bb global_colors_info=\u00bb{}\u00bb][et_pb_column type=\u00bb2_3&#8243; _builder_version=\u00bb4.27.0&#8243; _module_preset=\u00bbdefault\u00bb global_colors_info=\u00bb{}\u00bb][et_pb_image src=\u00bbhttps:\/\/eneaudio.edu.co\/wp-content\/uploads\/2024\/09\/0.webp\u00bb title_text=\u00bb0&#8243; _builder_version=\u00bb4.27.0&#8243; _module_preset=\u00bbdefault\u00bb global_colors_info=\u00bb{}\u00bb][\/et_pb_image][et_pb_text _builder_version=\u00bb4.27.0&#8243; _module_preset=\u00bbdefault\u00bb header_text_color=\u00bb#C70000&#8243; hover_enabled=\u00bb0&#8243; global_colors_info=\u00bb{}\u00bb sticky_enabled=\u00bb0&#8243;]<\/p>\n<h1>Juan Manuel G<span>\u00fc<\/span>iza<\/h1>\n<p>Mejor conocido como <strong>ONE WIZA<\/strong>, es un destacado cantante, guitarrista y productor musical colombiano con una amplia trayectoria internacional. Su carrera lo ha llevado a ser parte de importantes escenarios en Latinoam\u00e9rica, incluyendo Colombia, Guatemala, Ecuador y El Salvador. Actualmente radicado en Guatemala, lidera la banda <strong>The One Man Band<\/strong>, reconocida por sus interpretaciones de covers de Rock\/Pop.<\/p>\n<p>Juan Manuel ha destacado en eventos como \u00abQueen Sinf\u00f3nico\u00bb con la <strong>Orquesta Sinf\u00f3nica Nacional de Guatemala<\/strong> y el musical de Broadway <strong>\u00abRock of Ages\u00bb<\/strong>. Adem\u00e1s, fue finalista en <strong>La Voz Colombia<\/strong> y ganador de concursos como <strong>\u00abAtr\u00e9vete a Cantar\u00bb<\/strong> y el <strong>Hard Rock Calling<\/strong>.<\/p>\n<p>Conoce m\u00e1s de Juan Manuel a trav\u00e9s de su instagram <a href=\"https:\/\/www.instagram.com\/onewizamusic\/\" target=\"_blank\" rel=\"noopener\"><span data-bloks-name=\"bk.components.Text\" role=\"heading\" aria-label=\"onewizamusic\">Onewizamusic<\/span><\/a> y p\u00e1gina web <a href=\"https:\/\/www.onewiza.com\/\" target=\"_blank\" rel=\"noopener\">www.onewiza.com<\/a>.<\/p>\n<div data-bloks-name=\"bk.components.Flexbox\" class=\"wbloks_1\"><\/div>\n<p>&nbsp;<\/p>\n<p>&nbsp;<\/p>\n<p>&nbsp;<\/p>\n<p>[\/et_pb_text][\/et_pb_column][et_pb_column type=\u00bb1_3&#8243; _builder_version=\u00bb4.27.0&#8243; _module_preset=\u00bbdefault\u00bb global_colors_info=\u00bb{}\u00bb][et_pb_text _builder_version=\u00bb4.25.0&#8243; _module_preset=\u00bbdefault\u00bb text_text_color=\u00bb#C70000&#8243; min_height=\u00bb300px\u00bb custom_padding=\u00bb||0px|||\u00bb custom_css_free_form=\u00bb.et_pb_text.et_pb_module img,||.et_pb_text.et_pb_module video {||    margin-bottom: 10px;||}\u00bb global_module=\u00bb2178&#8243; saved_tabs=\u00bball\u00bb global_colors_info=\u00bb{}\u00bb]<\/p>\n<h1><span style=\"color: #c70000;\"><a href=\"https:\/\/eneaudio.edu.co\/index.php\/programas-academicos\/\" style=\"color: #c70000;\">Conoce nuestros Programas Acad\u00e9micos<\/a><\/span><\/h1>\n<h1><a href=\"https:\/\/eneaudio.edu.co\/index.php\/produccion-musical\/\"><img loading=\"lazy\" decoding=\"async\" src=\"https:\/\/eneaudio.edu.co\/wp-content\/uploads\/2024\/05\/Banner-Produccion-Musical.jpg\" width=\"800\" height=\"180\" alt=\"\" class=\"wp-image-2165 alignleft size-full\" \/><\/a><a href=\"https:\/\/eneaudio.edu.co\/index.php\/postproduccion-de-audio\/\"><img loading=\"lazy\" decoding=\"async\" src=\"https:\/\/eneaudio.edu.co\/wp-content\/uploads\/2024\/05\/Banner-Postproduccion.jpg\" width=\"800\" height=\"180\" alt=\"\" class=\"wp-image-2167 alignleft size-full\" \/><\/a><a href=\"https:\/\/eneaudio.edu.co\/index.php\/sonido-en-vivo\/\"><img loading=\"lazy\" decoding=\"async\" src=\"https:\/\/eneaudio.edu.co\/wp-content\/uploads\/2024\/05\/Banner-Sonido-en-Vivo.jpg\" width=\"800\" height=\"180\" alt=\"\" class=\"wp-image-2166 alignleft size-full\" \/><\/a><\/h1>\n<p>[\/et_pb_text][et_pb_divider color=\u00bb#C70000&#8243; _builder_version=\u00bb4.24.2&#8243; _module_preset=\u00bbdefault\u00bb custom_margin=\u00bb0px||0px||false|false\u00bb global_colors_info=\u00bb{}\u00bb][\/et_pb_divider][et_pb_text _builder_version=\u00bb4.27.0&#8243; _module_preset=\u00bbdefault\u00bb header_text_color=\u00bb#C70000&#8243; header_2_text_color=\u00bb#C70000&#8243; min_height=\u00bb339px\u00bb custom_padding=\u00bb||230px|||\u00bb custom_css_free_form=\u00bb.et_pb_text.et_pb_module img,||.et_pb_text.et_pb_module video {||    margin-bottom: 10px;||}\u00bb global_module=\u00bb2169&#8243; saved_tabs=\u00bball\u00bb locked=\u00bboff\u00bb global_colors_info=\u00bb{}\u00bb]<\/p>\n<h1><a href=\"https:\/\/eneaudio.edu.co\/index.php\/cursos-y-talleres\/\">Pr\u00f3ximos Cursos, Talleres y Diplomados<\/a><span style=\"font-size: 16px;\">\u00a0<\/span><\/h1>\n<p><a href=\"https:\/\/eneaudio.edu.co\/index.php\/taller-de-limpieza-de-audio-en-izotope-rx-online\/\"><span style=\"font-size: 16px;\"><img loading=\"lazy\" decoding=\"async\" src=\"https:\/\/eneaudio.edu.co\/wp-content\/uploads\/2024\/09\/Taller-Limpieza-de-Audio-en-iZotope-RX-02.jpg\" width=\"800\" height=\"180\" alt=\"\" class=\"wp-image-3415 alignleft size-full\" srcset=\"https:\/\/eneaudio.edu.co\/wp-content\/uploads\/2024\/09\/Taller-Limpieza-de-Audio-en-iZotope-RX-02.jpg 800w, https:\/\/eneaudio.edu.co\/wp-content\/uploads\/2024\/09\/Taller-Limpieza-de-Audio-en-iZotope-RX-02-480x108.jpg 480w\" sizes=\"auto, (min-width: 0px) and (max-width: 480px) 480px, (min-width: 481px) 800px, 100vw\" \/><\/span><\/a><\/p>\n<p><a href=\"https:\/\/eneaudio.edu.co\/index.php\/taller-de-grabacion-y-edicion-de-doblaje-y-foley-para-medios-audiovisuales-presencial\/\"><span style=\"font-size: 16px;\"><img loading=\"lazy\" decoding=\"async\" src=\"https:\/\/eneaudio.edu.co\/wp-content\/uploads\/2024\/09\/Taller-de-Grabacion-y-Edicion-de-Doblaje-y-Foley-02.jpg\" width=\"800\" height=\"180\" alt=\"\" class=\"wp-image-3414 alignleft size-full\" srcset=\"https:\/\/eneaudio.edu.co\/wp-content\/uploads\/2024\/09\/Taller-de-Grabacion-y-Edicion-de-Doblaje-y-Foley-02.jpg 800w, https:\/\/eneaudio.edu.co\/wp-content\/uploads\/2024\/09\/Taller-de-Grabacion-y-Edicion-de-Doblaje-y-Foley-02-480x108.jpg 480w\" sizes=\"auto, (min-width: 0px) and (max-width: 480px) 480px, (min-width: 481px) 800px, 100vw\" \/><\/span><\/a><\/p>\n<p><a href=\"https:\/\/eneaudio.edu.co\/index.php\/certificaciones-pro-tools\/\"><span style=\"font-size: 16px;\"><img loading=\"lazy\" decoding=\"async\" src=\"https:\/\/eneaudio.edu.co\/wp-content\/uploads\/2024\/09\/Cerificacion-Pro-Tools-Dolby-Atmos-PRESENCIAL-02.jpg\" width=\"800\" height=\"180\" alt=\"\" class=\"wp-image-3413 alignleft size-full\" srcset=\"https:\/\/eneaudio.edu.co\/wp-content\/uploads\/2024\/09\/Cerificacion-Pro-Tools-Dolby-Atmos-PRESENCIAL-02.jpg 800w, https:\/\/eneaudio.edu.co\/wp-content\/uploads\/2024\/09\/Cerificacion-Pro-Tools-Dolby-Atmos-PRESENCIAL-02-480x108.jpg 480w\" sizes=\"auto, (min-width: 0px) and (max-width: 480px) 480px, (min-width: 481px) 800px, 100vw\" \/><\/span><\/a><\/p>\n<p><a href=\"https:\/\/eneaudio.edu.co\/index.php\/taller-medicion-de-loudness-para-audiovisuales-online\/\"><span style=\"font-size: 16px;\"><img loading=\"lazy\" decoding=\"async\" src=\"https:\/\/eneaudio.edu.co\/wp-content\/uploads\/2024\/09\/Banner-01-Taller-Medicion-de-Loudness-para-Audiovisuales-.jpg\" width=\"800\" height=\"180\" alt=\"\" class=\"wp-image-3335 alignleft size-full\" \/><\/span><\/a><\/p>\n<p><a href=\"https:\/\/eneaudio.edu.co\/index.php\/taller-de-sonido-directo-para-audiovisuales\/\"><img loading=\"lazy\" decoding=\"async\" src=\"https:\/\/eneaudio.edu.co\/wp-content\/uploads\/2024\/09\/Banner-02-Taller-de-Sonido-Directo-para-Audiovisuales-.jpg\" width=\"800\" height=\"180\" alt=\"\" class=\"wp-image-3291 alignleft size-full\" srcset=\"https:\/\/eneaudio.edu.co\/wp-content\/uploads\/2024\/09\/Banner-02-Taller-de-Sonido-Directo-para-Audiovisuales-.jpg 800w, https:\/\/eneaudio.edu.co\/wp-content\/uploads\/2024\/09\/Banner-02-Taller-de-Sonido-Directo-para-Audiovisuales--480x108.jpg 480w\" sizes=\"auto, (min-width: 0px) and (max-width: 480px) 480px, (min-width: 481px) 800px, 100vw\" \/><\/a><\/p>\n<h1><a href=\"https:\/\/go.hotmart.com\/I86118195M?dp=1\" target=\"_blank\" rel=\"noopener\"><img loading=\"lazy\" decoding=\"async\" class=\"wp-image-2130 alignleft size-full\" src=\"https:\/\/eneaudio.edu.co\/wp-content\/uploads\/2024\/05\/Banner-Mezcla-5.1-Pro-Tools.jpg\" alt=\"\" width=\"800\" height=\"180\" srcset=\"https:\/\/eneaudio.edu.co\/wp-content\/uploads\/2024\/05\/Banner-Mezcla-5.1-Pro-Tools.jpg 800w, https:\/\/eneaudio.edu.co\/wp-content\/uploads\/2024\/05\/Banner-Mezcla-5.1-Pro-Tools-480x108.jpg 480w\" sizes=\"auto, (min-width: 0px) and (max-width: 480px) 480px, (min-width: 481px) 800px, 100vw\" \/><\/a><\/h1>\n<p>[\/et_pb_text][\/et_pb_column][\/et_pb_row][\/et_pb_section]<\/p>\n","protected":false},"excerpt":{"rendered":"<p>Juan Manuel G\u00fciza Mejor conocido como ONE WIZA, es un destacado cantante, guitarrista y productor musical colombiano con una amplia trayectoria internacional. Su carrera lo ha llevado a ser parte de importantes escenarios en Latinoam\u00e9rica, incluyendo Colombia, Guatemala, Ecuador y El Salvador. Actualmente radicado en Guatemala, lidera la banda The One Man Band, reconocida por [&hellip;]<\/p>\n","protected":false},"author":1,"featured_media":0,"parent":557,"menu_order":0,"comment_status":"closed","ping_status":"closed","template":"","meta":{"_et_pb_use_builder":"on","_et_pb_old_content":"","_et_gb_content_width":"","sfsi_plus_gutenberg_text_before_share":"","sfsi_plus_gutenberg_show_text_before_share":"","sfsi_plus_gutenberg_icon_type":"","sfsi_plus_gutenberg_icon_alignemt":"","sfsi_plus_gutenburg_max_per_row":"","_monsterinsights_skip_tracking":false,"_monsterinsights_sitenote_active":false,"_monsterinsights_sitenote_note":"","_monsterinsights_sitenote_category":0,"_joinchat":[],"footnotes":""},"class_list":["post-3425","page","type-page","status-publish","hentry"],"yoast_head":"<!-- This site is optimized with the Yoast SEO plugin v26.9 - https:\/\/yoast.com\/product\/yoast-seo-wordpress\/ -->\n<title>Juan Manuel G\u00fciza - Instituto ENE Audio<\/title>\n<meta name=\"robots\" content=\"index, follow, max-snippet:-1, max-image-preview:large, max-video-preview:-1\" \/>\n<link rel=\"canonical\" href=\"https:\/\/eneaudio.edu.co\/indexphp\/somos\/docentes\/juan-manuel-guiza\/\" \/>\n<meta property=\"og:locale\" content=\"es_ES\" \/>\n<meta property=\"og:type\" content=\"article\" \/>\n<meta property=\"og:title\" content=\"Juan Manuel G\u00fciza - Instituto ENE Audio\" \/>\n<meta property=\"og:description\" content=\"Juan Manuel G\u00fciza Mejor conocido como ONE WIZA, es un destacado cantante, guitarrista y productor musical colombiano con una amplia trayectoria internacional. Su carrera lo ha llevado a ser parte de importantes escenarios en Latinoam\u00e9rica, incluyendo Colombia, Guatemala, Ecuador y El Salvador. Actualmente radicado en Guatemala, lidera la banda The One Man Band, reconocida por [&hellip;]\" \/>\n<meta property=\"og:url\" content=\"https:\/\/eneaudio.edu.co\/indexphp\/somos\/docentes\/juan-manuel-guiza\/\" \/>\n<meta property=\"og:site_name\" content=\"Instituto ENE Audio\" \/>\n<meta property=\"article:publisher\" content=\"https:\/\/www.facebook.com\/institutoeneaudio\" \/>\n<meta property=\"article:modified_time\" content=\"2025-04-23T15:27:41+00:00\" \/>\n<meta property=\"og:image\" content=\"https:\/\/eneaudio.edu.co\/wp-content\/uploads\/2025\/07\/Imagen-ENE-Audio-Pag.-Web.jpg\" \/>\n\t<meta property=\"og:image:width\" content=\"1774\" \/>\n\t<meta property=\"og:image:height\" content=\"675\" \/>\n\t<meta property=\"og:image:type\" content=\"image\/jpeg\" \/>\n<meta name=\"twitter:card\" content=\"summary_large_image\" \/>\n<meta name=\"twitter:site\" content=\"@ENEaudio\" \/>\n<script type=\"application\/ld+json\" class=\"yoast-schema-graph\">{\"@context\":\"https:\/\/schema.org\",\"@graph\":[{\"@type\":\"WebPage\",\"@id\":\"https:\/\/eneaudio.edu.co\/indexphp\/somos\/docentes\/juan-manuel-guiza\/\",\"url\":\"https:\/\/eneaudio.edu.co\/indexphp\/somos\/docentes\/juan-manuel-guiza\/\",\"name\":\"Juan Manuel G\u00fciza - Instituto ENE Audio\",\"isPartOf\":{\"@id\":\"https:\/\/eneaudio.edu.co\/#website\"},\"primaryImageOfPage\":{\"@id\":\"https:\/\/eneaudio.edu.co\/indexphp\/somos\/docentes\/juan-manuel-guiza\/#primaryimage\"},\"image\":{\"@id\":\"https:\/\/eneaudio.edu.co\/indexphp\/somos\/docentes\/juan-manuel-guiza\/#primaryimage\"},\"thumbnailUrl\":\"https:\/\/eneaudio.edu.co\/wp-content\/uploads\/2024\/05\/Banner-Produccion-Musical.jpg\",\"datePublished\":\"2024-09-11T16:00:57+00:00\",\"dateModified\":\"2025-04-23T15:27:41+00:00\",\"breadcrumb\":{\"@id\":\"https:\/\/eneaudio.edu.co\/indexphp\/somos\/docentes\/juan-manuel-guiza\/#breadcrumb\"},\"inLanguage\":\"es\",\"potentialAction\":[{\"@type\":\"ReadAction\",\"target\":[\"https:\/\/eneaudio.edu.co\/indexphp\/somos\/docentes\/juan-manuel-guiza\/\"]}]},{\"@type\":\"ImageObject\",\"inLanguage\":\"es\",\"@id\":\"https:\/\/eneaudio.edu.co\/indexphp\/somos\/docentes\/juan-manuel-guiza\/#primaryimage\",\"url\":\"\",\"contentUrl\":\"\"},{\"@type\":\"BreadcrumbList\",\"@id\":\"https:\/\/eneaudio.edu.co\/indexphp\/somos\/docentes\/juan-manuel-guiza\/#breadcrumb\",\"itemListElement\":[{\"@type\":\"ListItem\",\"position\":1,\"name\":\"Portada\",\"item\":\"https:\/\/eneaudio.edu.co\/\"},{\"@type\":\"ListItem\",\"position\":2,\"name\":\"SOMOS\",\"item\":\"https:\/\/eneaudio.edu.co\/index.php\/somos\/\"},{\"@type\":\"ListItem\",\"position\":3,\"name\":\"Docentes\",\"item\":\"https:\/\/eneaudio.edu.co\/indexphp\/somos\/docentes\/\"},{\"@type\":\"ListItem\",\"position\":4,\"name\":\"Juan Manuel G\u00fciza\"}]},{\"@type\":\"WebSite\",\"@id\":\"https:\/\/eneaudio.edu.co\/#website\",\"url\":\"https:\/\/eneaudio.edu.co\/\",\"name\":\"Instituto ENE Audio\",\"description\":\"Educaci\u00f3n T\u00e9cnica en Audio y Sonido - Educaci\u00f3n Continua\",\"publisher\":{\"@id\":\"https:\/\/eneaudio.edu.co\/#organization\"},\"alternateName\":\"ENE Audio\",\"potentialAction\":[{\"@type\":\"SearchAction\",\"target\":{\"@type\":\"EntryPoint\",\"urlTemplate\":\"https:\/\/eneaudio.edu.co\/?s={search_term_string}\"},\"query-input\":{\"@type\":\"PropertyValueSpecification\",\"valueRequired\":true,\"valueName\":\"search_term_string\"}}],\"inLanguage\":\"es\"},{\"@type\":\"Organization\",\"@id\":\"https:\/\/eneaudio.edu.co\/#organization\",\"name\":\"Instituto ENE Audio\",\"url\":\"https:\/\/eneaudio.edu.co\/\",\"logo\":{\"@type\":\"ImageObject\",\"inLanguage\":\"es\",\"@id\":\"https:\/\/eneaudio.edu.co\/#\/schema\/logo\/image\/\",\"url\":\"https:\/\/eneaudio.edu.co\/wp-content\/uploads\/2023\/08\/eneaudio-logo-inicio-05.png\",\"contentUrl\":\"https:\/\/eneaudio.edu.co\/wp-content\/uploads\/2023\/08\/eneaudio-logo-inicio-05.png\",\"width\":364,\"height\":60,\"caption\":\"Instituto ENE Audio\"},\"image\":{\"@id\":\"https:\/\/eneaudio.edu.co\/#\/schema\/logo\/image\/\"},\"sameAs\":[\"https:\/\/www.facebook.com\/institutoeneaudio\",\"https:\/\/x.com\/ENEaudio\",\"https:\/\/www.instagram.com\/eneaudio\/\",\"https:\/\/www.youtube.com\/account_advanced\",\"https:\/\/www.tiktok.com\/@eneaudio\"]}]}<\/script>\n<!-- \/ Yoast SEO plugin. -->","yoast_head_json":{"title":"Juan Manuel G\u00fciza - Instituto ENE Audio","robots":{"index":"index","follow":"follow","max-snippet":"max-snippet:-1","max-image-preview":"max-image-preview:large","max-video-preview":"max-video-preview:-1"},"canonical":"https:\/\/eneaudio.edu.co\/indexphp\/somos\/docentes\/juan-manuel-guiza\/","og_locale":"es_ES","og_type":"article","og_title":"Juan Manuel G\u00fciza - Instituto ENE Audio","og_description":"Juan Manuel G\u00fciza Mejor conocido como ONE WIZA, es un destacado cantante, guitarrista y productor musical colombiano con una amplia trayectoria internacional. Su carrera lo ha llevado a ser parte de importantes escenarios en Latinoam\u00e9rica, incluyendo Colombia, Guatemala, Ecuador y El Salvador. Actualmente radicado en Guatemala, lidera la banda The One Man Band, reconocida por [&hellip;]","og_url":"https:\/\/eneaudio.edu.co\/indexphp\/somos\/docentes\/juan-manuel-guiza\/","og_site_name":"Instituto ENE Audio","article_publisher":"https:\/\/www.facebook.com\/institutoeneaudio","article_modified_time":"2025-04-23T15:27:41+00:00","og_image":[{"width":1774,"height":675,"url":"https:\/\/eneaudio.edu.co\/wp-content\/uploads\/2025\/07\/Imagen-ENE-Audio-Pag.-Web.jpg","type":"image\/jpeg"}],"twitter_card":"summary_large_image","twitter_site":"@ENEaudio","schema":{"@context":"https:\/\/schema.org","@graph":[{"@type":"WebPage","@id":"https:\/\/eneaudio.edu.co\/indexphp\/somos\/docentes\/juan-manuel-guiza\/","url":"https:\/\/eneaudio.edu.co\/indexphp\/somos\/docentes\/juan-manuel-guiza\/","name":"Juan Manuel G\u00fciza - Instituto ENE Audio","isPartOf":{"@id":"https:\/\/eneaudio.edu.co\/#website"},"primaryImageOfPage":{"@id":"https:\/\/eneaudio.edu.co\/indexphp\/somos\/docentes\/juan-manuel-guiza\/#primaryimage"},"image":{"@id":"https:\/\/eneaudio.edu.co\/indexphp\/somos\/docentes\/juan-manuel-guiza\/#primaryimage"},"thumbnailUrl":"https:\/\/eneaudio.edu.co\/wp-content\/uploads\/2024\/05\/Banner-Produccion-Musical.jpg","datePublished":"2024-09-11T16:00:57+00:00","dateModified":"2025-04-23T15:27:41+00:00","breadcrumb":{"@id":"https:\/\/eneaudio.edu.co\/indexphp\/somos\/docentes\/juan-manuel-guiza\/#breadcrumb"},"inLanguage":"es","potentialAction":[{"@type":"ReadAction","target":["https:\/\/eneaudio.edu.co\/indexphp\/somos\/docentes\/juan-manuel-guiza\/"]}]},{"@type":"ImageObject","inLanguage":"es","@id":"https:\/\/eneaudio.edu.co\/indexphp\/somos\/docentes\/juan-manuel-guiza\/#primaryimage","url":"","contentUrl":""},{"@type":"BreadcrumbList","@id":"https:\/\/eneaudio.edu.co\/indexphp\/somos\/docentes\/juan-manuel-guiza\/#breadcrumb","itemListElement":[{"@type":"ListItem","position":1,"name":"Portada","item":"https:\/\/eneaudio.edu.co\/"},{"@type":"ListItem","position":2,"name":"SOMOS","item":"https:\/\/eneaudio.edu.co\/index.php\/somos\/"},{"@type":"ListItem","position":3,"name":"Docentes","item":"https:\/\/eneaudio.edu.co\/indexphp\/somos\/docentes\/"},{"@type":"ListItem","position":4,"name":"Juan Manuel G\u00fciza"}]},{"@type":"WebSite","@id":"https:\/\/eneaudio.edu.co\/#website","url":"https:\/\/eneaudio.edu.co\/","name":"Instituto ENE Audio","description":"Educaci\u00f3n T\u00e9cnica en Audio y Sonido - Educaci\u00f3n Continua","publisher":{"@id":"https:\/\/eneaudio.edu.co\/#organization"},"alternateName":"ENE Audio","potentialAction":[{"@type":"SearchAction","target":{"@type":"EntryPoint","urlTemplate":"https:\/\/eneaudio.edu.co\/?s={search_term_string}"},"query-input":{"@type":"PropertyValueSpecification","valueRequired":true,"valueName":"search_term_string"}}],"inLanguage":"es"},{"@type":"Organization","@id":"https:\/\/eneaudio.edu.co\/#organization","name":"Instituto ENE Audio","url":"https:\/\/eneaudio.edu.co\/","logo":{"@type":"ImageObject","inLanguage":"es","@id":"https:\/\/eneaudio.edu.co\/#\/schema\/logo\/image\/","url":"https:\/\/eneaudio.edu.co\/wp-content\/uploads\/2023\/08\/eneaudio-logo-inicio-05.png","contentUrl":"https:\/\/eneaudio.edu.co\/wp-content\/uploads\/2023\/08\/eneaudio-logo-inicio-05.png","width":364,"height":60,"caption":"Instituto ENE Audio"},"image":{"@id":"https:\/\/eneaudio.edu.co\/#\/schema\/logo\/image\/"},"sameAs":["https:\/\/www.facebook.com\/institutoeneaudio","https:\/\/x.com\/ENEaudio","https:\/\/www.instagram.com\/eneaudio\/","https:\/\/www.youtube.com\/account_advanced","https:\/\/www.tiktok.com\/@eneaudio"]}]}},"jetpack_sharing_enabled":true,"jetpack-related-posts":[{"id":3605,"url":"https:\/\/eneaudio.edu.co\/indexphp\/post-produccion\/","url_meta":{"origin":3425,"position":0},"title":"Cursos y talleres pagina borrador","author":"admin","date":"5 de octubre de 2024","format":false,"excerpt":"","rel":"","context":"Entrada similar","block_context":{"text":"Entrada similar","link":""},"img":{"alt_text":"","src":"","width":0,"height":0},"classes":[]},{"id":3611,"url":"https:\/\/eneaudio.edu.co\/index.php\/talleres-online\/","url_meta":{"origin":3425,"position":1},"title":"Talleres Online","author":"admin","date":"5 de octubre de 2024","format":false,"excerpt":"","rel":"","context":"Entrada similar","block_context":{"text":"Entrada similar","link":""},"img":{"alt_text":"","src":"","width":0,"height":0},"classes":[]},{"id":3601,"url":"https:\/\/eneaudio.edu.co\/index.php\/talleres-de-sonido-en-vivo\/","url_meta":{"origin":3425,"position":2},"title":"Talleres de Sonido en Vivo","author":"admin","date":"5 de octubre de 2024","format":false,"excerpt":"","rel":"","context":"Entrada similar","block_context":{"text":"Entrada similar","link":""},"img":{"alt_text":"","src":"","width":0,"height":0},"classes":[]},{"id":3589,"url":"https:\/\/eneaudio.edu.co\/index.php\/cursos-y-talleres-borrador\/","url_meta":{"origin":3425,"position":3},"title":"Cursos y Talleres Borrador","author":"admin","date":"5 de octubre de 2024","format":false,"excerpt":"","rel":"","context":"Entrada similar","block_context":{"text":"Entrada similar","link":""},"img":{"alt_text":"","src":"","width":0,"height":0},"classes":[]},{"id":3286,"url":"https:\/\/eneaudio.edu.co\/indexphp\/cursos-y-talleres\/taller-medicion-de-loudness-para-audiovisuales-online\/","url_meta":{"origin":3425,"position":4},"title":"Taller de Medici\u00f3n de Loudness para Audiovisuales &#8211; ONLINE","author":"admin","date":"5 de septiembre de 2024","format":false,"excerpt":"","rel":"","context":"Entrada similar","block_context":{"text":"Entrada similar","link":""},"img":{"alt_text":"","src":"","width":0,"height":0},"classes":[]},{"id":3368,"url":"https:\/\/eneaudio.edu.co\/indexphp\/cursos-y-talleres\/taller-de-limpieza-de-audio-en-izotope-rx-online\/","url_meta":{"origin":3425,"position":5},"title":"Taller de Limpieza de Audio en iZotope RX &#8211; ONLINE","author":"admin","date":"10 de septiembre de 2024","format":false,"excerpt":"","rel":"","context":"Entrada similar","block_context":{"text":"Entrada similar","link":""},"img":{"alt_text":"","src":"","width":0,"height":0},"classes":[]}],"_links":{"self":[{"href":"https:\/\/eneaudio.edu.co\/index.php\/wp-json\/wp\/v2\/pages\/3425","targetHints":{"allow":["GET"]}}],"collection":[{"href":"https:\/\/eneaudio.edu.co\/index.php\/wp-json\/wp\/v2\/pages"}],"about":[{"href":"https:\/\/eneaudio.edu.co\/index.php\/wp-json\/wp\/v2\/types\/page"}],"author":[{"embeddable":true,"href":"https:\/\/eneaudio.edu.co\/index.php\/wp-json\/wp\/v2\/users\/1"}],"replies":[{"embeddable":true,"href":"https:\/\/eneaudio.edu.co\/index.php\/wp-json\/wp\/v2\/comments?post=3425"}],"version-history":[{"count":6,"href":"https:\/\/eneaudio.edu.co\/index.php\/wp-json\/wp\/v2\/pages\/3425\/revisions"}],"predecessor-version":[{"id":3444,"href":"https:\/\/eneaudio.edu.co\/index.php\/wp-json\/wp\/v2\/pages\/3425\/revisions\/3444"}],"up":[{"embeddable":true,"href":"https:\/\/eneaudio.edu.co\/index.php\/wp-json\/wp\/v2\/pages\/557"}],"wp:attachment":[{"href":"https:\/\/eneaudio.edu.co\/index.php\/wp-json\/wp\/v2\/media?parent=3425"}],"curies":[{"name":"wp","href":"https:\/\/api.w.org\/{rel}","templated":true}]}}