{"id":4887,"date":"2025-01-25T11:41:52","date_gmt":"2025-01-25T16:41:52","guid":{"rendered":"https:\/\/eneaudio.edu.co\/?page_id=4887"},"modified":"2026-03-06T15:57:25","modified_gmt":"2026-03-06T20:57:25","slug":"talleres-de-consolas-digitales-para-sonido-en-vivo","status":"publish","type":"page","link":"https:\/\/eneaudio.edu.co\/indexphp\/talleres-de-consolas-digitales-para-sonido-en-vivo\/","title":{"rendered":"Talleres de Consolas Digitales para Sonido en Vivo &#8211; ONLINE"},"content":{"rendered":"<p>[et_pb_section fb_built=\u00bb1&#8243; custom_padding_last_edited=\u00bbon|desktop\u00bb _builder_version=\u00bb4.27.2&#8243; _module_preset=\u00bbdefault\u00bb background_color=\u00bb#000000&#8243; background_image=\u00bbhttps:\/\/eneaudio.edu.co\/wp-content\/uploads\/2025\/01\/Header-Taller-de-Consolas-Digitales-para-Sonido-en-Vivo1.jpg\u00bb min_height=\u00bb257px\u00bb min_height_tablet=\u00bb257px\u00bb min_height_phone=\u00bb\u00bb min_height_last_edited=\u00bbon|phone\u00bb height=\u00bb225px\u00bb max_height=\u00bb257px\u00bb custom_margin=\u00bb0px||||false|false\u00bb custom_padding=\u00bb153px||43px|||\u00bb custom_padding_tablet=\u00bb90px||||false|false\u00bb custom_padding_phone=\u00bb77px||43px||false|false\u00bb locked=\u00bboff\u00bb global_colors_info=\u00bb{}\u00bb][et_pb_row _builder_version=\u00bb4.24.3&#8243; _module_preset=\u00bbdefault\u00bb global_colors_info=\u00bb{}\u00bb][et_pb_column type=\u00bb4_4&#8243; _builder_version=\u00bb4.24.3&#8243; _module_preset=\u00bbdefault\u00bb global_colors_info=\u00bb{}\u00bb][et_pb_text _builder_version=\u00bb4.27.2&#8243; _module_preset=\u00bbdefault\u00bb header_text_color=\u00bb#FFFFFF\u00bb text_text_shadow_style=\u00bbpreset1&#8243; header_text_shadow_style=\u00bbpreset5&#8243; global_colors_info=\u00bb{}\u00bb]<\/p>\n<h1>Talleres de Consolas Digitales para Sonido en Vivo &#8211; ONLINE<\/h1>\n<p>[\/et_pb_text][\/et_pb_column][\/et_pb_row][\/et_pb_section][et_pb_section fb_built=\u00bb1&#8243; _builder_version=\u00bb4.25.1&#8243; _module_preset=\u00bbdefault\u00bb locked=\u00bboff\u00bb global_colors_info=\u00bb{}\u00bb][et_pb_row column_structure=\u00bb1_2,1_2&#8243; _builder_version=\u00bb4.24.3&#8243; _module_preset=\u00bbdefault\u00bb locked=\u00bboff\u00bb global_colors_info=\u00bb{}\u00bb][et_pb_column type=\u00bb1_2&#8243; _builder_version=\u00bb4.24.3&#8243; _module_preset=\u00bbdefault\u00bb global_colors_info=\u00bb{}\u00bb][et_pb_text _builder_version=\u00bb4.27.2&#8243; _module_preset=\u00bbdefault\u00bb header_2_text_color=\u00bb#C70000&#8243; custom_padding=\u00bb1px|||||\u00bb global_colors_info=\u00bb{}\u00bb]<\/p>\n<h2><a href=\"https:\/\/eneaudio.edu.co\/index.php\/somos\/docentes\/william-florez\/\">Dictado por William Fl\u00f3rez<\/a><\/h2>\n<div class=\"page\" title=\"Page 1\">\n<div class=\"section\">\n<div class=\"layoutArea\">\n<div class=\"column\">\n<div class=\"page\" title=\"Page 1\">\n<div class=\"section\">\n<div class=\"layoutArea\">\n<div class=\"column\">\n<p>Estos talleres est\u00e1n enfocados a estudiantes, emp\u00edricos y profesionales que quieran aprender y profundizar en el manejo de las siguientes consolas digitales:<\/p>\n<\/div>\n<p>&nbsp;<\/p>\n<div class=\"column\">\n<ul>\n<li>\n<div><strong>Behringer Wing<\/strong><\/div>\n<\/li>\n<li><strong>Behringer X32 | Midas M32<\/strong><\/li>\n<\/ul>\n<\/div>\n<\/div>\n<\/div>\n<\/div>\n<\/div>\n<\/div>\n<\/div>\n<\/div>\n<h2><span class=\"agsdi-icon i-agsdi-check-circle\" style=\"color: #c70000!important; font-size: 30;\" data-icon=\"agsdi-check-circle\">check circle icon<\/span> Requisitos<\/h2>\n<ul>\n<li>Conocimientos en flujo y procesamiento de se\u00f1ales de audio.<\/li>\n<li>Manejo b\u00e1sico de consolas digitales.<\/li>\n<li>Conexi\u00f3n a Internet estable.<\/li>\n<\/ul>\n<h2><span class=\"agsdi-icon i-agsdi-notebook-2\" style=\"color: #c70000!important; font-size: 30;\" data-icon=\"agsdi-notebook-2\">notebook 2 icon<\/span>\u00a0Metodolog\u00eda<\/h2>\n<p>En cada sesio\u0301n se hara\u0301 explicacio\u0301n del tema correspondiente con ejemplos pra\u0301cticos y cada estudiante podra\u0301 despejar sus dudas en tiempo real. Vera\u0301s al instructor, la pantalla de su computador y la consola en detalle para entender perfectamente lo que se esta\u0301 explicando.<\/p>\n<h2><span class=\"agsdi-icon i-agsdi-calendar-heart\" style=\"color: #c70000!important; font-size: 30;\" data-icon=\"agsdi-calendar-heart\">calendar heart icon<\/span> Duraci\u00f3n y fechas<\/h2>\n<p><strong>1.Behringer Wing: <\/strong>Taller de 4 horas en total, dividido en 2 clases de 2 horas cada una.<br \/><strong>Fechas:<\/strong> 6 y 7 de abril de 2026.<\/p>\n<p><strong>2. Behringer X32 | Midas M32:<\/strong> Taller de 6 horas en total, dividido en 3 clases de 2 horas cada una.<br \/><strong>Fechas:<\/strong> 8, 13 y 14 de abril de 2026.<\/p>\n<p><strong>Horario:<\/strong> De 6:00 p.m. a 8:00 p.m., hora de Colombia.<\/p>\n<p><a href=\"https:\/\/www.timeanddate.com\/worldclock\/fixedtime.html?msg=Talleres+de+Consolas+Digitales+-ONLINE+-+ENE+Audio&amp;iso=20260406T18&amp;p1=41&amp;ah=2\" target=\"_blank\" rel=\"noopener\"><strong>CLIC AQU\u00cd para saber la hora en tu ciudad<\/strong><\/a><\/p>\n<h2><span class=\"agsdi-icon i-agsdi-dollar\" style=\"color: #c70000!important; font-size: 30;\" data-icon=\"agsdi-dollar\">dollar icon<\/span>\u00a0Inversi\u00f3n<\/h2>\n<p>\u25cf <strong>Taller Behringer Wing<\/strong>: Pesos colombianos <strong>$340.000= (93 do\u0301lares)<br \/><\/strong>\u25cf <strong>Taller Behringer X32 (Midas M32)<\/strong> : Pesos colombianos <strong>$510.000= (139 do\u0301lares)<br \/><\/strong>\u25cf <span style=\"color: #c70000;\">Dos talleres (descuento del 30%):<\/span> Pesos colombianos <strong>$595.000= (162 do\u0301lares)<\/strong><\/p>\n<p>&nbsp;<\/p>\n<p>[\/et_pb_text][\/et_pb_column][et_pb_column type=\u00bb1_2&#8243; _builder_version=\u00bb4.24.3&#8243; _module_preset=\u00bbdefault\u00bb global_colors_info=\u00bb{}\u00bb][et_pb_code _builder_version=\u00bb4.27.2&#8243; _module_preset=\u00bbdefault\u00bb border_radii=\u00bbon|10px|10px|10px|10px\u00bb box_shadow_style=\u00bbpreset6&#8243; locked=\u00bboff\u00bb global_colors_info=\u00bb{}\u00bb]<iframe loading=\"lazy\" src=\"https:\/\/forms.gle\/CDT6UN5H4D4qY3Gz7\" width=\"640\" height=\"1137\" frameborder=\"0\" marginheight=\"0\" marginwidth=\"0\">Cargando\u2026<\/iframe>[\/et_pb_code][\/et_pb_column][\/et_pb_row][\/et_pb_section]<\/p>\n","protected":false},"excerpt":{"rendered":"<p>Talleres de Consolas Digitales para Sonido en Vivo &#8211; ONLINEDictado por William Fl\u00f3rez Estos talleres est\u00e1n enfocados a estudiantes, emp\u00edricos y profesionales que quieran aprender y profundizar en el manejo de las siguientes consolas digitales: &nbsp; Behringer Wing Behringer X32 | Midas M32 check circle icon Requisitos Conocimientos en flujo y procesamiento de se\u00f1ales de [&hellip;]<\/p>\n","protected":false},"author":1,"featured_media":0,"parent":936,"menu_order":0,"comment_status":"closed","ping_status":"closed","template":"","meta":{"_et_pb_use_builder":"on","_et_pb_old_content":"","_et_gb_content_width":"","sfsi_plus_gutenberg_text_before_share":"","sfsi_plus_gutenberg_show_text_before_share":"","sfsi_plus_gutenberg_icon_type":"","sfsi_plus_gutenberg_icon_alignemt":"","sfsi_plus_gutenburg_max_per_row":"","_monsterinsights_skip_tracking":false,"_monsterinsights_sitenote_active":false,"_monsterinsights_sitenote_note":"","_monsterinsights_sitenote_category":0,"_joinchat":[],"footnotes":""},"class_list":["post-4887","page","type-page","status-publish","hentry"],"yoast_head":"<!-- This site is optimized with the Yoast SEO plugin v26.9 - https:\/\/yoast.com\/product\/yoast-seo-wordpress\/ -->\n<title>Talleres de Consolas Digitales para Sonido en Vivo - ONLINE - Instituto ENE Audio<\/title>\n<meta name=\"robots\" content=\"index, follow, max-snippet:-1, max-image-preview:large, max-video-preview:-1\" \/>\n<link rel=\"canonical\" href=\"https:\/\/eneaudio.edu.co\/indexphp\/talleres-de-consolas-digitales-para-sonido-en-vivo\/\" \/>\n<meta property=\"og:locale\" content=\"es_ES\" \/>\n<meta property=\"og:type\" content=\"article\" \/>\n<meta property=\"og:title\" content=\"Talleres de Consolas Digitales para Sonido en Vivo - ONLINE - Instituto ENE Audio\" \/>\n<meta property=\"og:description\" content=\"Talleres de Consolas Digitales para Sonido en Vivo - ONLINEDictado por William Fl\u00f3rez Estos talleres est\u00e1n enfocados a estudiantes, emp\u00edricos y profesionales que quieran aprender y profundizar en el manejo de las siguientes consolas digitales: &nbsp; Behringer Wing Behringer X32 | Midas M32 check circle icon Requisitos Conocimientos en flujo y procesamiento de se\u00f1ales de [&hellip;]\" \/>\n<meta property=\"og:url\" content=\"https:\/\/eneaudio.edu.co\/indexphp\/talleres-de-consolas-digitales-para-sonido-en-vivo\/\" \/>\n<meta property=\"og:site_name\" content=\"Instituto ENE Audio\" \/>\n<meta property=\"article:publisher\" content=\"https:\/\/www.facebook.com\/institutoeneaudio\" \/>\n<meta property=\"article:modified_time\" content=\"2026-03-06T20:57:25+00:00\" \/>\n<meta property=\"og:image\" content=\"https:\/\/eneaudio.edu.co\/wp-content\/uploads\/2025\/07\/Imagen-ENE-Audio-Pag.-Web.jpg\" \/>\n\t<meta property=\"og:image:width\" content=\"1774\" \/>\n\t<meta property=\"og:image:height\" content=\"675\" \/>\n\t<meta property=\"og:image:type\" content=\"image\/jpeg\" \/>\n<meta name=\"twitter:card\" content=\"summary_large_image\" \/>\n<meta name=\"twitter:site\" content=\"@ENEaudio\" \/>\n<meta name=\"twitter:label1\" content=\"Tiempo de lectura\" \/>\n\t<meta name=\"twitter:data1\" content=\"2 minutos\" \/>\n<script type=\"application\/ld+json\" class=\"yoast-schema-graph\">{\"@context\":\"https:\/\/schema.org\",\"@graph\":[{\"@type\":\"WebPage\",\"@id\":\"https:\/\/eneaudio.edu.co\/indexphp\/talleres-de-consolas-digitales-para-sonido-en-vivo\/\",\"url\":\"https:\/\/eneaudio.edu.co\/indexphp\/talleres-de-consolas-digitales-para-sonido-en-vivo\/\",\"name\":\"Talleres de Consolas Digitales para Sonido en Vivo - ONLINE - Instituto ENE Audio\",\"isPartOf\":{\"@id\":\"https:\/\/eneaudio.edu.co\/#website\"},\"datePublished\":\"2025-01-25T16:41:52+00:00\",\"dateModified\":\"2026-03-06T20:57:25+00:00\",\"breadcrumb\":{\"@id\":\"https:\/\/eneaudio.edu.co\/indexphp\/talleres-de-consolas-digitales-para-sonido-en-vivo\/#breadcrumb\"},\"inLanguage\":\"es\",\"potentialAction\":[{\"@type\":\"ReadAction\",\"target\":[\"https:\/\/eneaudio.edu.co\/indexphp\/talleres-de-consolas-digitales-para-sonido-en-vivo\/\"]}]},{\"@type\":\"BreadcrumbList\",\"@id\":\"https:\/\/eneaudio.edu.co\/indexphp\/talleres-de-consolas-digitales-para-sonido-en-vivo\/#breadcrumb\",\"itemListElement\":[{\"@type\":\"ListItem\",\"position\":1,\"name\":\"Portada\",\"item\":\"https:\/\/eneaudio.edu.co\/\"},{\"@type\":\"ListItem\",\"position\":2,\"name\":\"Cursos y talleres\",\"item\":\"https:\/\/eneaudio.edu.co\/index.php\/cursos-y-talleres\/\"},{\"@type\":\"ListItem\",\"position\":3,\"name\":\"Talleres de Consolas Digitales para Sonido en Vivo &#8211; ONLINE\"}]},{\"@type\":\"WebSite\",\"@id\":\"https:\/\/eneaudio.edu.co\/#website\",\"url\":\"https:\/\/eneaudio.edu.co\/\",\"name\":\"Instituto ENE Audio\",\"description\":\"Educaci\u00f3n T\u00e9cnica en Audio y Sonido - Educaci\u00f3n Continua\",\"publisher\":{\"@id\":\"https:\/\/eneaudio.edu.co\/#organization\"},\"alternateName\":\"ENE Audio\",\"potentialAction\":[{\"@type\":\"SearchAction\",\"target\":{\"@type\":\"EntryPoint\",\"urlTemplate\":\"https:\/\/eneaudio.edu.co\/?s={search_term_string}\"},\"query-input\":{\"@type\":\"PropertyValueSpecification\",\"valueRequired\":true,\"valueName\":\"search_term_string\"}}],\"inLanguage\":\"es\"},{\"@type\":\"Organization\",\"@id\":\"https:\/\/eneaudio.edu.co\/#organization\",\"name\":\"Instituto ENE Audio\",\"url\":\"https:\/\/eneaudio.edu.co\/\",\"logo\":{\"@type\":\"ImageObject\",\"inLanguage\":\"es\",\"@id\":\"https:\/\/eneaudio.edu.co\/#\/schema\/logo\/image\/\",\"url\":\"https:\/\/eneaudio.edu.co\/wp-content\/uploads\/2023\/08\/eneaudio-logo-inicio-05.png\",\"contentUrl\":\"https:\/\/eneaudio.edu.co\/wp-content\/uploads\/2023\/08\/eneaudio-logo-inicio-05.png\",\"width\":364,\"height\":60,\"caption\":\"Instituto ENE Audio\"},\"image\":{\"@id\":\"https:\/\/eneaudio.edu.co\/#\/schema\/logo\/image\/\"},\"sameAs\":[\"https:\/\/www.facebook.com\/institutoeneaudio\",\"https:\/\/x.com\/ENEaudio\",\"https:\/\/www.instagram.com\/eneaudio\/\",\"https:\/\/www.youtube.com\/account_advanced\",\"https:\/\/www.tiktok.com\/@eneaudio\"]}]}<\/script>\n<!-- \/ Yoast SEO plugin. -->","yoast_head_json":{"title":"Talleres de Consolas Digitales para Sonido en Vivo - ONLINE - Instituto ENE Audio","robots":{"index":"index","follow":"follow","max-snippet":"max-snippet:-1","max-image-preview":"max-image-preview:large","max-video-preview":"max-video-preview:-1"},"canonical":"https:\/\/eneaudio.edu.co\/indexphp\/talleres-de-consolas-digitales-para-sonido-en-vivo\/","og_locale":"es_ES","og_type":"article","og_title":"Talleres de Consolas Digitales para Sonido en Vivo - ONLINE - Instituto ENE Audio","og_description":"Talleres de Consolas Digitales para Sonido en Vivo - ONLINEDictado por William Fl\u00f3rez Estos talleres est\u00e1n enfocados a estudiantes, emp\u00edricos y profesionales que quieran aprender y profundizar en el manejo de las siguientes consolas digitales: &nbsp; Behringer Wing Behringer X32 | Midas M32 check circle icon Requisitos Conocimientos en flujo y procesamiento de se\u00f1ales de [&hellip;]","og_url":"https:\/\/eneaudio.edu.co\/indexphp\/talleres-de-consolas-digitales-para-sonido-en-vivo\/","og_site_name":"Instituto ENE Audio","article_publisher":"https:\/\/www.facebook.com\/institutoeneaudio","article_modified_time":"2026-03-06T20:57:25+00:00","og_image":[{"width":1774,"height":675,"url":"https:\/\/eneaudio.edu.co\/wp-content\/uploads\/2025\/07\/Imagen-ENE-Audio-Pag.-Web.jpg","type":"image\/jpeg"}],"twitter_card":"summary_large_image","twitter_site":"@ENEaudio","twitter_misc":{"Tiempo de lectura":"2 minutos"},"schema":{"@context":"https:\/\/schema.org","@graph":[{"@type":"WebPage","@id":"https:\/\/eneaudio.edu.co\/indexphp\/talleres-de-consolas-digitales-para-sonido-en-vivo\/","url":"https:\/\/eneaudio.edu.co\/indexphp\/talleres-de-consolas-digitales-para-sonido-en-vivo\/","name":"Talleres de Consolas Digitales para Sonido en Vivo - ONLINE - Instituto ENE Audio","isPartOf":{"@id":"https:\/\/eneaudio.edu.co\/#website"},"datePublished":"2025-01-25T16:41:52+00:00","dateModified":"2026-03-06T20:57:25+00:00","breadcrumb":{"@id":"https:\/\/eneaudio.edu.co\/indexphp\/talleres-de-consolas-digitales-para-sonido-en-vivo\/#breadcrumb"},"inLanguage":"es","potentialAction":[{"@type":"ReadAction","target":["https:\/\/eneaudio.edu.co\/indexphp\/talleres-de-consolas-digitales-para-sonido-en-vivo\/"]}]},{"@type":"BreadcrumbList","@id":"https:\/\/eneaudio.edu.co\/indexphp\/talleres-de-consolas-digitales-para-sonido-en-vivo\/#breadcrumb","itemListElement":[{"@type":"ListItem","position":1,"name":"Portada","item":"https:\/\/eneaudio.edu.co\/"},{"@type":"ListItem","position":2,"name":"Cursos y talleres","item":"https:\/\/eneaudio.edu.co\/index.php\/cursos-y-talleres\/"},{"@type":"ListItem","position":3,"name":"Talleres de Consolas Digitales para Sonido en Vivo &#8211; ONLINE"}]},{"@type":"WebSite","@id":"https:\/\/eneaudio.edu.co\/#website","url":"https:\/\/eneaudio.edu.co\/","name":"Instituto ENE Audio","description":"Educaci\u00f3n T\u00e9cnica en Audio y Sonido - Educaci\u00f3n Continua","publisher":{"@id":"https:\/\/eneaudio.edu.co\/#organization"},"alternateName":"ENE Audio","potentialAction":[{"@type":"SearchAction","target":{"@type":"EntryPoint","urlTemplate":"https:\/\/eneaudio.edu.co\/?s={search_term_string}"},"query-input":{"@type":"PropertyValueSpecification","valueRequired":true,"valueName":"search_term_string"}}],"inLanguage":"es"},{"@type":"Organization","@id":"https:\/\/eneaudio.edu.co\/#organization","name":"Instituto ENE Audio","url":"https:\/\/eneaudio.edu.co\/","logo":{"@type":"ImageObject","inLanguage":"es","@id":"https:\/\/eneaudio.edu.co\/#\/schema\/logo\/image\/","url":"https:\/\/eneaudio.edu.co\/wp-content\/uploads\/2023\/08\/eneaudio-logo-inicio-05.png","contentUrl":"https:\/\/eneaudio.edu.co\/wp-content\/uploads\/2023\/08\/eneaudio-logo-inicio-05.png","width":364,"height":60,"caption":"Instituto ENE Audio"},"image":{"@id":"https:\/\/eneaudio.edu.co\/#\/schema\/logo\/image\/"},"sameAs":["https:\/\/www.facebook.com\/institutoeneaudio","https:\/\/x.com\/ENEaudio","https:\/\/www.instagram.com\/eneaudio\/","https:\/\/www.youtube.com\/account_advanced","https:\/\/www.tiktok.com\/@eneaudio"]}]}},"jetpack_sharing_enabled":true,"jetpack-related-posts":[{"id":3286,"url":"https:\/\/eneaudio.edu.co\/indexphp\/cursos-y-talleres\/taller-medicion-de-loudness-para-audiovisuales-online\/","url_meta":{"origin":4887,"position":0},"title":"Taller de Medici\u00f3n de Loudness para Audiovisuales &#8211; ONLINE","author":"admin","date":"5 de septiembre de 2024","format":false,"excerpt":"","rel":"","context":"Entrada similar","block_context":{"text":"Entrada similar","link":""},"img":{"alt_text":"","src":"","width":0,"height":0},"classes":[]},{"id":3368,"url":"https:\/\/eneaudio.edu.co\/indexphp\/cursos-y-talleres\/taller-de-limpieza-de-audio-en-izotope-rx-online\/","url_meta":{"origin":4887,"position":1},"title":"Taller de Limpieza de Audio en iZotope RX &#8211; ONLINE","author":"admin","date":"10 de septiembre de 2024","format":false,"excerpt":"","rel":"","context":"Entrada similar","block_context":{"text":"Entrada similar","link":""},"img":{"alt_text":"","src":"","width":0,"height":0},"classes":[]},{"id":7787,"url":"https:\/\/eneaudio.edu.co\/taller-mastering-de-audio-profesional-flujo-de-trabajo-digital-e-hibrido-presencial\/","url_meta":{"origin":4887,"position":2},"title":"Taller Mastering de Audio Profesional Flujo de Trabajo Digital e H\u00edbrido &#8211; PRESENCIAL","author":"admin","date":"22 de abril de 2026","format":false,"excerpt":"","rel":"","context":"Entrada similar","block_context":{"text":"Entrada similar","link":""},"img":{"alt_text":"","src":"","width":0,"height":0},"classes":[]},{"id":7900,"url":"https:\/\/eneaudio.edu.co\/taller-creatividad-en-ableton-live-online\/","url_meta":{"origin":4887,"position":3},"title":"Taller Creatividad en Ableton Live &#8211; ONLINE","author":"admin","date":"30 de abril de 2026","format":false,"excerpt":"","rel":"","context":"Entrada similar","block_context":{"text":"Entrada similar","link":""},"img":{"alt_text":"","src":"","width":0,"height":0},"classes":[]},{"id":5952,"url":"https:\/\/eneaudio.edu.co\/indexphp\/borrador-automatico\/","url_meta":{"origin":4887,"position":4},"title":"Borrador autom\u00e1tico","author":"admin","date":"17 de junio de 2025","format":false,"excerpt":"","rel":"","context":"Entrada similar","block_context":{"text":"Entrada similar","link":""},"img":{"alt_text":"","src":"","width":0,"height":0},"classes":[]},{"id":3605,"url":"https:\/\/eneaudio.edu.co\/indexphp\/post-produccion\/","url_meta":{"origin":4887,"position":5},"title":"Cursos y talleres pagina borrador","author":"admin","date":"5 de octubre de 2024","format":false,"excerpt":"","rel":"","context":"Entrada similar","block_context":{"text":"Entrada similar","link":""},"img":{"alt_text":"","src":"","width":0,"height":0},"classes":[]}],"_links":{"self":[{"href":"https:\/\/eneaudio.edu.co\/index.php\/wp-json\/wp\/v2\/pages\/4887","targetHints":{"allow":["GET"]}}],"collection":[{"href":"https:\/\/eneaudio.edu.co\/index.php\/wp-json\/wp\/v2\/pages"}],"about":[{"href":"https:\/\/eneaudio.edu.co\/index.php\/wp-json\/wp\/v2\/types\/page"}],"author":[{"embeddable":true,"href":"https:\/\/eneaudio.edu.co\/index.php\/wp-json\/wp\/v2\/users\/1"}],"replies":[{"embeddable":true,"href":"https:\/\/eneaudio.edu.co\/index.php\/wp-json\/wp\/v2\/comments?post=4887"}],"version-history":[{"count":20,"href":"https:\/\/eneaudio.edu.co\/index.php\/wp-json\/wp\/v2\/pages\/4887\/revisions"}],"predecessor-version":[{"id":7555,"href":"https:\/\/eneaudio.edu.co\/index.php\/wp-json\/wp\/v2\/pages\/4887\/revisions\/7555"}],"up":[{"embeddable":true,"href":"https:\/\/eneaudio.edu.co\/index.php\/wp-json\/wp\/v2\/pages\/936"}],"wp:attachment":[{"href":"https:\/\/eneaudio.edu.co\/index.php\/wp-json\/wp\/v2\/media?parent=4887"}],"curies":[{"name":"wp","href":"https:\/\/api.w.org\/{rel}","templated":true}]}}