{"id":5086,"date":"2025-02-18T18:01:06","date_gmt":"2025-02-18T23:01:06","guid":{"rendered":"https:\/\/eneaudio.edu.co\/?page_id=5086"},"modified":"2026-02-16T12:05:57","modified_gmt":"2026-02-16T17:05:57","slug":"taller-el-tecnico-de-monitores-de-sonido-en-vivo-retos-y-funciones","status":"publish","type":"page","link":"https:\/\/eneaudio.edu.co\/indexphp\/cursos-y-talleres\/taller-el-tecnico-de-monitores-de-sonido-en-vivo-retos-y-funciones\/","title":{"rendered":"Taller \u201cEl t\u00e9cnico de monitores de Sonido en Vivo: Retos y funciones\u201d &#8211; ONLINE"},"content":{"rendered":"<p>[et_pb_section fb_built=\u00bb1&#8243; custom_padding_last_edited=\u00bbon|desktop\u00bb _builder_version=\u00bb4.27.2&#8243; _module_preset=\u00bbdefault\u00bb background_color=\u00bb#000000&#8243; background_image=\u00bbhttps:\/\/eneaudio.edu.co\/wp-content\/uploads\/2025\/02\/Headers-Taller-El-tecnico-de-monitores-de-Sonido-en-Vivo-Retos-y-funciones-ONLINE.jpg\u00bb min_height=\u00bb257px\u00bb min_height_tablet=\u00bb257px\u00bb min_height_phone=\u00bb\u00bb min_height_last_edited=\u00bbon|phone\u00bb height=\u00bb225px\u00bb max_height=\u00bb257px\u00bb custom_margin=\u00bb0px||||false|false\u00bb custom_padding=\u00bb153px||43px|||\u00bb custom_padding_tablet=\u00bb90px||||false|false\u00bb custom_padding_phone=\u00bb77px||43px||false|false\u00bb locked=\u00bboff\u00bb global_colors_info=\u00bb{}\u00bb][et_pb_row _builder_version=\u00bb4.24.3&#8243; _module_preset=\u00bbdefault\u00bb global_colors_info=\u00bb{}\u00bb][et_pb_column type=\u00bb4_4&#8243; _builder_version=\u00bb4.24.3&#8243; _module_preset=\u00bbdefault\u00bb global_colors_info=\u00bb{}\u00bb][et_pb_text _builder_version=\u00bb4.27.2&#8243; _module_preset=\u00bbdefault\u00bb header_text_color=\u00bb#FFFFFF\u00bb text_text_shadow_style=\u00bbpreset1&#8243; header_text_shadow_style=\u00bbpreset5&#8243; global_colors_info=\u00bb{}\u00bb]<\/p>\n<h1>Taller \u201cEl t\u00e9cnico de monitores de Sonido en Vivo: Retos y funciones\u201d &#8211; ONLINE<\/h1>\n<p>[\/et_pb_text][\/et_pb_column][\/et_pb_row][\/et_pb_section][et_pb_section fb_built=\u00bb1&#8243; _builder_version=\u00bb4.25.1&#8243; _module_preset=\u00bbdefault\u00bb locked=\u00bboff\u00bb global_colors_info=\u00bb{}\u00bb][et_pb_row column_structure=\u00bb1_2,1_2&#8243; _builder_version=\u00bb4.24.3&#8243; _module_preset=\u00bbdefault\u00bb locked=\u00bboff\u00bb global_colors_info=\u00bb{}\u00bb][et_pb_column type=\u00bb1_2&#8243; _builder_version=\u00bb4.24.3&#8243; _module_preset=\u00bbdefault\u00bb global_colors_info=\u00bb{}\u00bb][et_pb_text _builder_version=\u00bb4.27.2&#8243; _module_preset=\u00bbdefault\u00bb header_2_text_color=\u00bb#C70000&#8243; custom_padding=\u00bb1px|||||\u00bb global_colors_info=\u00bb{}\u00bb]<\/p>\n<h2><a href=\"https:\/\/eneaudio.edu.co\/index.php\/somos\/docentes\/william-florez\/\">Dictado por William Fl\u00f3rez<\/a><\/h2>\n<div class=\"page\" title=\"Page 1\">\n<div class=\"section\">\n<div class=\"layoutArea\">\n<div class=\"column\">\n<div class=\"page\" title=\"Page 1\">\n<div class=\"section\">\n<div class=\"layoutArea\">\n<div class=\"column\">\n<div class=\"page\" title=\"Page 1\">\n<div class=\"section\">\n<div class=\"layoutArea\">\n<div class=\"column\">\n<div class=\"page\" title=\"Page 1\">\n<div class=\"section\">\n<div class=\"layoutArea\">\n<div class=\"column\">\n<p>Este taller esta\u0301 enfocado a operadores de audio e ingenieros de sonido interesados en profundizar en las funciones del te\u0301cnico de monitores para sonido en vivo.<br \/><span style=\"font-size: 14px;\">\u00a0<\/span><\/p>\n<\/div>\n<\/div>\n<\/div>\n<\/div>\n<\/div>\n<\/div>\n<\/div>\n<\/div>\n<\/div>\n<\/div>\n<\/div>\n<\/div>\n<\/div>\n<\/div>\n<\/div>\n<\/div>\n<h2><span class=\"agsdi-icon\" style=\"color: #c70000!important; font-size: 30;\" data-icon=\"agsdi-check-circle\">check circle icon<\/span> Requisitos<\/h2>\n<ul>\n<li>Conocimientos b\u00e1sicos en audio y flujo de se\u00f1al.<\/li>\n<li>Terminolog\u00eda usada en audio (decibeles, fase, frecuencia, longitud de onda, periodo).<\/li>\n<li>Conexi\u00f3n a internet estable.<\/li>\n<\/ul>\n<h2><span class=\"agsdi-icon\" style=\"color: #c70000!important; font-size: 30;\" data-icon=\"agsdi-notebook-2\">notebook 2 icon<\/span> Metodolog\u00eda<\/h2>\n<h2><span style=\"font-size: 14px; color: #666666; font-family: 'Open Sans', Helvetica, Arial, Lucida, sans-serif;\">En cada sesio\u0301n se hara\u0301 explicacio\u0301n del tema correspondiente con ejemplos pra\u0301cticos y cada estudiante podra\u0301 despejar sus dudas en tiempo real. Podra\u0301s ver al instructor y la pantalla de su computador para entender perfectamente lo que se esta\u0301 explicando.<\/span><\/h2>\n<div class=\"page\" title=\"Page 2\">\n<div class=\"section\">\n<div class=\"layoutArea\">\n<div class=\"column\">\n<p>&nbsp;<\/p>\n<\/div>\n<\/div>\n<\/div>\n<\/div>\n<h2><span class=\"agsdi-icon\" style=\"color: #c70000!important; font-size: 30;\" data-icon=\"agsdi-calendar-heart\">calendar heart icon<\/span> Duraci\u00f3n y fechas<\/h2>\n<p><strong>Duraci\u00f3n: <\/strong>El taller tiene una duracio\u0301n de 10 horas divididas en 5 clases de 2 horas cada una.<\/p>\n<p><strong>Fechas: <\/strong>24, 25, 30, 31 de marzo, 1 de abril de 2026 de 6:00 p.m. a 8:00 p.m., hora de Colombia.<\/p>\n<p><span style=\"color: #c70000;\"><a style=\"color: #c70000;\" href=\"https:\/\/www.timeanddate.com\/worldclock\/fixedtime.html?msg=Taller+%E2%80%9CEl+t%C3%A9cnico+de+monitores%3A+Retos+y+funciones%E2%80%9D+-+ONLINE+-+ENE+Audio&amp;iso=20260324T18&amp;p1=41\" target=\"_blank\" rel=\"noopener\"><strong>CLIC AQU\u00cd para saber la hora en tu ciudad<\/strong><\/a><\/span><\/p>\n<h2><span class=\"agsdi-icon\" style=\"color: #c70000!important; font-size: 30;\" data-icon=\"agsdi-dollar\">dollar icon<\/span>\u00a0Inversi\u00f3n<\/h2>\n<p>Pesos colombianos $850.000= (230 do\u0301lares)<\/p>\n<p><strong>** Pregunta por nuestro descuento especial por <a href=\"https:\/\/api.whatsapp.com\/send?phone=573188798097&amp;text=Hola%20Lucia,%20quiero%20m%C3%A1s%20informaci%C3%B3n%20sobre%20el%20descuento%20especial%20del%20Taller%20%E2%80%9CEl%20t%C3%A9cnico%20de%20monitores:%20Retos%20y%20funciones%E2%80%9D%20-%20ONLINE\" target=\"_blank\" rel=\"noopener\">WhatsApp AQU\u00cd<\/a><\/strong><\/p>\n<p>&nbsp;<\/p>\n<p>[\/et_pb_text][\/et_pb_column][et_pb_column type=\u00bb1_2&#8243; _builder_version=\u00bb4.24.3&#8243; _module_preset=\u00bbdefault\u00bb global_colors_info=\u00bb{}\u00bb][et_pb_code _builder_version=\u00bb4.27.2&#8243; _module_preset=\u00bbdefault\u00bb border_radii=\u00bbon|10px|10px|10px|10px\u00bb box_shadow_style=\u00bbpreset6&#8243; locked=\u00bboff\u00bb global_colors_info=\u00bb{}\u00bb]<iframe loading=\"lazy\" src=\"https:\/\/forms.gle\/Qasn31P3tHECP7836\" width=\"640\" height=\"1137\" frameborder=\"0\" marginheight=\"0\" marginwidth=\"0\">Cargando\u2026<\/iframe>[\/et_pb_code][\/et_pb_column][\/et_pb_row][\/et_pb_section]<\/p>\n","protected":false},"excerpt":{"rendered":"<p>Taller \u201cEl t\u00e9cnico de monitores de Sonido en Vivo: Retos y funciones\u201d &#8211; ONLINEDictado por William Fl\u00f3rez Este taller esta\u0301 enfocado a operadores de audio e ingenieros de sonido interesados en profundizar en las funciones del te\u0301cnico de monitores para sonido en vivo.\u00a0 check circle icon Requisitos Conocimientos b\u00e1sicos en audio y flujo de se\u00f1al. [&hellip;]<\/p>\n","protected":false},"author":1,"featured_media":0,"parent":936,"menu_order":0,"comment_status":"closed","ping_status":"closed","template":"","meta":{"_et_pb_use_builder":"on","_et_pb_old_content":"","_et_gb_content_width":"","sfsi_plus_gutenberg_text_before_share":"","sfsi_plus_gutenberg_show_text_before_share":"","sfsi_plus_gutenberg_icon_type":"","sfsi_plus_gutenberg_icon_alignemt":"","sfsi_plus_gutenburg_max_per_row":"","_monsterinsights_skip_tracking":false,"_monsterinsights_sitenote_active":false,"_monsterinsights_sitenote_note":"","_monsterinsights_sitenote_category":0,"_joinchat":[],"footnotes":""},"class_list":["post-5086","page","type-page","status-publish","hentry"],"yoast_head":"<!-- This site is optimized with the Yoast SEO plugin v26.9 - https:\/\/yoast.com\/product\/yoast-seo-wordpress\/ -->\n<title>Taller \u201cEl t\u00e9cnico de monitores de Sonido en Vivo: Retos y funciones\u201d - ONLINE - Instituto ENE Audio<\/title>\n<meta name=\"robots\" content=\"index, follow, max-snippet:-1, max-image-preview:large, max-video-preview:-1\" \/>\n<link rel=\"canonical\" href=\"https:\/\/eneaudio.edu.co\/indexphp\/cursos-y-talleres\/taller-el-tecnico-de-monitores-de-sonido-en-vivo-retos-y-funciones\/\" \/>\n<meta property=\"og:locale\" content=\"es_ES\" \/>\n<meta property=\"og:type\" content=\"article\" \/>\n<meta property=\"og:title\" content=\"Taller \u201cEl t\u00e9cnico de monitores de Sonido en Vivo: Retos y funciones\u201d - ONLINE - Instituto ENE Audio\" \/>\n<meta property=\"og:description\" content=\"Taller \u201cEl t\u00e9cnico de monitores de Sonido en Vivo: Retos y funciones\u201d - ONLINEDictado por William Fl\u00f3rez Este taller esta\u0301 enfocado a operadores de audio e ingenieros de sonido interesados en profundizar en las funciones del te\u0301cnico de monitores para sonido en vivo.\u00a0 check circle icon Requisitos Conocimientos b\u00e1sicos en audio y flujo de se\u00f1al. [&hellip;]\" \/>\n<meta property=\"og:url\" content=\"https:\/\/eneaudio.edu.co\/indexphp\/cursos-y-talleres\/taller-el-tecnico-de-monitores-de-sonido-en-vivo-retos-y-funciones\/\" \/>\n<meta property=\"og:site_name\" content=\"Instituto ENE Audio\" \/>\n<meta property=\"article:publisher\" content=\"https:\/\/www.facebook.com\/institutoeneaudio\" \/>\n<meta property=\"article:modified_time\" content=\"2026-02-16T17:05:57+00:00\" \/>\n<meta property=\"og:image\" content=\"https:\/\/eneaudio.edu.co\/wp-content\/uploads\/2025\/07\/Imagen-ENE-Audio-Pag.-Web.jpg\" \/>\n\t<meta property=\"og:image:width\" content=\"1774\" \/>\n\t<meta property=\"og:image:height\" content=\"675\" \/>\n\t<meta property=\"og:image:type\" content=\"image\/jpeg\" \/>\n<meta name=\"twitter:card\" content=\"summary_large_image\" \/>\n<meta name=\"twitter:site\" content=\"@ENEaudio\" \/>\n<meta name=\"twitter:label1\" content=\"Tiempo de lectura\" \/>\n\t<meta name=\"twitter:data1\" content=\"1 minuto\" \/>\n<script type=\"application\/ld+json\" class=\"yoast-schema-graph\">{\"@context\":\"https:\/\/schema.org\",\"@graph\":[{\"@type\":\"WebPage\",\"@id\":\"https:\/\/eneaudio.edu.co\/indexphp\/cursos-y-talleres\/taller-el-tecnico-de-monitores-de-sonido-en-vivo-retos-y-funciones\/\",\"url\":\"https:\/\/eneaudio.edu.co\/indexphp\/cursos-y-talleres\/taller-el-tecnico-de-monitores-de-sonido-en-vivo-retos-y-funciones\/\",\"name\":\"Taller \u201cEl t\u00e9cnico de monitores de Sonido en Vivo: Retos y funciones\u201d - ONLINE - Instituto ENE Audio\",\"isPartOf\":{\"@id\":\"https:\/\/eneaudio.edu.co\/#website\"},\"datePublished\":\"2025-02-18T23:01:06+00:00\",\"dateModified\":\"2026-02-16T17:05:57+00:00\",\"breadcrumb\":{\"@id\":\"https:\/\/eneaudio.edu.co\/indexphp\/cursos-y-talleres\/taller-el-tecnico-de-monitores-de-sonido-en-vivo-retos-y-funciones\/#breadcrumb\"},\"inLanguage\":\"es\",\"potentialAction\":[{\"@type\":\"ReadAction\",\"target\":[\"https:\/\/eneaudio.edu.co\/indexphp\/cursos-y-talleres\/taller-el-tecnico-de-monitores-de-sonido-en-vivo-retos-y-funciones\/\"]}]},{\"@type\":\"BreadcrumbList\",\"@id\":\"https:\/\/eneaudio.edu.co\/indexphp\/cursos-y-talleres\/taller-el-tecnico-de-monitores-de-sonido-en-vivo-retos-y-funciones\/#breadcrumb\",\"itemListElement\":[{\"@type\":\"ListItem\",\"position\":1,\"name\":\"Portada\",\"item\":\"https:\/\/eneaudio.edu.co\/\"},{\"@type\":\"ListItem\",\"position\":2,\"name\":\"Cursos y talleres\",\"item\":\"https:\/\/eneaudio.edu.co\/index.php\/cursos-y-talleres\/\"},{\"@type\":\"ListItem\",\"position\":3,\"name\":\"Taller \u201cEl t\u00e9cnico de monitores de Sonido en Vivo: Retos y funciones\u201d &#8211; ONLINE\"}]},{\"@type\":\"WebSite\",\"@id\":\"https:\/\/eneaudio.edu.co\/#website\",\"url\":\"https:\/\/eneaudio.edu.co\/\",\"name\":\"Instituto ENE Audio\",\"description\":\"Educaci\u00f3n T\u00e9cnica en Audio y Sonido - Educaci\u00f3n Continua\",\"publisher\":{\"@id\":\"https:\/\/eneaudio.edu.co\/#organization\"},\"alternateName\":\"ENE Audio\",\"potentialAction\":[{\"@type\":\"SearchAction\",\"target\":{\"@type\":\"EntryPoint\",\"urlTemplate\":\"https:\/\/eneaudio.edu.co\/?s={search_term_string}\"},\"query-input\":{\"@type\":\"PropertyValueSpecification\",\"valueRequired\":true,\"valueName\":\"search_term_string\"}}],\"inLanguage\":\"es\"},{\"@type\":\"Organization\",\"@id\":\"https:\/\/eneaudio.edu.co\/#organization\",\"name\":\"Instituto ENE Audio\",\"url\":\"https:\/\/eneaudio.edu.co\/\",\"logo\":{\"@type\":\"ImageObject\",\"inLanguage\":\"es\",\"@id\":\"https:\/\/eneaudio.edu.co\/#\/schema\/logo\/image\/\",\"url\":\"https:\/\/eneaudio.edu.co\/wp-content\/uploads\/2023\/08\/eneaudio-logo-inicio-05.png\",\"contentUrl\":\"https:\/\/eneaudio.edu.co\/wp-content\/uploads\/2023\/08\/eneaudio-logo-inicio-05.png\",\"width\":364,\"height\":60,\"caption\":\"Instituto ENE Audio\"},\"image\":{\"@id\":\"https:\/\/eneaudio.edu.co\/#\/schema\/logo\/image\/\"},\"sameAs\":[\"https:\/\/www.facebook.com\/institutoeneaudio\",\"https:\/\/x.com\/ENEaudio\",\"https:\/\/www.instagram.com\/eneaudio\/\",\"https:\/\/www.youtube.com\/account_advanced\",\"https:\/\/www.tiktok.com\/@eneaudio\"]}]}<\/script>\n<!-- \/ Yoast SEO plugin. -->","yoast_head_json":{"title":"Taller \u201cEl t\u00e9cnico de monitores de Sonido en Vivo: Retos y funciones\u201d - ONLINE - Instituto ENE Audio","robots":{"index":"index","follow":"follow","max-snippet":"max-snippet:-1","max-image-preview":"max-image-preview:large","max-video-preview":"max-video-preview:-1"},"canonical":"https:\/\/eneaudio.edu.co\/indexphp\/cursos-y-talleres\/taller-el-tecnico-de-monitores-de-sonido-en-vivo-retos-y-funciones\/","og_locale":"es_ES","og_type":"article","og_title":"Taller \u201cEl t\u00e9cnico de monitores de Sonido en Vivo: Retos y funciones\u201d - ONLINE - Instituto ENE Audio","og_description":"Taller \u201cEl t\u00e9cnico de monitores de Sonido en Vivo: Retos y funciones\u201d - ONLINEDictado por William Fl\u00f3rez Este taller esta\u0301 enfocado a operadores de audio e ingenieros de sonido interesados en profundizar en las funciones del te\u0301cnico de monitores para sonido en vivo.\u00a0 check circle icon Requisitos Conocimientos b\u00e1sicos en audio y flujo de se\u00f1al. [&hellip;]","og_url":"https:\/\/eneaudio.edu.co\/indexphp\/cursos-y-talleres\/taller-el-tecnico-de-monitores-de-sonido-en-vivo-retos-y-funciones\/","og_site_name":"Instituto ENE Audio","article_publisher":"https:\/\/www.facebook.com\/institutoeneaudio","article_modified_time":"2026-02-16T17:05:57+00:00","og_image":[{"width":1774,"height":675,"url":"https:\/\/eneaudio.edu.co\/wp-content\/uploads\/2025\/07\/Imagen-ENE-Audio-Pag.-Web.jpg","type":"image\/jpeg"}],"twitter_card":"summary_large_image","twitter_site":"@ENEaudio","twitter_misc":{"Tiempo de lectura":"1 minuto"},"schema":{"@context":"https:\/\/schema.org","@graph":[{"@type":"WebPage","@id":"https:\/\/eneaudio.edu.co\/indexphp\/cursos-y-talleres\/taller-el-tecnico-de-monitores-de-sonido-en-vivo-retos-y-funciones\/","url":"https:\/\/eneaudio.edu.co\/indexphp\/cursos-y-talleres\/taller-el-tecnico-de-monitores-de-sonido-en-vivo-retos-y-funciones\/","name":"Taller \u201cEl t\u00e9cnico de monitores de Sonido en Vivo: Retos y funciones\u201d - ONLINE - Instituto ENE Audio","isPartOf":{"@id":"https:\/\/eneaudio.edu.co\/#website"},"datePublished":"2025-02-18T23:01:06+00:00","dateModified":"2026-02-16T17:05:57+00:00","breadcrumb":{"@id":"https:\/\/eneaudio.edu.co\/indexphp\/cursos-y-talleres\/taller-el-tecnico-de-monitores-de-sonido-en-vivo-retos-y-funciones\/#breadcrumb"},"inLanguage":"es","potentialAction":[{"@type":"ReadAction","target":["https:\/\/eneaudio.edu.co\/indexphp\/cursos-y-talleres\/taller-el-tecnico-de-monitores-de-sonido-en-vivo-retos-y-funciones\/"]}]},{"@type":"BreadcrumbList","@id":"https:\/\/eneaudio.edu.co\/indexphp\/cursos-y-talleres\/taller-el-tecnico-de-monitores-de-sonido-en-vivo-retos-y-funciones\/#breadcrumb","itemListElement":[{"@type":"ListItem","position":1,"name":"Portada","item":"https:\/\/eneaudio.edu.co\/"},{"@type":"ListItem","position":2,"name":"Cursos y talleres","item":"https:\/\/eneaudio.edu.co\/index.php\/cursos-y-talleres\/"},{"@type":"ListItem","position":3,"name":"Taller \u201cEl t\u00e9cnico de monitores de Sonido en Vivo: Retos y funciones\u201d &#8211; ONLINE"}]},{"@type":"WebSite","@id":"https:\/\/eneaudio.edu.co\/#website","url":"https:\/\/eneaudio.edu.co\/","name":"Instituto ENE Audio","description":"Educaci\u00f3n T\u00e9cnica en Audio y Sonido - Educaci\u00f3n Continua","publisher":{"@id":"https:\/\/eneaudio.edu.co\/#organization"},"alternateName":"ENE Audio","potentialAction":[{"@type":"SearchAction","target":{"@type":"EntryPoint","urlTemplate":"https:\/\/eneaudio.edu.co\/?s={search_term_string}"},"query-input":{"@type":"PropertyValueSpecification","valueRequired":true,"valueName":"search_term_string"}}],"inLanguage":"es"},{"@type":"Organization","@id":"https:\/\/eneaudio.edu.co\/#organization","name":"Instituto ENE Audio","url":"https:\/\/eneaudio.edu.co\/","logo":{"@type":"ImageObject","inLanguage":"es","@id":"https:\/\/eneaudio.edu.co\/#\/schema\/logo\/image\/","url":"https:\/\/eneaudio.edu.co\/wp-content\/uploads\/2023\/08\/eneaudio-logo-inicio-05.png","contentUrl":"https:\/\/eneaudio.edu.co\/wp-content\/uploads\/2023\/08\/eneaudio-logo-inicio-05.png","width":364,"height":60,"caption":"Instituto ENE Audio"},"image":{"@id":"https:\/\/eneaudio.edu.co\/#\/schema\/logo\/image\/"},"sameAs":["https:\/\/www.facebook.com\/institutoeneaudio","https:\/\/x.com\/ENEaudio","https:\/\/www.instagram.com\/eneaudio\/","https:\/\/www.youtube.com\/account_advanced","https:\/\/www.tiktok.com\/@eneaudio"]}]}},"jetpack_sharing_enabled":true,"jetpack-related-posts":[{"id":3605,"url":"https:\/\/eneaudio.edu.co\/indexphp\/post-produccion\/","url_meta":{"origin":5086,"position":0},"title":"Cursos y talleres pagina borrador","author":"admin","date":"5 de octubre de 2024","format":false,"excerpt":"","rel":"","context":"Entrada similar","block_context":{"text":"Entrada similar","link":""},"img":{"alt_text":"","src":"","width":0,"height":0},"classes":[]},{"id":3601,"url":"https:\/\/eneaudio.edu.co\/index.php\/talleres-de-sonido-en-vivo\/","url_meta":{"origin":5086,"position":1},"title":"Talleres de Sonido en Vivo","author":"admin","date":"5 de octubre de 2024","format":false,"excerpt":"","rel":"","context":"Entrada similar","block_context":{"text":"Entrada similar","link":""},"img":{"alt_text":"","src":"","width":0,"height":0},"classes":[]},{"id":888,"url":"https:\/\/eneaudio.edu.co\/index.php\/somos\/docentes\/german-arevalo\/","url_meta":{"origin":5086,"position":2},"title":"Germ\u00e1n Ar\u00e9valo","author":"admin","date":"11 de marzo de 2024","format":false,"excerpt":"","rel":"","context":"Entrada similar","block_context":{"text":"Entrada similar","link":""},"img":{"alt_text":"","src":"https:\/\/i0.wp.com\/eneaudio.edu.co\/wp-content\/uploads\/2024\/05\/Banner-Produccion-Musical.jpg?resize=350%2C200&ssl=1","width":350,"height":200,"srcset":"https:\/\/i0.wp.com\/eneaudio.edu.co\/wp-content\/uploads\/2024\/05\/Banner-Produccion-Musical.jpg?resize=350%2C200&ssl=1 1x, https:\/\/i0.wp.com\/eneaudio.edu.co\/wp-content\/uploads\/2024\/05\/Banner-Produccion-Musical.jpg?resize=525%2C300&ssl=1 1.5x, https:\/\/i0.wp.com\/eneaudio.edu.co\/wp-content\/uploads\/2024\/05\/Banner-Produccion-Musical.jpg?resize=700%2C400&ssl=1 2x"},"classes":[]},{"id":736,"url":"https:\/\/eneaudio.edu.co\/index.php\/somos\/docentes\/andres-torres\/","url_meta":{"origin":5086,"position":3},"title":"Andr\u00e9s Torres","author":"admin","date":"11 de marzo de 2024","format":false,"excerpt":"","rel":"","context":"Entrada similar","block_context":{"text":"Entrada similar","link":""},"img":{"alt_text":"","src":"https:\/\/i0.wp.com\/eneaudio.edu.co\/wp-content\/uploads\/2024\/10\/banner-pm.png?resize=350%2C200&ssl=1","width":350,"height":200,"srcset":"https:\/\/i0.wp.com\/eneaudio.edu.co\/wp-content\/uploads\/2024\/10\/banner-pm.png?resize=350%2C200&ssl=1 1x, https:\/\/i0.wp.com\/eneaudio.edu.co\/wp-content\/uploads\/2024\/10\/banner-pm.png?resize=525%2C300&ssl=1 1.5x, https:\/\/i0.wp.com\/eneaudio.edu.co\/wp-content\/uploads\/2024\/10\/banner-pm.png?resize=700%2C400&ssl=1 2x"},"classes":[]},{"id":724,"url":"https:\/\/eneaudio.edu.co\/index.php\/somos\/docentes\/william-florez\/","url_meta":{"origin":5086,"position":4},"title":"William Florez","author":"admin","date":"11 de marzo de 2024","format":false,"excerpt":"","rel":"","context":"Entrada similar","block_context":{"text":"Entrada similar","link":""},"img":{"alt_text":"","src":"https:\/\/i0.wp.com\/eneaudio.edu.co\/wp-content\/uploads\/2024\/05\/Banner-Produccion-Musical.jpg?resize=350%2C200&ssl=1","width":350,"height":200,"srcset":"https:\/\/i0.wp.com\/eneaudio.edu.co\/wp-content\/uploads\/2024\/05\/Banner-Produccion-Musical.jpg?resize=350%2C200&ssl=1 1x, https:\/\/i0.wp.com\/eneaudio.edu.co\/wp-content\/uploads\/2024\/05\/Banner-Produccion-Musical.jpg?resize=525%2C300&ssl=1 1.5x, https:\/\/i0.wp.com\/eneaudio.edu.co\/wp-content\/uploads\/2024\/05\/Banner-Produccion-Musical.jpg?resize=700%2C400&ssl=1 2x"},"classes":[]},{"id":331,"url":"https:\/\/eneaudio.edu.co\/indexphp\/certificacion-venue\/","url_meta":{"origin":5086,"position":5},"title":"Certificaci\u00f3n VENUE","author":"admin","date":"22 de diciembre de 2023","format":false,"excerpt":"","rel":"","context":"Entrada similar","block_context":{"text":"Entrada similar","link":""},"img":{"alt_text":"","src":"","width":0,"height":0},"classes":[]}],"_links":{"self":[{"href":"https:\/\/eneaudio.edu.co\/index.php\/wp-json\/wp\/v2\/pages\/5086","targetHints":{"allow":["GET"]}}],"collection":[{"href":"https:\/\/eneaudio.edu.co\/index.php\/wp-json\/wp\/v2\/pages"}],"about":[{"href":"https:\/\/eneaudio.edu.co\/index.php\/wp-json\/wp\/v2\/types\/page"}],"author":[{"embeddable":true,"href":"https:\/\/eneaudio.edu.co\/index.php\/wp-json\/wp\/v2\/users\/1"}],"replies":[{"embeddable":true,"href":"https:\/\/eneaudio.edu.co\/index.php\/wp-json\/wp\/v2\/comments?post=5086"}],"version-history":[{"count":15,"href":"https:\/\/eneaudio.edu.co\/index.php\/wp-json\/wp\/v2\/pages\/5086\/revisions"}],"predecessor-version":[{"id":7503,"href":"https:\/\/eneaudio.edu.co\/index.php\/wp-json\/wp\/v2\/pages\/5086\/revisions\/7503"}],"up":[{"embeddable":true,"href":"https:\/\/eneaudio.edu.co\/index.php\/wp-json\/wp\/v2\/pages\/936"}],"wp:attachment":[{"href":"https:\/\/eneaudio.edu.co\/index.php\/wp-json\/wp\/v2\/media?parent=5086"}],"curies":[{"name":"wp","href":"https:\/\/api.w.org\/{rel}","templated":true}]}}