{"id":5578,"date":"2025-11-06T11:05:51","date_gmt":"2025-11-06T16:05:51","guid":{"rendered":"https:\/\/eneaudio.edu.co\/?page_id=5578"},"modified":"2025-12-18T16:03:18","modified_gmt":"2025-12-18T21:03:18","slug":"taller-de-rf-para-sistemas-inalambricos-presencial","status":"publish","type":"page","link":"https:\/\/eneaudio.edu.co\/taller-de-rf-para-sistemas-inalambricos-presencial\/","title":{"rendered":"Taller de RF para Sistemas Inal\u00e1mbricos &#8211; Presencial"},"content":{"rendered":"<p>[et_pb_section fb_built=\u00bb1&#8243; custom_padding_last_edited=\u00bbon|desktop\u00bb _builder_version=\u00bb4.27.2&#8243; _module_preset=\u00bbdefault\u00bb background_color=\u00bb#000000&#8243; background_image=\u00bbhttps:\/\/eneaudio.edu.co\/wp-content\/uploads\/2025\/11\/Taller-RF.jpg\u00bb min_height=\u00bb257px\u00bb min_height_tablet=\u00bb257px\u00bb min_height_phone=\u00bb\u00bb min_height_last_edited=\u00bbon|phone\u00bb height=\u00bb225px\u00bb max_height=\u00bb257px\u00bb custom_margin=\u00bb0px||||false|false\u00bb custom_padding=\u00bb153px||43px|||\u00bb custom_padding_tablet=\u00bb90px||||false|false\u00bb custom_padding_phone=\u00bb77px||43px||false|false\u00bb locked=\u00bboff\u00bb global_colors_info=\u00bb{}\u00bb][et_pb_row _builder_version=\u00bb4.24.3&#8243; _module_preset=\u00bbdefault\u00bb global_colors_info=\u00bb{}\u00bb][et_pb_column type=\u00bb4_4&#8243; _builder_version=\u00bb4.24.3&#8243; _module_preset=\u00bbdefault\u00bb global_colors_info=\u00bb{}\u00bb][et_pb_text _builder_version=\u00bb4.27.2&#8243; _module_preset=\u00bbdefault\u00bb header_text_color=\u00bb#FFFFFF\u00bb text_text_shadow_style=\u00bbpreset1&#8243; header_text_shadow_style=\u00bbpreset5&#8243; global_colors_info=\u00bb{}\u00bb]<\/p>\n<h1>Taller de RF para Sistemas Inal\u00e1mbricos &#8211; Presencial<\/h1>\n<p>[\/et_pb_text][\/et_pb_column][\/et_pb_row][\/et_pb_section][et_pb_section fb_built=\u00bb1&#8243; _builder_version=\u00bb4.25.1&#8243; _module_preset=\u00bbdefault\u00bb locked=\u00bboff\u00bb global_colors_info=\u00bb{}\u00bb][et_pb_row column_structure=\u00bb1_2,1_2&#8243; _builder_version=\u00bb4.24.3&#8243; _module_preset=\u00bbdefault\u00bb locked=\u00bboff\u00bb global_colors_info=\u00bb{}\u00bb][et_pb_column type=\u00bb1_2&#8243; _builder_version=\u00bb4.24.3&#8243; _module_preset=\u00bbdefault\u00bb global_colors_info=\u00bb{}\u00bb][et_pb_text _builder_version=\u00bb4.27.2&#8243; _module_preset=\u00bbdefault\u00bb header_2_text_color=\u00bb#C70000&#8243; custom_padding=\u00bb1px|||||\u00bb global_colors_info=\u00bb{}\u00bb]<\/p>\n<h2><a href=\"https:\/\/eneaudio.edu.co\/index.php\/somos\/docentes\/andres-torres\/\">Dictado por Andr\u00e9s Torres<\/a><\/h2>\n<div class=\"page\" title=\"Page 1\">\n<div class=\"section\">\n<div class=\"layoutArea\">\n<div class=\"column\">\n<div class=\"page\" title=\"Page 1\">\n<div class=\"section\">\n<div class=\"layoutArea\">\n<div class=\"column\">\n<div class=\"page\" title=\"Page 1\">\n<div class=\"section\">\n<div class=\"layoutArea\">\n<div class=\"column\">\n<div class=\"page\" title=\"Page 1\">\n<div class=\"section\">\n<div class=\"layoutArea\">\n<div class=\"column\">\n<div class=\"page\" title=\"Page 1\">\n<div class=\"section\">\n<div class=\"layoutArea\">\n<div class=\"column\">\n<p><span style=\"font-weight: 400;\">Este taller est\u00e1 enfocado a t\u00e9cnicos e ingenieros de audio que deseen mejorar la gesti\u00f3n de sistemas inal\u00e1mbricos, optimizar su configuraci\u00f3n y resolver problemas de comunicaci\u00f3n en eventos en vivo.<\/span><\/p>\n<\/div>\n<\/div>\n<\/div>\n<\/div>\n<p><span style=\"font-size: 14px;\">\u00a0<\/span><\/p>\n<\/div>\n<\/div>\n<\/div>\n<\/div>\n<\/div>\n<\/div>\n<\/div>\n<\/div>\n<\/div>\n<\/div>\n<\/div>\n<\/div>\n<\/div>\n<\/div>\n<\/div>\n<\/div>\n<h2><span class=\"agsdi-icon i-agsdi-notebook-2\" style=\"color: #c70000!important; font-size: 30;\" data-icon=\"agsdi-notebook-2\">notebook 2 icon<\/span> Metodolog\u00eda<\/h2>\n<p><span style=\"font-weight: 400;\">En cada sesi\u00f3n se explicar\u00e1n los conceptos de RF. Los participantes aplicar\u00e1n lo aprendido en <\/span><b>ejercicios guiados<\/b><span style=\"font-weight: 400;\"> de configuraci\u00f3n y monitoreo, fortaleciendo su manejo de sistemas inal\u00e1mbricos en escenarios reales.<\/span><\/p>\n<h2><span class=\"agsdi-icon i-agsdi-calendar-heart\" style=\"color: #c70000!important; font-size: 30;\" data-icon=\"agsdi-calendar-heart\">calendar heart icon<\/span> Duraci\u00f3n y fechas<\/h2>\n<p><span style=\"font-weight: 400;\">El taller tiene una duraci\u00f3n de 9 horas, divididas en 3 sesiones de 3 horas. Tendr\u00e1 lugar lunes 26, martes 27 y mi\u00e9rcoles 28 de enero de 2026 de 5:00 p.m. a 8:00 p.m.<\/span><\/p>\n<h2 style=\"text-align: left;\"><span class=\"agsdi-icon i-agsdi-location\" style=\"color: #c70000!important; font-size: 33px;\" data-icon=\"agsdi-location\">location icon<\/span>Lugar<\/h2>\n<p><strong>Instituto ENE Audio<\/strong><br \/>Calle 25A No. 32 \u2013 05, Barrio Gran Am\u00e9rica &#8211; Bogot\u00e1 D.C, Colombia<\/p>\n<p>A continuaci\u00f3n, se proporcionan los enlaces para ubicar la direcci\u00f3n y facilitar la llegada:<\/p>\n<p><b>C\u00f3mo llegar:<\/b><span style=\"font-weight: 400;\">\u00a0 <\/span><a href=\"https:\/\/www.waze.com\/es\/live-map\/directions?to=ll.4.626939%2C-74.084437\"><span style=\"font-weight: 400;\">Waze<\/span><\/a><span style=\"font-weight: 400;\"> |<\/span> <a href=\"https:\/\/maps.app.goo.gl\/oMzt78hFWPPAeQM38\"><span style=\"font-weight: 400;\">Google Maps<\/span><\/a><\/p>\n<h2><span class=\"agsdi-icon i-agsdi-dollar\" style=\"color: #c70000!important; font-size: 30;\" data-icon=\"agsdi-dollar\">dollar icon<\/span>\u00a0Inversi\u00f3n<\/h2>\n<p>Pesos colombianos\u00a0\u00a0<b>$950.000<\/b><br \/><strong>** Pregunta por nuestro descuento especial por\u00a0<a href=\"https:\/\/api.whatsapp.com\/send?phone=573188798097&amp;text=Hola%20Lucia,%20quiero%20m%C3%A1s%20informaci%C3%B3n%20sobre%20el%20descuento%20especial%20del%20Taller%20de%20RF%20para%20Sistemas%20Inal%C3%A1mbricos\" target=\"_blank\" rel=\"noopener\">WhatsApp AQU\u00cd<\/a><\/strong><\/p>\n<p>&nbsp;<\/p>\n<p>&nbsp;<\/p>\n<p>[\/et_pb_text][\/et_pb_column][et_pb_column type=\u00bb1_2&#8243; _builder_version=\u00bb4.24.3&#8243; _module_preset=\u00bbdefault\u00bb global_colors_info=\u00bb{}\u00bb][et_pb_code _builder_version=\u00bb4.27.2&#8243; _module_preset=\u00bbdefault\u00bb border_radii=\u00bbon|10px|10px|10px|10px\u00bb box_shadow_style=\u00bbpreset6&#8243; locked=\u00bboff\u00bb global_colors_info=\u00bb{}\u00bb]<iframe loading=\"lazy\" src=\"https:\/\/forms.gle\/C4k8bdYsfRciGH2V6\" width=\"640\" height=\"1137\" frameborder=\"0\" marginheight=\"0\" marginwidth=\"0\">Cargando\u2026<\/iframe>[\/et_pb_code][\/et_pb_column][\/et_pb_row][\/et_pb_section]<\/p>\n","protected":false},"excerpt":{"rendered":"<p>Taller de RF para Sistemas Inal\u00e1mbricos &#8211; PresencialDictado por Andr\u00e9s Torres Este taller est\u00e1 enfocado a t\u00e9cnicos e ingenieros de audio que deseen mejorar la gesti\u00f3n de sistemas inal\u00e1mbricos, optimizar su configuraci\u00f3n y resolver problemas de comunicaci\u00f3n en eventos en vivo. \u00a0 notebook 2 icon Metodolog\u00eda En cada sesi\u00f3n se explicar\u00e1n los conceptos de RF. [&hellip;]<\/p>\n","protected":false},"author":1,"featured_media":0,"parent":0,"menu_order":0,"comment_status":"closed","ping_status":"closed","template":"","meta":{"_et_pb_use_builder":"on","_et_pb_old_content":"","_et_gb_content_width":"","sfsi_plus_gutenberg_text_before_share":"","sfsi_plus_gutenberg_show_text_before_share":"","sfsi_plus_gutenberg_icon_type":"","sfsi_plus_gutenberg_icon_alignemt":"","sfsi_plus_gutenburg_max_per_row":"","_monsterinsights_skip_tracking":false,"_monsterinsights_sitenote_active":false,"_monsterinsights_sitenote_note":"","_monsterinsights_sitenote_category":0,"_joinchat":[],"footnotes":""},"class_list":["post-5578","page","type-page","status-publish","hentry"],"yoast_head":"<!-- This site is optimized with the Yoast SEO plugin v26.9 - https:\/\/yoast.com\/product\/yoast-seo-wordpress\/ -->\n<title>Taller de RF para Sistemas Inal\u00e1mbricos - Presencial - Instituto ENE Audio<\/title>\n<meta name=\"robots\" content=\"index, follow, max-snippet:-1, max-image-preview:large, max-video-preview:-1\" \/>\n<link rel=\"canonical\" href=\"https:\/\/eneaudio.edu.co\/taller-de-rf-para-sistemas-inalambricos-presencial\/\" \/>\n<meta property=\"og:locale\" content=\"es_ES\" \/>\n<meta property=\"og:type\" content=\"article\" \/>\n<meta property=\"og:title\" content=\"Taller de RF para Sistemas Inal\u00e1mbricos - Presencial - Instituto ENE Audio\" \/>\n<meta property=\"og:description\" content=\"Taller de RF para Sistemas Inal\u00e1mbricos - PresencialDictado por Andr\u00e9s Torres Este taller est\u00e1 enfocado a t\u00e9cnicos e ingenieros de audio que deseen mejorar la gesti\u00f3n de sistemas inal\u00e1mbricos, optimizar su configuraci\u00f3n y resolver problemas de comunicaci\u00f3n en eventos en vivo. \u00a0 notebook 2 icon Metodolog\u00eda En cada sesi\u00f3n se explicar\u00e1n los conceptos de RF. [&hellip;]\" \/>\n<meta property=\"og:url\" content=\"https:\/\/eneaudio.edu.co\/taller-de-rf-para-sistemas-inalambricos-presencial\/\" \/>\n<meta property=\"og:site_name\" content=\"Instituto ENE Audio\" \/>\n<meta property=\"article:publisher\" content=\"https:\/\/www.facebook.com\/institutoeneaudio\" \/>\n<meta property=\"article:modified_time\" content=\"2025-12-18T21:03:18+00:00\" \/>\n<meta property=\"og:image\" content=\"https:\/\/eneaudio.edu.co\/wp-content\/uploads\/2025\/07\/Imagen-ENE-Audio-Pag.-Web.jpg\" \/>\n\t<meta property=\"og:image:width\" content=\"1774\" \/>\n\t<meta property=\"og:image:height\" content=\"675\" \/>\n\t<meta property=\"og:image:type\" content=\"image\/jpeg\" \/>\n<meta name=\"twitter:card\" content=\"summary_large_image\" \/>\n<meta name=\"twitter:site\" content=\"@ENEaudio\" \/>\n<meta name=\"twitter:label1\" content=\"Tiempo de lectura\" \/>\n\t<meta name=\"twitter:data1\" content=\"1 minuto\" \/>\n<script type=\"application\/ld+json\" class=\"yoast-schema-graph\">{\"@context\":\"https:\/\/schema.org\",\"@graph\":[{\"@type\":\"WebPage\",\"@id\":\"https:\/\/eneaudio.edu.co\/taller-de-rf-para-sistemas-inalambricos-presencial\/\",\"url\":\"https:\/\/eneaudio.edu.co\/taller-de-rf-para-sistemas-inalambricos-presencial\/\",\"name\":\"Taller de RF para Sistemas Inal\u00e1mbricos - Presencial - Instituto ENE Audio\",\"isPartOf\":{\"@id\":\"https:\/\/eneaudio.edu.co\/#website\"},\"datePublished\":\"2025-11-06T16:05:51+00:00\",\"dateModified\":\"2025-12-18T21:03:18+00:00\",\"breadcrumb\":{\"@id\":\"https:\/\/eneaudio.edu.co\/taller-de-rf-para-sistemas-inalambricos-presencial\/#breadcrumb\"},\"inLanguage\":\"es\",\"potentialAction\":[{\"@type\":\"ReadAction\",\"target\":[\"https:\/\/eneaudio.edu.co\/taller-de-rf-para-sistemas-inalambricos-presencial\/\"]}]},{\"@type\":\"BreadcrumbList\",\"@id\":\"https:\/\/eneaudio.edu.co\/taller-de-rf-para-sistemas-inalambricos-presencial\/#breadcrumb\",\"itemListElement\":[{\"@type\":\"ListItem\",\"position\":1,\"name\":\"Portada\",\"item\":\"https:\/\/eneaudio.edu.co\/\"},{\"@type\":\"ListItem\",\"position\":2,\"name\":\"Taller de RF para Sistemas Inal\u00e1mbricos &#8211; Presencial\"}]},{\"@type\":\"WebSite\",\"@id\":\"https:\/\/eneaudio.edu.co\/#website\",\"url\":\"https:\/\/eneaudio.edu.co\/\",\"name\":\"Instituto ENE Audio\",\"description\":\"Educaci\u00f3n T\u00e9cnica en Audio y Sonido - Educaci\u00f3n Continua\",\"publisher\":{\"@id\":\"https:\/\/eneaudio.edu.co\/#organization\"},\"alternateName\":\"ENE Audio\",\"potentialAction\":[{\"@type\":\"SearchAction\",\"target\":{\"@type\":\"EntryPoint\",\"urlTemplate\":\"https:\/\/eneaudio.edu.co\/?s={search_term_string}\"},\"query-input\":{\"@type\":\"PropertyValueSpecification\",\"valueRequired\":true,\"valueName\":\"search_term_string\"}}],\"inLanguage\":\"es\"},{\"@type\":\"Organization\",\"@id\":\"https:\/\/eneaudio.edu.co\/#organization\",\"name\":\"Instituto ENE Audio\",\"url\":\"https:\/\/eneaudio.edu.co\/\",\"logo\":{\"@type\":\"ImageObject\",\"inLanguage\":\"es\",\"@id\":\"https:\/\/eneaudio.edu.co\/#\/schema\/logo\/image\/\",\"url\":\"https:\/\/eneaudio.edu.co\/wp-content\/uploads\/2023\/08\/eneaudio-logo-inicio-05.png\",\"contentUrl\":\"https:\/\/eneaudio.edu.co\/wp-content\/uploads\/2023\/08\/eneaudio-logo-inicio-05.png\",\"width\":364,\"height\":60,\"caption\":\"Instituto ENE Audio\"},\"image\":{\"@id\":\"https:\/\/eneaudio.edu.co\/#\/schema\/logo\/image\/\"},\"sameAs\":[\"https:\/\/www.facebook.com\/institutoeneaudio\",\"https:\/\/x.com\/ENEaudio\",\"https:\/\/www.instagram.com\/eneaudio\/\",\"https:\/\/www.youtube.com\/account_advanced\",\"https:\/\/www.tiktok.com\/@eneaudio\"]}]}<\/script>\n<!-- \/ Yoast SEO plugin. -->","yoast_head_json":{"title":"Taller de RF para Sistemas Inal\u00e1mbricos - Presencial - Instituto ENE Audio","robots":{"index":"index","follow":"follow","max-snippet":"max-snippet:-1","max-image-preview":"max-image-preview:large","max-video-preview":"max-video-preview:-1"},"canonical":"https:\/\/eneaudio.edu.co\/taller-de-rf-para-sistemas-inalambricos-presencial\/","og_locale":"es_ES","og_type":"article","og_title":"Taller de RF para Sistemas Inal\u00e1mbricos - Presencial - Instituto ENE Audio","og_description":"Taller de RF para Sistemas Inal\u00e1mbricos - PresencialDictado por Andr\u00e9s Torres Este taller est\u00e1 enfocado a t\u00e9cnicos e ingenieros de audio que deseen mejorar la gesti\u00f3n de sistemas inal\u00e1mbricos, optimizar su configuraci\u00f3n y resolver problemas de comunicaci\u00f3n en eventos en vivo. \u00a0 notebook 2 icon Metodolog\u00eda En cada sesi\u00f3n se explicar\u00e1n los conceptos de RF. [&hellip;]","og_url":"https:\/\/eneaudio.edu.co\/taller-de-rf-para-sistemas-inalambricos-presencial\/","og_site_name":"Instituto ENE Audio","article_publisher":"https:\/\/www.facebook.com\/institutoeneaudio","article_modified_time":"2025-12-18T21:03:18+00:00","og_image":[{"width":1774,"height":675,"url":"https:\/\/eneaudio.edu.co\/wp-content\/uploads\/2025\/07\/Imagen-ENE-Audio-Pag.-Web.jpg","type":"image\/jpeg"}],"twitter_card":"summary_large_image","twitter_site":"@ENEaudio","twitter_misc":{"Tiempo de lectura":"1 minuto"},"schema":{"@context":"https:\/\/schema.org","@graph":[{"@type":"WebPage","@id":"https:\/\/eneaudio.edu.co\/taller-de-rf-para-sistemas-inalambricos-presencial\/","url":"https:\/\/eneaudio.edu.co\/taller-de-rf-para-sistemas-inalambricos-presencial\/","name":"Taller de RF para Sistemas Inal\u00e1mbricos - Presencial - Instituto ENE Audio","isPartOf":{"@id":"https:\/\/eneaudio.edu.co\/#website"},"datePublished":"2025-11-06T16:05:51+00:00","dateModified":"2025-12-18T21:03:18+00:00","breadcrumb":{"@id":"https:\/\/eneaudio.edu.co\/taller-de-rf-para-sistemas-inalambricos-presencial\/#breadcrumb"},"inLanguage":"es","potentialAction":[{"@type":"ReadAction","target":["https:\/\/eneaudio.edu.co\/taller-de-rf-para-sistemas-inalambricos-presencial\/"]}]},{"@type":"BreadcrumbList","@id":"https:\/\/eneaudio.edu.co\/taller-de-rf-para-sistemas-inalambricos-presencial\/#breadcrumb","itemListElement":[{"@type":"ListItem","position":1,"name":"Portada","item":"https:\/\/eneaudio.edu.co\/"},{"@type":"ListItem","position":2,"name":"Taller de RF para Sistemas Inal\u00e1mbricos &#8211; Presencial"}]},{"@type":"WebSite","@id":"https:\/\/eneaudio.edu.co\/#website","url":"https:\/\/eneaudio.edu.co\/","name":"Instituto ENE Audio","description":"Educaci\u00f3n T\u00e9cnica en Audio y Sonido - Educaci\u00f3n Continua","publisher":{"@id":"https:\/\/eneaudio.edu.co\/#organization"},"alternateName":"ENE Audio","potentialAction":[{"@type":"SearchAction","target":{"@type":"EntryPoint","urlTemplate":"https:\/\/eneaudio.edu.co\/?s={search_term_string}"},"query-input":{"@type":"PropertyValueSpecification","valueRequired":true,"valueName":"search_term_string"}}],"inLanguage":"es"},{"@type":"Organization","@id":"https:\/\/eneaudio.edu.co\/#organization","name":"Instituto ENE Audio","url":"https:\/\/eneaudio.edu.co\/","logo":{"@type":"ImageObject","inLanguage":"es","@id":"https:\/\/eneaudio.edu.co\/#\/schema\/logo\/image\/","url":"https:\/\/eneaudio.edu.co\/wp-content\/uploads\/2023\/08\/eneaudio-logo-inicio-05.png","contentUrl":"https:\/\/eneaudio.edu.co\/wp-content\/uploads\/2023\/08\/eneaudio-logo-inicio-05.png","width":364,"height":60,"caption":"Instituto ENE Audio"},"image":{"@id":"https:\/\/eneaudio.edu.co\/#\/schema\/logo\/image\/"},"sameAs":["https:\/\/www.facebook.com\/institutoeneaudio","https:\/\/x.com\/ENEaudio","https:\/\/www.instagram.com\/eneaudio\/","https:\/\/www.youtube.com\/account_advanced","https:\/\/www.tiktok.com\/@eneaudio"]}]}},"jetpack_sharing_enabled":true,"jetpack-related-posts":[{"id":3605,"url":"https:\/\/eneaudio.edu.co\/indexphp\/post-produccion\/","url_meta":{"origin":5578,"position":0},"title":"Cursos y talleres pagina borrador","author":"admin","date":"5 de octubre de 2024","format":false,"excerpt":"","rel":"","context":"Entrada similar","block_context":{"text":"Entrada similar","link":""},"img":{"alt_text":"","src":"","width":0,"height":0},"classes":[]},{"id":5952,"url":"https:\/\/eneaudio.edu.co\/indexphp\/borrador-automatico\/","url_meta":{"origin":5578,"position":1},"title":"Borrador autom\u00e1tico","author":"admin","date":"17 de junio de 2025","format":false,"excerpt":"","rel":"","context":"Entrada similar","block_context":{"text":"Entrada similar","link":""},"img":{"alt_text":"","src":"","width":0,"height":0},"classes":[]},{"id":3611,"url":"https:\/\/eneaudio.edu.co\/index.php\/talleres-online\/","url_meta":{"origin":5578,"position":2},"title":"Talleres Online","author":"admin","date":"5 de octubre de 2024","format":false,"excerpt":"","rel":"","context":"Entrada similar","block_context":{"text":"Entrada similar","link":""},"img":{"alt_text":"","src":"","width":0,"height":0},"classes":[]},{"id":3601,"url":"https:\/\/eneaudio.edu.co\/index.php\/talleres-de-sonido-en-vivo\/","url_meta":{"origin":5578,"position":3},"title":"Talleres de Sonido en Vivo","author":"admin","date":"5 de octubre de 2024","format":false,"excerpt":"","rel":"","context":"Entrada similar","block_context":{"text":"Entrada similar","link":""},"img":{"alt_text":"","src":"","width":0,"height":0},"classes":[]},{"id":3589,"url":"https:\/\/eneaudio.edu.co\/index.php\/cursos-y-talleres-borrador\/","url_meta":{"origin":5578,"position":4},"title":"Cursos y Talleres Borrador","author":"admin","date":"5 de octubre de 2024","format":false,"excerpt":"","rel":"","context":"Entrada similar","block_context":{"text":"Entrada similar","link":""},"img":{"alt_text":"","src":"","width":0,"height":0},"classes":[]},{"id":888,"url":"https:\/\/eneaudio.edu.co\/index.php\/somos\/docentes\/german-arevalo\/","url_meta":{"origin":5578,"position":5},"title":"Germ\u00e1n Ar\u00e9valo","author":"admin","date":"11 de marzo de 2024","format":false,"excerpt":"","rel":"","context":"Entrada similar","block_context":{"text":"Entrada similar","link":""},"img":{"alt_text":"","src":"https:\/\/i0.wp.com\/eneaudio.edu.co\/wp-content\/uploads\/2024\/05\/Banner-Produccion-Musical.jpg?resize=350%2C200&ssl=1","width":350,"height":200,"srcset":"https:\/\/i0.wp.com\/eneaudio.edu.co\/wp-content\/uploads\/2024\/05\/Banner-Produccion-Musical.jpg?resize=350%2C200&ssl=1 1x, https:\/\/i0.wp.com\/eneaudio.edu.co\/wp-content\/uploads\/2024\/05\/Banner-Produccion-Musical.jpg?resize=525%2C300&ssl=1 1.5x, https:\/\/i0.wp.com\/eneaudio.edu.co\/wp-content\/uploads\/2024\/05\/Banner-Produccion-Musical.jpg?resize=700%2C400&ssl=1 2x"},"classes":[]}],"_links":{"self":[{"href":"https:\/\/eneaudio.edu.co\/index.php\/wp-json\/wp\/v2\/pages\/5578","targetHints":{"allow":["GET"]}}],"collection":[{"href":"https:\/\/eneaudio.edu.co\/index.php\/wp-json\/wp\/v2\/pages"}],"about":[{"href":"https:\/\/eneaudio.edu.co\/index.php\/wp-json\/wp\/v2\/types\/page"}],"author":[{"embeddable":true,"href":"https:\/\/eneaudio.edu.co\/index.php\/wp-json\/wp\/v2\/users\/1"}],"replies":[{"embeddable":true,"href":"https:\/\/eneaudio.edu.co\/index.php\/wp-json\/wp\/v2\/comments?post=5578"}],"version-history":[{"count":12,"href":"https:\/\/eneaudio.edu.co\/index.php\/wp-json\/wp\/v2\/pages\/5578\/revisions"}],"predecessor-version":[{"id":7299,"href":"https:\/\/eneaudio.edu.co\/index.php\/wp-json\/wp\/v2\/pages\/5578\/revisions\/7299"}],"wp:attachment":[{"href":"https:\/\/eneaudio.edu.co\/index.php\/wp-json\/wp\/v2\/media?parent=5578"}],"curies":[{"name":"wp","href":"https:\/\/api.w.org\/{rel}","templated":true}]}}