{"id":5776,"date":"2025-05-07T13:26:22","date_gmt":"2025-05-07T18:26:22","guid":{"rendered":"https:\/\/eneaudio.edu.co\/?page_id=5776"},"modified":"2025-08-08T15:34:45","modified_gmt":"2025-08-08T20:34:45","slug":"carlos-pena","status":"publish","type":"page","link":"https:\/\/eneaudio.edu.co\/somos\/docentes\/carlos-pena\/","title":{"rendered":"Carlos Pe\u00f1a"},"content":{"rendered":"<p>[et_pb_section fb_built=\u00bb1&#8243; specialty=\u00bbon\u00bb _builder_version=\u00bb4.27.2&#8243; _module_preset=\u00bbdefault\u00bb locked=\u00bboff\u00bb global_colors_info=\u00bb{}\u00bb][et_pb_column type=\u00bb2_3&#8243; specialty_columns=\u00bb2&#8243; _builder_version=\u00bb4.16&#8243; custom_padding=\u00bb|||\u00bb global_colors_info=\u00bb{}\u00bb custom_padding__hover=\u00bb|||\u00bb][et_pb_row_inner _builder_version=\u00bb4.27.2&#8243; _module_preset=\u00bbdefault\u00bb custom_margin=\u00bb0px||0px||false|false\u00bb custom_padding=\u00bb0px||0px||false|false\u00bb locked=\u00bboff\u00bb global_colors_info=\u00bb{}\u00bb][et_pb_column_inner saved_specialty_column_type=\u00bb2_3&#8243; _builder_version=\u00bb4.27.2&#8243; _module_preset=\u00bbdefault\u00bb global_colors_info=\u00bb{}\u00bb][et_pb_text _builder_version=\u00bb4.27.2&#8243; _module_preset=\u00bbdefault\u00bb header_text_color=\u00bb#C70000&#8243; custom_margin=\u00bb0px||0px||false|false\u00bb custom_padding=\u00bb0px||0px||false|false\u00bb locked=\u00bboff\u00bb global_colors_info=\u00bb{}\u00bb]<\/p>\n<p><img loading=\"lazy\" decoding=\"async\" class=\"wp-image-5219 alignleft \" src=\"https:\/\/eneaudio.edu.co\/wp-content\/uploads\/2025\/03\/carlos-andres-pena-gil.png\" alt=\"\" width=\"188\" height=\"188\" \/><\/p>\n<h1>Carlos Pe\u00f1a<\/h1>\n<p>Ingeniero de sonido con experiencia en sonido en vivo, sistemas de RF, mezcla y grabaci\u00f3n en vivo. Su trayectoria abarca la participaci\u00f3n en eventos de distintos formatos y escalas, desde producciones especializadas hasta eventos multitudinarios. Ha trabajado con empresas reconocidas como la Orquesta Filarm\u00f3nica de Bogot\u00e1, C. Vilar Ltda y diversas compa\u00f1\u00edas de producci\u00f3n de eventos en Colombia.<\/p>\n<p>&nbsp;<\/p>\n<p>[\/et_pb_text][et_pb_image src=\u00bbhttps:\/\/eneaudio.edu.co\/wp-content\/uploads\/2025\/08\/carlos-pena.png\u00bb _builder_version=\u00bb4.27.2&#8243; _module_preset=\u00bbdefault\u00bb title_text=\u00bbcarlos-pena\u00bb border_radii=\u00bbon|20px|20px|20px|20px\u00bb hover_enabled=\u00bb0&#8243; sticky_enabled=\u00bb0&#8243;][\/et_pb_image][et_pb_text _builder_version=\u00bb4.27.2&#8243; _module_preset=\u00bbdefault\u00bb header_text_color=\u00bb#C70000&#8243; locked=\u00bboff\u00bb global_colors_info=\u00bb{}\u00bb]<\/p>\n<p>Su conocimiento abarca los campos de la ac\u00fastica, la grabaci\u00f3n y la operaci\u00f3n de sistemas de audio en vivo, garantizando una \u00f3ptima calidad sonora en cada producci\u00f3n. Ha formado parte de distintos festivales y eventos, desempe\u00f1ando roles clave en la producci\u00f3n t\u00e9cnica, lo que le ha permitido desarrollar una visi\u00f3n integral del sonido en entornos de alto nivel.<\/p>\n<p>Comprometido con la innovaci\u00f3n y la excelencia en el sonido profesional, busca aportar soluciones t\u00e9cnicas efectivas y creativas en cada proyecto.<\/p>\n<p>[\/et_pb_text][\/et_pb_column_inner][\/et_pb_row_inner][\/et_pb_column][et_pb_column type=\u00bb1_3&#8243; _builder_version=\u00bb4.16&#8243; custom_padding=\u00bb|||\u00bb global_colors_info=\u00bb{}\u00bb custom_padding__hover=\u00bb|||\u00bb][et_pb_button button_url=\u00bb@ET-DC@eyJkeW5hbWljIjp0cnVlLCJjb250ZW50IjoicG9zdF9saW5rX3VybF9wYWdlIiwic2V0dGluZ3MiOnsicG9zdF9pZCI6IjU1NyJ9fQ==@\u00bb button_text=\u00bbVer todos los docentes\u00bb button_alignment=\u00bbleft\u00bb _builder_version=\u00bb4.27.2&#8243; _dynamic_attributes=\u00bbbutton_url\u00bb _module_preset=\u00bbdefault\u00bb custom_button=\u00bbon\u00bb button_text_size=\u00bb20px\u00bb button_text_color=\u00bb#C70000&#8243; button_bg_color=\u00bbRGBA(255,255,255,0)\u00bb button_border_width=\u00bb2px\u00bb button_border_color=\u00bb#C70000&#8243; button_border_radius=\u00bb2377px\u00bb button_font=\u00bb|600|||||||\u00bb button_icon=\u00bb&#x24;||divi||400&#8243; button_icon_color=\u00bb#C70000&#8243; button_icon_placement=\u00bbleft\u00bb button_on_hover=\u00bboff\u00bb background_layout=\u00bbdark\u00bb button_text_size_tablet=\u00bb\u00bb button_text_size_phone=\u00bb25px\u00bb button_text_size_last_edited=\u00bbon|phone\u00bb box_shadow_style=\u00bbpreset1&#8243; locked=\u00bboff\u00bb global_colors_info=\u00bb{}\u00bb][\/et_pb_button][et_pb_text _builder_version=\u00bb4.27.2&#8243; _module_preset=\u00bbdefault\u00bb text_text_color=\u00bb#C70000&#8243; min_height=\u00bb282px\u00bb custom_margin=\u00bb||0px||false|false\u00bb custom_padding=\u00bb||0px||false|false\u00bb custom_css_free_form=\u00bb.et_pb_text.et_pb_module img,||.et_pb_text.et_pb_module video {||    margin-bottom: 10px;||}\u00bb global_module=\u00bb2178&#8243; saved_tabs=\u00bball\u00bb global_colors_info=\u00bb{}\u00bb]<\/p>\n<h1><span style=\"color: #c70000;\"><a style=\"color: #c70000;\" href=\"https:\/\/eneaudio.edu.co\/index.php\/programas-academicos\/\">Conoce nuestros Programas Acad\u00e9micos<\/a><\/span><\/h1>\n<p><span style=\"color: #c70000;\"><a href=\"https:\/\/eneaudio.edu.co\/index.php\/produccion-musical\/\"><img loading=\"lazy\" decoding=\"async\" class=\"wp-image-4358 alignleft size-full\" src=\"https:\/\/eneaudio.edu.co\/wp-content\/uploads\/2024\/10\/banner-pm.png\" alt=\"\" width=\"800\" height=\"180\" srcset=\"https:\/\/eneaudio.edu.co\/wp-content\/uploads\/2024\/10\/banner-pm.png 800w, https:\/\/eneaudio.edu.co\/wp-content\/uploads\/2024\/10\/banner-pm-480x108.png 480w\" sizes=\"auto, (min-width: 0px) and (max-width: 480px) 480px, (min-width: 481px) 800px, 100vw\" \/><\/a><a href=\"https:\/\/eneaudio.edu.co\/index.php\/postproduccion-de-audio\/\"><img loading=\"lazy\" decoding=\"async\" class=\"wp-image-4359 alignleft size-full\" src=\"https:\/\/eneaudio.edu.co\/wp-content\/uploads\/2024\/10\/banner-pp.png\" alt=\"\" width=\"800\" height=\"180\" srcset=\"https:\/\/eneaudio.edu.co\/wp-content\/uploads\/2024\/10\/banner-pp.png 800w, https:\/\/eneaudio.edu.co\/wp-content\/uploads\/2024\/10\/banner-pp-480x108.png 480w\" sizes=\"auto, (min-width: 0px) and (max-width: 480px) 480px, (min-width: 481px) 800px, 100vw\" \/><\/a><a href=\"https:\/\/eneaudio.edu.co\/index.php\/sonido-en-vivo\/\"><img loading=\"lazy\" decoding=\"async\" class=\"wp-image-4360 alignleft size-full\" src=\"https:\/\/eneaudio.edu.co\/wp-content\/uploads\/2024\/10\/banner-sv.png\" alt=\"\" width=\"800\" height=\"180\" srcset=\"https:\/\/eneaudio.edu.co\/wp-content\/uploads\/2024\/10\/banner-sv.png 800w, https:\/\/eneaudio.edu.co\/wp-content\/uploads\/2024\/10\/banner-sv-480x108.png 480w\" sizes=\"auto, (min-width: 0px) and (max-width: 480px) 480px, (min-width: 481px) 800px, 100vw\" \/><\/a><\/span><\/p>\n<p>&nbsp;<\/p>\n<p>[\/et_pb_text][et_pb_divider _builder_version=\u00bb4.27.2&#8243; _module_preset=\u00bbdefault\u00bb custom_margin=\u00bb0px||0px||false|false\u00bb custom_padding=\u00bb0px||0px||false|false\u00bb global_colors_info=\u00bb{}\u00bb][\/et_pb_divider][et_pb_text _builder_version=\u00bb4.27.2&#8243; _module_preset=\u00bbdefault\u00bb header_text_color=\u00bb#C70000&#8243; header_2_text_color=\u00bb#C70000&#8243; min_height=\u00bb305.1px\u00bb custom_margin=\u00bb||0px||false|false\u00bb custom_padding=\u00bb1px||1px||true|false\u00bb custom_css_free_form=\u00bb.et_pb_text.et_pb_module img,||.et_pb_text.et_pb_module video {||    margin-bottom: 10px;||}\u00bb global_module=\u00bb2169&#8243; saved_tabs=\u00bball\u00bb locked=\u00bboff\u00bb global_colors_info=\u00bb{}\u00bb]<\/p>\n<h1><a href=\"https:\/\/eneaudio.edu.co\/index.php\/cursos-y-talleres\/\">Pr\u00f3ximos Cursos, Talleres y Diplomados<\/a><span style=\"font-size: 16px;\">\u00a0<\/span><\/h1>\n<h1><a href=\"https:\/\/eneaudio.edu.co\/indexphp\/diplomado-en-sonido-en-vivo\/\"><img loading=\"lazy\" decoding=\"async\" class=\"wp-image-6407 alignleft size-full\" src=\"https:\/\/eneaudio.edu.co\/wp-content\/uploads\/2025\/07\/Banner-Diplomado-Sonido-en-Vivo.png\" alt=\"\" width=\"800\" height=\"180\" srcset=\"https:\/\/eneaudio.edu.co\/wp-content\/uploads\/2025\/07\/Banner-Diplomado-Sonido-en-Vivo.png 800w, https:\/\/eneaudio.edu.co\/wp-content\/uploads\/2025\/07\/Banner-Diplomado-Sonido-en-Vivo-480x108.png 480w\" sizes=\"auto, (min-width: 0px) and (max-width: 480px) 480px, (min-width: 481px) 800px, 100vw\" \/><\/a><\/h1>\n<p><a href=\"https:\/\/eneaudio.edu.co\/indexphp\/certificaciones-pro-tools\/\"><img loading=\"lazy\" decoding=\"async\" class=\"wp-image-5650 alignleft size-full\" src=\"https:\/\/eneaudio.edu.co\/wp-content\/uploads\/2025\/04\/Banner-2025-Ciclo-de-Certificaciones-Pro-Tools.jpg\" alt=\"\" width=\"800\" height=\"180\" srcset=\"https:\/\/eneaudio.edu.co\/wp-content\/uploads\/2025\/04\/Banner-2025-Ciclo-de-Certificaciones-Pro-Tools.jpg 800w, https:\/\/eneaudio.edu.co\/wp-content\/uploads\/2025\/04\/Banner-2025-Ciclo-de-Certificaciones-Pro-Tools-480x108.jpg 480w\" sizes=\"auto, (min-width: 0px) and (max-width: 480px) 480px, (min-width: 481px) 800px, 100vw\" \/><\/a><a href=\"https:\/\/hotmart.com\/es\/marketplace\/productos\/curso-de-mezcla-5-1-en-pro-tools\/I86118195M\" target=\"_blank\" rel=\"noopener\"><img loading=\"lazy\" decoding=\"async\" class=\"wp-image-4365 alignleft size-full\" src=\"https:\/\/eneaudio.edu.co\/wp-content\/uploads\/2024\/10\/banner-mezcla-5.1.png\" alt=\"\" width=\"800\" height=\"180\" srcset=\"https:\/\/eneaudio.edu.co\/wp-content\/uploads\/2024\/10\/banner-mezcla-5.1.png 800w, https:\/\/eneaudio.edu.co\/wp-content\/uploads\/2024\/10\/banner-mezcla-5.1-480x108.png 480w\" sizes=\"auto, (min-width: 0px) and (max-width: 480px) 480px, (min-width: 481px) 800px, 100vw\" \/><\/a><\/p>\n<p>[\/et_pb_text][\/et_pb_column][\/et_pb_section]<\/p>\n","protected":false},"excerpt":{"rendered":"<p>Carlos Pe\u00f1a Ingeniero de sonido con experiencia en sonido en vivo, sistemas de RF, mezcla y grabaci\u00f3n en vivo. Su trayectoria abarca la participaci\u00f3n en eventos de distintos formatos y escalas, desde producciones especializadas hasta eventos multitudinarios. Ha trabajado con empresas reconocidas como la Orquesta Filarm\u00f3nica de Bogot\u00e1, C. Vilar Ltda y diversas compa\u00f1\u00edas de [&hellip;]<\/p>\n","protected":false},"author":1,"featured_media":0,"parent":557,"menu_order":0,"comment_status":"closed","ping_status":"closed","template":"","meta":{"_et_pb_use_builder":"on","_et_pb_old_content":"","_et_gb_content_width":"","sfsi_plus_gutenberg_text_before_share":"","sfsi_plus_gutenberg_show_text_before_share":"","sfsi_plus_gutenberg_icon_type":"","sfsi_plus_gutenberg_icon_alignemt":"","sfsi_plus_gutenburg_max_per_row":"","_monsterinsights_skip_tracking":false,"_monsterinsights_sitenote_active":false,"_monsterinsights_sitenote_note":"","_monsterinsights_sitenote_category":0,"_joinchat":[],"footnotes":""},"class_list":["post-5776","page","type-page","status-publish","hentry"],"yoast_head":"<!-- This site is optimized with the Yoast SEO plugin v26.9 - https:\/\/yoast.com\/product\/yoast-seo-wordpress\/ -->\n<title>Carlos Pe\u00f1a - Instituto ENE Audio<\/title>\n<meta name=\"robots\" content=\"index, follow, max-snippet:-1, max-image-preview:large, max-video-preview:-1\" \/>\n<link rel=\"canonical\" href=\"https:\/\/eneaudio.edu.co\/somos\/docentes\/carlos-pena\/\" \/>\n<meta property=\"og:locale\" content=\"es_ES\" \/>\n<meta property=\"og:type\" content=\"article\" \/>\n<meta property=\"og:title\" content=\"Carlos Pe\u00f1a - Instituto ENE Audio\" \/>\n<meta property=\"og:description\" content=\"Carlos Pe\u00f1a Ingeniero de sonido con experiencia en sonido en vivo, sistemas de RF, mezcla y grabaci\u00f3n en vivo. Su trayectoria abarca la participaci\u00f3n en eventos de distintos formatos y escalas, desde producciones especializadas hasta eventos multitudinarios. Ha trabajado con empresas reconocidas como la Orquesta Filarm\u00f3nica de Bogot\u00e1, C. Vilar Ltda y diversas compa\u00f1\u00edas de [&hellip;]\" \/>\n<meta property=\"og:url\" content=\"https:\/\/eneaudio.edu.co\/somos\/docentes\/carlos-pena\/\" \/>\n<meta property=\"og:site_name\" content=\"Instituto ENE Audio\" \/>\n<meta property=\"article:publisher\" content=\"https:\/\/www.facebook.com\/institutoeneaudio\" \/>\n<meta property=\"article:modified_time\" content=\"2025-08-08T20:34:45+00:00\" \/>\n<meta property=\"og:image\" content=\"https:\/\/eneaudio.edu.co\/wp-content\/uploads\/2025\/03\/carlos-andres-pena-gil.png\" \/>\n\t<meta property=\"og:image:width\" content=\"625\" \/>\n\t<meta property=\"og:image:height\" content=\"625\" \/>\n\t<meta property=\"og:image:type\" content=\"image\/png\" \/>\n<meta name=\"twitter:card\" content=\"summary_large_image\" \/>\n<meta name=\"twitter:site\" content=\"@ENEaudio\" \/>\n<meta name=\"twitter:label1\" content=\"Tiempo de lectura\" \/>\n\t<meta name=\"twitter:data1\" content=\"3 minutos\" \/>\n<script type=\"application\/ld+json\" class=\"yoast-schema-graph\">{\"@context\":\"https:\/\/schema.org\",\"@graph\":[{\"@type\":\"WebPage\",\"@id\":\"https:\/\/eneaudio.edu.co\/somos\/docentes\/carlos-pena\/\",\"url\":\"https:\/\/eneaudio.edu.co\/somos\/docentes\/carlos-pena\/\",\"name\":\"Carlos Pe\u00f1a - Instituto ENE Audio\",\"isPartOf\":{\"@id\":\"https:\/\/eneaudio.edu.co\/#website\"},\"primaryImageOfPage\":{\"@id\":\"https:\/\/eneaudio.edu.co\/somos\/docentes\/carlos-pena\/#primaryimage\"},\"image\":{\"@id\":\"https:\/\/eneaudio.edu.co\/somos\/docentes\/carlos-pena\/#primaryimage\"},\"thumbnailUrl\":\"https:\/\/eneaudio.edu.co\/wp-content\/uploads\/2025\/03\/carlos-andres-pena-gil.png\",\"datePublished\":\"2025-05-07T18:26:22+00:00\",\"dateModified\":\"2025-08-08T20:34:45+00:00\",\"breadcrumb\":{\"@id\":\"https:\/\/eneaudio.edu.co\/somos\/docentes\/carlos-pena\/#breadcrumb\"},\"inLanguage\":\"es\",\"potentialAction\":[{\"@type\":\"ReadAction\",\"target\":[\"https:\/\/eneaudio.edu.co\/somos\/docentes\/carlos-pena\/\"]}]},{\"@type\":\"ImageObject\",\"inLanguage\":\"es\",\"@id\":\"https:\/\/eneaudio.edu.co\/somos\/docentes\/carlos-pena\/#primaryimage\",\"url\":\"https:\/\/eneaudio.edu.co\/wp-content\/uploads\/2025\/03\/carlos-andres-pena-gil.png\",\"contentUrl\":\"https:\/\/eneaudio.edu.co\/wp-content\/uploads\/2025\/03\/carlos-andres-pena-gil.png\",\"width\":625,\"height\":625,\"caption\":\"Carlos Pe\u00f1a, ingeniero de sonido y docente de ENE Audio especializado en mezcla en vivo y sistemas de RF.\"},{\"@type\":\"BreadcrumbList\",\"@id\":\"https:\/\/eneaudio.edu.co\/somos\/docentes\/carlos-pena\/#breadcrumb\",\"itemListElement\":[{\"@type\":\"ListItem\",\"position\":1,\"name\":\"Portada\",\"item\":\"https:\/\/eneaudio.edu.co\/\"},{\"@type\":\"ListItem\",\"position\":2,\"name\":\"SOMOS\",\"item\":\"https:\/\/eneaudio.edu.co\/index.php\/somos\/\"},{\"@type\":\"ListItem\",\"position\":3,\"name\":\"Docentes\",\"item\":\"https:\/\/eneaudio.edu.co\/indexphp\/somos\/docentes\/\"},{\"@type\":\"ListItem\",\"position\":4,\"name\":\"Carlos Pe\u00f1a\"}]},{\"@type\":\"WebSite\",\"@id\":\"https:\/\/eneaudio.edu.co\/#website\",\"url\":\"https:\/\/eneaudio.edu.co\/\",\"name\":\"Instituto ENE Audio\",\"description\":\"Educaci\u00f3n T\u00e9cnica en Audio y Sonido - Educaci\u00f3n Continua\",\"publisher\":{\"@id\":\"https:\/\/eneaudio.edu.co\/#organization\"},\"alternateName\":\"ENE Audio\",\"potentialAction\":[{\"@type\":\"SearchAction\",\"target\":{\"@type\":\"EntryPoint\",\"urlTemplate\":\"https:\/\/eneaudio.edu.co\/?s={search_term_string}\"},\"query-input\":{\"@type\":\"PropertyValueSpecification\",\"valueRequired\":true,\"valueName\":\"search_term_string\"}}],\"inLanguage\":\"es\"},{\"@type\":\"Organization\",\"@id\":\"https:\/\/eneaudio.edu.co\/#organization\",\"name\":\"Instituto ENE Audio\",\"url\":\"https:\/\/eneaudio.edu.co\/\",\"logo\":{\"@type\":\"ImageObject\",\"inLanguage\":\"es\",\"@id\":\"https:\/\/eneaudio.edu.co\/#\/schema\/logo\/image\/\",\"url\":\"https:\/\/eneaudio.edu.co\/wp-content\/uploads\/2023\/08\/eneaudio-logo-inicio-05.png\",\"contentUrl\":\"https:\/\/eneaudio.edu.co\/wp-content\/uploads\/2023\/08\/eneaudio-logo-inicio-05.png\",\"width\":364,\"height\":60,\"caption\":\"Instituto ENE Audio\"},\"image\":{\"@id\":\"https:\/\/eneaudio.edu.co\/#\/schema\/logo\/image\/\"},\"sameAs\":[\"https:\/\/www.facebook.com\/institutoeneaudio\",\"https:\/\/x.com\/ENEaudio\",\"https:\/\/www.instagram.com\/eneaudio\/\",\"https:\/\/www.youtube.com\/account_advanced\",\"https:\/\/www.tiktok.com\/@eneaudio\"]}]}<\/script>\n<!-- \/ Yoast SEO plugin. -->","yoast_head_json":{"title":"Carlos Pe\u00f1a - Instituto ENE Audio","robots":{"index":"index","follow":"follow","max-snippet":"max-snippet:-1","max-image-preview":"max-image-preview:large","max-video-preview":"max-video-preview:-1"},"canonical":"https:\/\/eneaudio.edu.co\/somos\/docentes\/carlos-pena\/","og_locale":"es_ES","og_type":"article","og_title":"Carlos Pe\u00f1a - Instituto ENE Audio","og_description":"Carlos Pe\u00f1a Ingeniero de sonido con experiencia en sonido en vivo, sistemas de RF, mezcla y grabaci\u00f3n en vivo. Su trayectoria abarca la participaci\u00f3n en eventos de distintos formatos y escalas, desde producciones especializadas hasta eventos multitudinarios. Ha trabajado con empresas reconocidas como la Orquesta Filarm\u00f3nica de Bogot\u00e1, C. Vilar Ltda y diversas compa\u00f1\u00edas de [&hellip;]","og_url":"https:\/\/eneaudio.edu.co\/somos\/docentes\/carlos-pena\/","og_site_name":"Instituto ENE Audio","article_publisher":"https:\/\/www.facebook.com\/institutoeneaudio","article_modified_time":"2025-08-08T20:34:45+00:00","og_image":[{"width":625,"height":625,"url":"https:\/\/eneaudio.edu.co\/wp-content\/uploads\/2025\/03\/carlos-andres-pena-gil.png","type":"image\/png"}],"twitter_card":"summary_large_image","twitter_site":"@ENEaudio","twitter_misc":{"Tiempo de lectura":"3 minutos"},"schema":{"@context":"https:\/\/schema.org","@graph":[{"@type":"WebPage","@id":"https:\/\/eneaudio.edu.co\/somos\/docentes\/carlos-pena\/","url":"https:\/\/eneaudio.edu.co\/somos\/docentes\/carlos-pena\/","name":"Carlos Pe\u00f1a - Instituto ENE Audio","isPartOf":{"@id":"https:\/\/eneaudio.edu.co\/#website"},"primaryImageOfPage":{"@id":"https:\/\/eneaudio.edu.co\/somos\/docentes\/carlos-pena\/#primaryimage"},"image":{"@id":"https:\/\/eneaudio.edu.co\/somos\/docentes\/carlos-pena\/#primaryimage"},"thumbnailUrl":"https:\/\/eneaudio.edu.co\/wp-content\/uploads\/2025\/03\/carlos-andres-pena-gil.png","datePublished":"2025-05-07T18:26:22+00:00","dateModified":"2025-08-08T20:34:45+00:00","breadcrumb":{"@id":"https:\/\/eneaudio.edu.co\/somos\/docentes\/carlos-pena\/#breadcrumb"},"inLanguage":"es","potentialAction":[{"@type":"ReadAction","target":["https:\/\/eneaudio.edu.co\/somos\/docentes\/carlos-pena\/"]}]},{"@type":"ImageObject","inLanguage":"es","@id":"https:\/\/eneaudio.edu.co\/somos\/docentes\/carlos-pena\/#primaryimage","url":"https:\/\/eneaudio.edu.co\/wp-content\/uploads\/2025\/03\/carlos-andres-pena-gil.png","contentUrl":"https:\/\/eneaudio.edu.co\/wp-content\/uploads\/2025\/03\/carlos-andres-pena-gil.png","width":625,"height":625,"caption":"Carlos Pe\u00f1a, ingeniero de sonido y docente de ENE Audio especializado en mezcla en vivo y sistemas de RF."},{"@type":"BreadcrumbList","@id":"https:\/\/eneaudio.edu.co\/somos\/docentes\/carlos-pena\/#breadcrumb","itemListElement":[{"@type":"ListItem","position":1,"name":"Portada","item":"https:\/\/eneaudio.edu.co\/"},{"@type":"ListItem","position":2,"name":"SOMOS","item":"https:\/\/eneaudio.edu.co\/index.php\/somos\/"},{"@type":"ListItem","position":3,"name":"Docentes","item":"https:\/\/eneaudio.edu.co\/indexphp\/somos\/docentes\/"},{"@type":"ListItem","position":4,"name":"Carlos Pe\u00f1a"}]},{"@type":"WebSite","@id":"https:\/\/eneaudio.edu.co\/#website","url":"https:\/\/eneaudio.edu.co\/","name":"Instituto ENE Audio","description":"Educaci\u00f3n T\u00e9cnica en Audio y Sonido - Educaci\u00f3n Continua","publisher":{"@id":"https:\/\/eneaudio.edu.co\/#organization"},"alternateName":"ENE Audio","potentialAction":[{"@type":"SearchAction","target":{"@type":"EntryPoint","urlTemplate":"https:\/\/eneaudio.edu.co\/?s={search_term_string}"},"query-input":{"@type":"PropertyValueSpecification","valueRequired":true,"valueName":"search_term_string"}}],"inLanguage":"es"},{"@type":"Organization","@id":"https:\/\/eneaudio.edu.co\/#organization","name":"Instituto ENE Audio","url":"https:\/\/eneaudio.edu.co\/","logo":{"@type":"ImageObject","inLanguage":"es","@id":"https:\/\/eneaudio.edu.co\/#\/schema\/logo\/image\/","url":"https:\/\/eneaudio.edu.co\/wp-content\/uploads\/2023\/08\/eneaudio-logo-inicio-05.png","contentUrl":"https:\/\/eneaudio.edu.co\/wp-content\/uploads\/2023\/08\/eneaudio-logo-inicio-05.png","width":364,"height":60,"caption":"Instituto ENE Audio"},"image":{"@id":"https:\/\/eneaudio.edu.co\/#\/schema\/logo\/image\/"},"sameAs":["https:\/\/www.facebook.com\/institutoeneaudio","https:\/\/x.com\/ENEaudio","https:\/\/www.instagram.com\/eneaudio\/","https:\/\/www.youtube.com\/account_advanced","https:\/\/www.tiktok.com\/@eneaudio"]}]}},"jetpack_sharing_enabled":true,"jetpack-related-posts":[{"id":3286,"url":"https:\/\/eneaudio.edu.co\/indexphp\/cursos-y-talleres\/taller-medicion-de-loudness-para-audiovisuales-online\/","url_meta":{"origin":5776,"position":0},"title":"Taller de Medici\u00f3n de Loudness para Audiovisuales &#8211; ONLINE","author":"admin","date":"5 de septiembre de 2024","format":false,"excerpt":"","rel":"","context":"Entrada similar","block_context":{"text":"Entrada similar","link":""},"img":{"alt_text":"","src":"","width":0,"height":0},"classes":[]},{"id":3368,"url":"https:\/\/eneaudio.edu.co\/indexphp\/cursos-y-talleres\/taller-de-limpieza-de-audio-en-izotope-rx-online\/","url_meta":{"origin":5776,"position":1},"title":"Taller de Limpieza de Audio en iZotope RX &#8211; ONLINE","author":"admin","date":"10 de septiembre de 2024","format":false,"excerpt":"","rel":"","context":"Entrada similar","block_context":{"text":"Entrada similar","link":""},"img":{"alt_text":"","src":"","width":0,"height":0},"classes":[]},{"id":7787,"url":"https:\/\/eneaudio.edu.co\/taller-mastering-de-audio-profesional-flujo-de-trabajo-digital-e-hibrido-presencial\/","url_meta":{"origin":5776,"position":2},"title":"Taller Mastering de Audio Profesional Flujo de Trabajo Digital e H\u00edbrido &#8211; PRESENCIAL","author":"admin","date":"22 de abril de 2026","format":false,"excerpt":"","rel":"","context":"Entrada similar","block_context":{"text":"Entrada similar","link":""},"img":{"alt_text":"","src":"","width":0,"height":0},"classes":[]},{"id":7900,"url":"https:\/\/eneaudio.edu.co\/taller-creatividad-en-ableton-live-online\/","url_meta":{"origin":5776,"position":3},"title":"Taller Creatividad en Ableton Live &#8211; ONLINE","author":"admin","date":"30 de abril de 2026","format":false,"excerpt":"","rel":"","context":"Entrada similar","block_context":{"text":"Entrada similar","link":""},"img":{"alt_text":"","src":"","width":0,"height":0},"classes":[]},{"id":5952,"url":"https:\/\/eneaudio.edu.co\/indexphp\/borrador-automatico\/","url_meta":{"origin":5776,"position":4},"title":"Borrador autom\u00e1tico","author":"admin","date":"17 de junio de 2025","format":false,"excerpt":"","rel":"","context":"Entrada similar","block_context":{"text":"Entrada similar","link":""},"img":{"alt_text":"","src":"","width":0,"height":0},"classes":[]},{"id":3605,"url":"https:\/\/eneaudio.edu.co\/indexphp\/post-produccion\/","url_meta":{"origin":5776,"position":5},"title":"Cursos y talleres pagina borrador","author":"admin","date":"5 de octubre de 2024","format":false,"excerpt":"","rel":"","context":"Entrada similar","block_context":{"text":"Entrada similar","link":""},"img":{"alt_text":"","src":"","width":0,"height":0},"classes":[]}],"_links":{"self":[{"href":"https:\/\/eneaudio.edu.co\/index.php\/wp-json\/wp\/v2\/pages\/5776","targetHints":{"allow":["GET"]}}],"collection":[{"href":"https:\/\/eneaudio.edu.co\/index.php\/wp-json\/wp\/v2\/pages"}],"about":[{"href":"https:\/\/eneaudio.edu.co\/index.php\/wp-json\/wp\/v2\/types\/page"}],"author":[{"embeddable":true,"href":"https:\/\/eneaudio.edu.co\/index.php\/wp-json\/wp\/v2\/users\/1"}],"replies":[{"embeddable":true,"href":"https:\/\/eneaudio.edu.co\/index.php\/wp-json\/wp\/v2\/comments?post=5776"}],"version-history":[{"count":5,"href":"https:\/\/eneaudio.edu.co\/index.php\/wp-json\/wp\/v2\/pages\/5776\/revisions"}],"predecessor-version":[{"id":6523,"href":"https:\/\/eneaudio.edu.co\/index.php\/wp-json\/wp\/v2\/pages\/5776\/revisions\/6523"}],"up":[{"embeddable":true,"href":"https:\/\/eneaudio.edu.co\/index.php\/wp-json\/wp\/v2\/pages\/557"}],"wp:attachment":[{"href":"https:\/\/eneaudio.edu.co\/index.php\/wp-json\/wp\/v2\/media?parent=5776"}],"curies":[{"name":"wp","href":"https:\/\/api.w.org\/{rel}","templated":true}]}}